{"id":1022,"date":"2021-11-12T08:21:28","date_gmt":"2021-11-12T05:21:28","guid":{"rendered":"https:\/\/beachhandballnews.com\/?page_id=1022"},"modified":"2021-11-20T22:50:36","modified_gmt":"2021-11-21T06:50:36","slug":"the-history-of-beach-handball","status":"publish","type":"page","link":"https:\/\/beachhandballnews.com\/da\/the-history-of-beach-handball\/","title":{"rendered":"Historien om Beach Handball"},"content":{"rendered":"<p>I l\u00f8bet af de sidste tre \u00e5rtier er strandh\u00e5ndbold blevet meget popul\u00e6rt. Fra dens opst\u00e5en i Italien i begyndelsen af 1990'erne til dens optr\u00e6den ved de Olympiske Ungdomslege i 2018 er folk over hele verden kommet til at elske denne hurtige sport. Dens voksende fanbase har store m\u00e5l, og mange h\u00e5ber, at den snart vil blive tilf\u00f8jet til det olympiske seniorprogram.&nbsp;<\/p>\n\n\n\n<p>Nu hvor beachh\u00e5ndbold er i fokus internationalt, har der aldrig v\u00e6ret et bedre tidspunkt at interessere sig for det. Dens opstigning fra et trendy spil p\u00e5 Italiens strande til den olympiske scene er virkelig en af de seneste \u00e5rs mest utrolige sportshistorier.&nbsp;<\/p>\n\n\n\n<p><strong>Begyndelsen p\u00e5 en ny sport<\/strong><\/p>\n\n\n\n<p>Simonetta Montagni, en italiensk h\u00e5ndboldtr\u00e6ner, var en af de f\u00f8rste til at erkende, at h\u00e5ndbold p\u00e5 stranden kunne g\u00f8re sporten mere attraktiv. Inspireret af den enorme popularitet af beachvolleyball i slutningen af 1980'erne begyndte han at tilpasse spillereglerne til sand.&nbsp;<\/p>\n\n\n\n<p>I mellemtiden overvejede andre spillere i hele Italien ogs\u00e5 muligheden for at bringe h\u00e5ndbold til stranden.&nbsp;&nbsp;<\/p>\n\n\n\n<p>For Gianni Buttarelli og Franco Schiano var n\u00f8dvendigheden opfinderens moder. De var form\u00e6nd for lokale h\u00e5ndboldklubber p\u00e5 \u00f8en Ponzo, et samfund med kun 3000 indbyggere ud for Sardiniens kyst, som blev mere og mere frustrerede over manglen p\u00e5 baner. De inds\u00e5 ogs\u00e5, at det at spille p\u00e5 stranden kunne skabe nye muligheder for at \u00f8ge h\u00e5ndboldens popularitet.&nbsp;<\/p>\n\n\n\n<p>I 1990 begyndte Luciano Bartolini at udarbejde det f\u00f8rste s\u00e6t regler for spillet p\u00e5 anmodning af den nyvalgte pr\u00e6sident for det italienske h\u00e5ndboldforbund. Bartolini benyttede sig af de allerede eksisterende beachvolleyballbaner og tilpassede spillets regler til at passe ind i deres dimensioner. Hans koncept anvendte tre spillere pr. hold plus en m\u00e5lmand og gjorde udskiftningsomr\u00e5det lige s\u00e5 stort som banen.&nbsp;<\/p>\n\n\n\n<p><strong>Anerkendelse fra IHF<\/strong><\/p>\n\n\n\n<p>Den f\u00f8rste demonstrationskamp i strandh\u00e5ndbold blev spillet i Misano Adriatico i 1992, og senere samme \u00e5r blev den f\u00f8rste turnering afholdt p\u00e5 Ponzo. En international turnering fulgte snart efter, hvor andre lande i Europa, som ogs\u00e5 var begyndt at spille h\u00e5ndbold p\u00e5 sand, herunder Holland, Tyskland, Portugal og Rusland, konkurrerede mod italienske hold i Teramo.&nbsp;<\/p>\n\n\n\n<p>Ralf Dejaco, pr\u00e6sidenten for det italienske h\u00e5ndboldforbund, ledede kampagnen for at f\u00e5 anerkendt beachh\u00e5ndbold som en sport med finansiel st\u00f8tte fra Italiens Olympiske Komit\u00e9. P\u00e5 et m\u00f8de i Formia blev repr\u00e6sentanter for det hollandske og det italienske h\u00e5ndboldforbund enige om et f\u00e6lles regels\u00e6t, og i maj 1994 anerkendte det internationale h\u00e5ndboldforbund officielt beachh\u00e5ndbold.&nbsp;<\/p>\n\n\n\n<p><strong>Voksende international popularitet&nbsp;<\/strong><\/p>\n\n\n\n<p>I oktober 1995 nedsatte det europ\u00e6iske h\u00e5ndboldforbund en arbejdsgruppe for strandh\u00e5ndbold med repr\u00e6sentanter fra \u00d8strig, Italien, Nederlandene og Spanien for at forts\u00e6tte med at teste og \u00e6ndre spillemetoden. Nogle m\u00e5neder senere blev der dannet en international gruppe i erkendelse af spillets stigende popularitet i Sydamerika.&nbsp;<\/p>\n\n\n\n<p>I 1997 blev der spillet strandh\u00e5ndbold i hele Europa, og der blev afholdt en kalender med begivenheder p\u00e5 hele kontinentet. Snart blev der oprettet kurser for tr\u00e6nere og dommere i beachh\u00e5ndbold, hvilket yderligere slog sportens voksende popularitet fast.&nbsp;<\/p>\n\n\n\n<p>De f\u00f8rste panamerikanske mesterskaber for m\u00e6nd fandt sted i 1998, og to \u00e5r senere fulgte de f\u00f8rste europ\u00e6iske mesterskaber. I 2003 blev European Beach Handball Tour etableret, og \u00e5ret efter blev de f\u00f8rste verdensmesterskaber afholdt i El Gouna. I l\u00f8bet af det n\u00e6ste \u00e5rti blev der afholdt yderligere konkurrencer i Amerika, Europa og Asien.&nbsp;<\/p>\n\n\n\n<p>I begyndelsen af 2010'erne fik sporten ny popularitet blandt b\u00f8rn og unge, da der blev tilf\u00f8jet yngre alderskategorier til EURO-mesterskaberne.&nbsp;<\/p>\n\n\n\n<p><strong>Olympiske dr\u00f8mme&nbsp;<\/strong><\/p>\n\n\n\n<p>Beachh\u00e5ndbold forts\u00e6tter med at vokse i popularitet, og internationale konkurrencer tiltr\u00e6kker snesevis af hold fra hele verden og titusindvis af fans.&nbsp;<\/p>\n\n\n\n<p>I 2019 tiltrak PGNiG Sumer Superliga, som det polske h\u00e5ndboldforbund har v\u00e6ret v\u00e6rt for siden 2017, 1.000 atleter fra otte lande, som deltog i tre forskellige turneringer. Den fangede ogs\u00e5 opm\u00e6rksomhed fra mere end 80.000 fans fra hele verden.&nbsp;<\/p>\n\n\n\n<p>ANOC World Beach Games, der blev oprettet i 2019 af Association of National Olympic Committees, har ogs\u00e5 beachh\u00e5ndbold p\u00e5 programmet. Ved det f\u00f8rste arrangement deltog 12 herre- og 12 kvindehold, der repr\u00e6senterede lande fra fem kontinenter og bekr\u00e6ftede den internationale interesse for beachh\u00e5ndbold.&nbsp;<\/p>\n\n\n\n<p>Sportens m\u00e5ske mest profilerede turnering til dato har v\u00e6ret de olympiske ungdomsspil i 2018. Mere end 200 unge atleter fra 15 lande deltog i Buenos Ares, hvilket tiltrak international opm\u00e6rksomhed og skaffede nye fans til sporten. Beachh\u00e5ndbolds OL-debut ved ungdoms-OL skabte ogs\u00e5 yderligere interesse for at tilf\u00f8je sporten til det olympiske seniorprogram.&nbsp;<\/p>\n\n\n\n<p>Den 11. februar 2020 indgav IHF en formel anmodning til Den Internationale Olympiske Komit\u00e9 om at f\u00e5 beachh\u00e5ndbold med til de olympiske sommerlege i Paris, Frankrig, i 2024. Mens IOC i sidste ende besluttede ikke at medtage det ved legene i 2024 som f\u00f8lge af COVID-19-pandemien, er der stadig h\u00e5b om, at det kan blive medtaget i 2028 ved de olympiske lege i Los Angeles. IOC bem\u00e6rkede is\u00e6r sportens voksende popularitet og dens succes ved de olympiske ungdomslege i 2018.&nbsp;<\/p>\n\n\n\n<p><strong>Fremtiden for Beach Handball&nbsp;<\/strong><\/p>\n\n\n\n<p>Selv om fans ikke f\u00e5r beachh\u00e5ndbold at se ved legene i Paris i 2024, er der stadig nogle store turneringer, som de kan se frem til.&nbsp;<\/p>\n\n\n\n<p>VM i beachh\u00e5ndbold for m\u00e6nd og kvinder i 2022 og VM i beachh\u00e5ndbold for unge vil blive offentliggjort i november 2021. Snesevis af hold fra hele verden forventes at deltage i konkurrencen.&nbsp;&nbsp;<\/p>\n\n\n\n<p>World Games i Birmingham, USA, i juli 2022 vil for fjerde gang v\u00e6re pr\u00e6get af beachh\u00e5ndbold, mens de olympiske ungdomsspil i Dakar 2026 (oprindeligt planlagt til 2022) ogs\u00e5 igen vil v\u00e6re pr\u00e6get af sporten. Begge disse begivenheder vil sandsynligvis g\u00f8re beachh\u00e5ndbold endnu mere popul\u00e6rt og tiltr\u00e6kke nye fans til beachh\u00e5ndbold.<\/p>\n\n\n\n<p>Beachh\u00e5ndboldsporten er kommet langt fra sin oprindelse p\u00e5 en lille \u00f8 i Italien. Den spilles nu rundt om i verden af tusindvis af atleter, der repr\u00e6senterer forskellige lande, aldersgrupper og niveauer af spil. Fremtiden for sporten ser lys ud, da h\u00f8jprofilerede konkurrencer og olympiske ambitioner tiltr\u00e6kker nye fans fra hele verden til sporten.&nbsp;<\/p>","protected":false},"excerpt":{"rendered":"<p>Over the last three decades, beach handball has exploded in popularity. From its emergence in Italy in the early 1990s to its appearance at the 2018 Youth Olympic Games, people [&hellip;]<\/p>\n","protected":false},"author":6,"featured_media":1023,"parent":0,"menu_order":0,"comment_status":"closed","ping_status":"closed","template":"","meta":{"content-type":"","footnotes":""},"class_list":["post-1022","page","type-page","status-publish","has-post-thumbnail","hentry"],"yoast_head":"<!-- This site is optimized with the Yoast SEO Premium plugin v17.8 (Yoast SEO v27.5) - https:\/\/yoast.com\/product\/yoast-seo-premium-wordpress\/ -->\n<title>The History of Beach Handball - Beach Handball News<\/title>\n<meta name=\"robots\" content=\"index, follow, max-snippet:-1, max-image-preview:large, max-video-preview:-1\" \/>\n<link rel=\"canonical\" href=\"https:\/\/beachhandballnews.com\/da\/the-history-of-beach-handball\/\" \/>\n<meta property=\"og:locale\" content=\"da_DK\" \/>\n<meta property=\"og:type\" content=\"article\" \/>\n<meta property=\"og:title\" content=\"The History of Beach Handball\" \/>\n<meta property=\"og:description\" content=\"Over the last three decades, beach handball has exploded in popularity. From its emergence in Italy in the early 1990s to its appearance at the 2018 Youth Olympic Games, people [&hellip;]\" \/>\n<meta property=\"og:url\" content=\"https:\/\/beachhandballnews.com\/da\/the-history-of-beach-handball\/\" \/>\n<meta property=\"og:site_name\" content=\"Beach Handball News\" \/>\n<meta property=\"article:publisher\" content=\"https:\/\/www.facebook.com\/beachhandballnews\" \/>\n<meta property=\"article:modified_time\" content=\"2021-11-21T06:50:36+00:00\" \/>\n<meta property=\"og:image\" content=\"https:\/\/beachhandballnews.com\/wp-content\/uploads\/2021\/11\/handball_1400.jpg\" \/>\n\t<meta property=\"og:image:width\" content=\"1400\" \/>\n\t<meta property=\"og:image:height\" content=\"933\" \/>\n\t<meta property=\"og:image:type\" content=\"image\/jpeg\" \/>\n<meta name=\"twitter:card\" content=\"summary_large_image\" \/>\n<meta name=\"twitter:site\" content=\"@beachandbalnews\" \/>\n<meta name=\"twitter:label1\" content=\"Estimeret l\u00e6setid\" \/>\n\t<meta name=\"twitter:data1\" content=\"5 minutter\" \/>\n<script type=\"application\/ld+json\" class=\"yoast-schema-graph\">{\"@context\":\"https:\\\/\\\/schema.org\",\"@graph\":[{\"@type\":\"WebPage\",\"@id\":\"https:\\\/\\\/beachhandballnews.com\\\/the-history-of-beach-handball\\\/\",\"url\":\"https:\\\/\\\/beachhandballnews.com\\\/the-history-of-beach-handball\\\/\",\"name\":\"The History of Beach Handball - Beach Handball News\",\"isPartOf\":{\"@id\":\"https:\\\/\\\/beachhandballnews.com\\\/#website\"},\"primaryImageOfPage\":{\"@id\":\"https:\\\/\\\/beachhandballnews.com\\\/the-history-of-beach-handball\\\/#primaryimage\"},\"image\":{\"@id\":\"https:\\\/\\\/beachhandballnews.com\\\/the-history-of-beach-handball\\\/#primaryimage\"},\"thumbnailUrl\":\"https:\\\/\\\/beachhandballnews.com\\\/wp-content\\\/uploads\\\/2021\\\/11\\\/handball_1400.jpg\",\"datePublished\":\"2021-11-12T05:21:28+00:00\",\"dateModified\":\"2021-11-21T06:50:36+00:00\",\"breadcrumb\":{\"@id\":\"https:\\\/\\\/beachhandballnews.com\\\/the-history-of-beach-handball\\\/#breadcrumb\"},\"inLanguage\":\"da-DK\",\"potentialAction\":[{\"@type\":\"ReadAction\",\"target\":[\"https:\\\/\\\/beachhandballnews.com\\\/the-history-of-beach-handball\\\/\"]}]},{\"@type\":\"ImageObject\",\"inLanguage\":\"da-DK\",\"@id\":\"https:\\\/\\\/beachhandballnews.com\\\/the-history-of-beach-handball\\\/#primaryimage\",\"url\":\"https:\\\/\\\/beachhandballnews.com\\\/wp-content\\\/uploads\\\/2021\\\/11\\\/handball_1400.jpg\",\"contentUrl\":\"https:\\\/\\\/beachhandballnews.com\\\/wp-content\\\/uploads\\\/2021\\\/11\\\/handball_1400.jpg\",\"width\":1400,\"height\":933,\"caption\":\"BUENOS AIRES, ARGENTINA - OCTOBER 13: Lynn Klesserof Netherlands takes a shot during a Women's Bronze Medal Match during day 7 of Buenos Aires 2018 Youth Olympic Games at Green Park on October 13, 2018 in Buenos Aires, Argentina. (Photo by Marcelo Endelli\\\/Getty Images)\"},{\"@type\":\"BreadcrumbList\",\"@id\":\"https:\\\/\\\/beachhandballnews.com\\\/the-history-of-beach-handball\\\/#breadcrumb\",\"itemListElement\":[{\"@type\":\"ListItem\",\"position\":1,\"name\":\"Home\",\"item\":\"https:\\\/\\\/beachhandballnews.com\\\/\"},{\"@type\":\"ListItem\",\"position\":2,\"name\":\"The History of Beach Handball\"}]},{\"@type\":\"WebSite\",\"@id\":\"https:\\\/\\\/beachhandballnews.com\\\/#website\",\"url\":\"https:\\\/\\\/beachhandballnews.com\\\/\",\"name\":\"Beach Handball News\",\"description\":\"Coming Soon\",\"publisher\":{\"@id\":\"https:\\\/\\\/beachhandballnews.com\\\/#organization\"},\"potentialAction\":[{\"@type\":\"SearchAction\",\"target\":{\"@type\":\"EntryPoint\",\"urlTemplate\":\"https:\\\/\\\/beachhandballnews.com\\\/?s={search_term_string}\"},\"query-input\":{\"@type\":\"PropertyValueSpecification\",\"valueRequired\":true,\"valueName\":\"search_term_string\"}}],\"inLanguage\":\"da-DK\"},{\"@type\":\"Organization\",\"@id\":\"https:\\\/\\\/beachhandballnews.com\\\/#organization\",\"name\":\"Beach Handball News\",\"url\":\"https:\\\/\\\/beachhandballnews.com\\\/\",\"logo\":{\"@type\":\"ImageObject\",\"inLanguage\":\"da-DK\",\"@id\":\"https:\\\/\\\/beachhandballnews.com\\\/#\\\/schema\\\/logo\\\/image\\\/\",\"url\":\"https:\\\/\\\/beachhandballnews.com\\\/wp-content\\\/uploads\\\/2022\\\/01\\\/wordpress-logo-bhn-footer.png\",\"contentUrl\":\"https:\\\/\\\/beachhandballnews.com\\\/wp-content\\\/uploads\\\/2022\\\/01\\\/wordpress-logo-bhn-footer.png\",\"width\":152,\"height\":80,\"caption\":\"Beach Handball News\"},\"image\":{\"@id\":\"https:\\\/\\\/beachhandballnews.com\\\/#\\\/schema\\\/logo\\\/image\\\/\"},\"sameAs\":[\"https:\\\/\\\/www.facebook.com\\\/beachhandballnews\",\"https:\\\/\\\/x.com\\\/beachandbalnews\",\"https:\\\/\\\/www.instagram.com\\\/beachhandballnews\\\/\",\"https:\\\/\\\/www.linkedin.com\\\/company\\\/beach-handball-news\"]}]}<\/script>\n<!-- \/ Yoast SEO Premium plugin. -->","yoast_head_json":{"title":"Beach Handballs historie - Beach Handball News","robots":{"index":"index","follow":"follow","max-snippet":"max-snippet:-1","max-image-preview":"max-image-preview:large","max-video-preview":"max-video-preview:-1"},"canonical":"https:\/\/beachhandballnews.com\/da\/the-history-of-beach-handball\/","og_locale":"da_DK","og_type":"article","og_title":"The History of Beach Handball","og_description":"Over the last three decades, beach handball has exploded in popularity. From its emergence in Italy in the early 1990s to its appearance at the 2018 Youth Olympic Games, people [&hellip;]","og_url":"https:\/\/beachhandballnews.com\/da\/the-history-of-beach-handball\/","og_site_name":"Beach Handball News","article_publisher":"https:\/\/www.facebook.com\/beachhandballnews","article_modified_time":"2021-11-21T06:50:36+00:00","og_image":[{"width":1400,"height":933,"url":"https:\/\/beachhandballnews.com\/wp-content\/uploads\/2021\/11\/handball_1400.jpg","type":"image\/jpeg"}],"twitter_card":"summary_large_image","twitter_site":"@beachandbalnews","twitter_misc":{"Estimeret l\u00e6setid":"5 minutter"},"schema":{"@context":"https:\/\/schema.org","@graph":[{"@type":"WebPage","@id":"https:\/\/beachhandballnews.com\/the-history-of-beach-handball\/","url":"https:\/\/beachhandballnews.com\/the-history-of-beach-handball\/","name":"Beach Handballs historie - Beach Handball News","isPartOf":{"@id":"https:\/\/beachhandballnews.com\/#website"},"primaryImageOfPage":{"@id":"https:\/\/beachhandballnews.com\/the-history-of-beach-handball\/#primaryimage"},"image":{"@id":"https:\/\/beachhandballnews.com\/the-history-of-beach-handball\/#primaryimage"},"thumbnailUrl":"https:\/\/beachhandballnews.com\/wp-content\/uploads\/2021\/11\/handball_1400.jpg","datePublished":"2021-11-12T05:21:28+00:00","dateModified":"2021-11-21T06:50:36+00:00","breadcrumb":{"@id":"https:\/\/beachhandballnews.com\/the-history-of-beach-handball\/#breadcrumb"},"inLanguage":"da-DK","potentialAction":[{"@type":"ReadAction","target":["https:\/\/beachhandballnews.com\/the-history-of-beach-handball\/"]}]},{"@type":"ImageObject","inLanguage":"da-DK","@id":"https:\/\/beachhandballnews.com\/the-history-of-beach-handball\/#primaryimage","url":"https:\/\/beachhandballnews.com\/wp-content\/uploads\/2021\/11\/handball_1400.jpg","contentUrl":"https:\/\/beachhandballnews.com\/wp-content\/uploads\/2021\/11\/handball_1400.jpg","width":1400,"height":933,"caption":"BUENOS AIRES, ARGENTINA - OCTOBER 13: Lynn Klesserof Netherlands takes a shot during a Women's Bronze Medal Match during day 7 of Buenos Aires 2018 Youth Olympic Games at Green Park on October 13, 2018 in Buenos Aires, Argentina. (Photo by Marcelo Endelli\/Getty Images)"},{"@type":"BreadcrumbList","@id":"https:\/\/beachhandballnews.com\/the-history-of-beach-handball\/#breadcrumb","itemListElement":[{"@type":"ListItem","position":1,"name":"Home","item":"https:\/\/beachhandballnews.com\/"},{"@type":"ListItem","position":2,"name":"The History of Beach Handball"}]},{"@type":"WebSite","@id":"https:\/\/beachhandballnews.com\/#website","url":"https:\/\/beachhandballnews.com\/","name":"Nyheder om strandh\u00e5ndbold","description":"Kommer snart","publisher":{"@id":"https:\/\/beachhandballnews.com\/#organization"},"potentialAction":[{"@type":"SearchAction","target":{"@type":"EntryPoint","urlTemplate":"https:\/\/beachhandballnews.com\/?s={search_term_string}"},"query-input":{"@type":"PropertyValueSpecification","valueRequired":true,"valueName":"search_term_string"}}],"inLanguage":"da-DK"},{"@type":"Organization","@id":"https:\/\/beachhandballnews.com\/#organization","name":"Nyheder om strandh\u00e5ndbold","url":"https:\/\/beachhandballnews.com\/","logo":{"@type":"ImageObject","inLanguage":"da-DK","@id":"https:\/\/beachhandballnews.com\/#\/schema\/logo\/image\/","url":"https:\/\/beachhandballnews.com\/wp-content\/uploads\/2022\/01\/wordpress-logo-bhn-footer.png","contentUrl":"https:\/\/beachhandballnews.com\/wp-content\/uploads\/2022\/01\/wordpress-logo-bhn-footer.png","width":152,"height":80,"caption":"Beach Handball News"},"image":{"@id":"https:\/\/beachhandballnews.com\/#\/schema\/logo\/image\/"},"sameAs":["https:\/\/www.facebook.com\/beachhandballnews","https:\/\/x.com\/beachandbalnews","https:\/\/www.instagram.com\/beachhandballnews\/","https:\/\/www.linkedin.com\/company\/beach-handball-news"]}]}},"_links":{"self":[{"href":"https:\/\/beachhandballnews.com\/da\/wp-json\/wp\/v2\/pages\/1022","targetHints":{"allow":["GET"]}}],"collection":[{"href":"https:\/\/beachhandballnews.com\/da\/wp-json\/wp\/v2\/pages"}],"about":[{"href":"https:\/\/beachhandballnews.com\/da\/wp-json\/wp\/v2\/types\/page"}],"author":[{"embeddable":true,"href":"https:\/\/beachhandballnews.com\/da\/wp-json\/wp\/v2\/users\/6"}],"replies":[{"embeddable":true,"href":"https:\/\/beachhandballnews.com\/da\/wp-json\/wp\/v2\/comments?post=1022"}],"version-history":[{"count":0,"href":"https:\/\/beachhandballnews.com\/da\/wp-json\/wp\/v2\/pages\/1022\/revisions"}],"wp:featuredmedia":[{"embeddable":true,"href":"https:\/\/beachhandballnews.com\/da\/wp-json\/wp\/v2\/media\/1023"}],"wp:attachment":[{"href":"https:\/\/beachhandballnews.com\/da\/wp-json\/wp\/v2\/media?parent=1022"}],"curies":[{"name":"wp","href":"https:\/\/api.w.org\/{rel}","templated":true}]}}