{"id":269,"date":"2021-09-19T21:06:59","date_gmt":"2021-09-19T18:06:59","guid":{"rendered":"https:\/\/beachhandballnews.com\/?page_id=269"},"modified":"2022-09-12T11:28:49","modified_gmt":"2022-09-12T18:28:49","slug":"purpose","status":"publish","type":"page","link":"https:\/\/beachhandballnews.com\/da\/purpose\/","title":{"rendered":"Forening af mennesker"},"content":{"rendered":"<p><strong>Vores mission er enkel:<\/strong> At forene samfund rundt om i verden gennem sport, kultur og unikke oplevelser.<\/p>\n\n\n\n<p><strong>Hvorfor?<\/strong> Fordi <span style=\"color:#98261f\" class=\"has-inline-color\">vi elsker strandh\u00e5ndbold<\/span>s\u00e5 enkelt er det. Vi mener, at Beach Handball er en sport, som verden kan tage til sig og virkelig v\u00e6rds\u00e6tte alt fra kulturerne, til folket og til de smukke strande, hvor den spilles.<\/p>\n\n\n\n<p>Men det kan kr\u00e6ve en stor indsats at f\u00f8lge sporten. Det betyder, at man skal s\u00f8ge p\u00e5 flere sprog og f\u00f8lge hundredvis af konti p\u00e5 de sociale medier. Desuden har hver turnering sin egen m\u00e5de at skabe en fanoplevelse p\u00e5, s\u00e5 det kan v\u00e6re sv\u00e6rt at nyde kampene og l\u00e6re mere om vores favorithold.<\/p>\n\n\n\n<p>Hvis det var lettere at v\u00e6re fan af strandh\u00e5ndbold, kunne endnu flere mennesker blive en del af dette fantastiske f\u00e6llesskab. Vi t\u00e6nkte, at det ville v\u00e6re fantastisk, hvis der var et sted, hvor folk fra hele verden, der elsker strandh\u00e5ndbold, kunne komme i kontakt med lokale og internationale spillere og hold og finde nyheder og turneringsopdateringer p\u00e5 et sprog, de forst\u00e5r.<\/p>\n\n\n\n<p>S\u00e5 vi startede en <a href=\"https:\/\/www.instagram.com\/beachhandballnews\/\" target=\"_blank\" rel=\"noreferrer noopener\">Instagram-side<\/a> hvor vi kunne dele globalt indhold om strandh\u00e5ndbold og bringe spillere og fans sammen. Det voksede hurtigt, og snart havde vi en gruppe meget engagerede f\u00f8lgere, som var begejstrede for fremtiden for strandh\u00e5ndbold. Det var en god start, men vi vidste, at vi kunne g\u00f8re mere, s\u00e5 vi skabte dette websted for at tage vores brand til det n\u00e6ste niveau.<\/p>\n\n\n\n<p><strong>Hvordan?<\/strong> Vores websted er hjemsted for et globalt f\u00e6llesskab af mennesker, der elsker strandh\u00e5ndbold. Her finder du indhold, der er skabt i samarbejde med spillere, nyheder om dine yndlingshold og en gruppe af mennesker, der deler din k\u00e6rlighed til strandh\u00e5ndbold. Du kan endda indsende dit eget indhold for at blive pr\u00e6senteret!<\/p>\n\n\n\n<p>Alle er velkomne her, og vi gl\u00e6der os til at se dette f\u00e6llesskab vokse med hj\u00e6lp fra de fans, spillere og hold, der g\u00f8r denne sport fantastisk.<\/p>\n\n\n\n<p>Tak, fordi du er en del af f\u00e6llesskabet.<\/p>\n\n\n\n<p><\/p>\n\n\n\n<h2 class=\"wp-block-heading\" id=\"h-community-leaders\">F\u00e6llesskabets ledere<\/h2>\n\n\n\n<p>Beach Handball News er intet uden de personer, der l\u00e6gger utallige timer i at hj\u00e6lpe den med at n\u00e5 sit fulde potentiale, fordi de ser potentialet i det, vi kan opbygge sammen. Hvis du er interesseret i at v\u00e6re en leder i f\u00e6llesskabet, bedes du kontakte os om en rolle, du kan se dig selv udfylde. Vi er altid p\u00e5 udkig efter nye m\u00e5der at udvide vores team p\u00e5.<\/p>\n\n\n\n<figure id=\"community-leaders\" class=\"wp-block-table is-style-regular has-medium-font-size\"><table><thead><tr><th><\/th><th class=\"has-text-align-left\" data-align=\"left\">Navn<\/th><th class=\"has-text-align-left\" data-align=\"left\">Land<\/th><th class=\"has-text-align-left\" data-align=\"left\">Titel<\/th><\/tr><\/thead><tbody><tr><td><img decoding=\"async\" width=\"150\" height=\"147\" class=\"wp-image-19307 lazyload\" style=\"--smush-placeholder-width: 150px; --smush-placeholder-aspect-ratio: 150\/147;width: 150px;\" data-src=\"https:\/\/beachhandballnews.com\/wp-content\/uploads\/2022\/09\/Eduardo-Villasana.png\" alt=\"Eduardo Villasana\" data-srcset=\"https:\/\/beachhandballnews.com\/wp-content\/uploads\/2022\/09\/Eduardo-Villasana.png 1342w, https:\/\/beachhandballnews.com\/wp-content\/uploads\/2022\/09\/Eduardo-Villasana-300x293.png 300w, https:\/\/beachhandballnews.com\/wp-content\/uploads\/2022\/09\/Eduardo-Villasana-1024x1001.png 1024w, https:\/\/beachhandballnews.com\/wp-content\/uploads\/2022\/09\/Eduardo-Villasana-768x751.png 768w, https:\/\/beachhandballnews.com\/wp-content\/uploads\/2022\/09\/Eduardo-Villasana-12x12.png 12w\" data-sizes=\"(max-width: 150px) 100vw, 150px\" src=\"data:image\/svg+xml;base64,PHN2ZyB3aWR0aD0iMSIgaGVpZ2h0PSIxIiB4bWxucz0iaHR0cDovL3d3dy53My5vcmcvMjAwMC9zdmciPjwvc3ZnPg==\" \/><\/td><td class=\"has-text-align-left\" data-align=\"left\">Eduardo Villasana<\/td><td class=\"has-text-align-left\" data-align=\"left\">Mexico<\/td><td class=\"has-text-align-left\" data-align=\"left\">Podcast-producent<\/td><\/tr><tr><td><img decoding=\"async\" width=\"150\" height=\"136\" class=\"wp-image-19306 lazyload\" style=\"--smush-placeholder-width: 150px; --smush-placeholder-aspect-ratio: 150\/136;width: 150px;\" data-src=\"https:\/\/beachhandballnews.com\/wp-content\/uploads\/2022\/09\/Alan-Cisneros-Fierro.png\" alt=\"Alan Cisneros Fierro\" data-srcset=\"https:\/\/beachhandballnews.com\/wp-content\/uploads\/2022\/09\/Alan-Cisneros-Fierro.png 1310w, https:\/\/beachhandballnews.com\/wp-content\/uploads\/2022\/09\/Alan-Cisneros-Fierro-300x273.png 300w, https:\/\/beachhandballnews.com\/wp-content\/uploads\/2022\/09\/Alan-Cisneros-Fierro-1024x932.png 1024w, https:\/\/beachhandballnews.com\/wp-content\/uploads\/2022\/09\/Alan-Cisneros-Fierro-768x699.png 768w, https:\/\/beachhandballnews.com\/wp-content\/uploads\/2022\/09\/Alan-Cisneros-Fierro-13x12.png 13w\" data-sizes=\"(max-width: 150px) 100vw, 150px\" src=\"data:image\/svg+xml;base64,PHN2ZyB3aWR0aD0iMSIgaGVpZ2h0PSIxIiB4bWxucz0iaHR0cDovL3d3dy53My5vcmcvMjAwMC9zdmciPjwvc3ZnPg==\" \/><\/td><td class=\"has-text-align-left\" data-align=\"left\">Alan Cisneros Fierro<\/td><td class=\"has-text-align-left\" data-align=\"left\">Mexico<\/td><td class=\"has-text-align-left\" data-align=\"left\">Podcast-producent<\/td><\/tr><tr><td><img decoding=\"async\" width=\"150\" height=\"148\" class=\"wp-image-19333 lazyload\" style=\"--smush-placeholder-width: 150px; --smush-placeholder-aspect-ratio: 150\/148;width: 150px;\" data-src=\"https:\/\/beachhandballnews.com\/wp-content\/uploads\/2022\/09\/Alma-Richart.png\" alt=\"Alma Richart\" data-srcset=\"https:\/\/beachhandballnews.com\/wp-content\/uploads\/2022\/09\/Alma-Richart.png 866w, https:\/\/beachhandballnews.com\/wp-content\/uploads\/2022\/09\/Alma-Richart-300x296.png 300w, https:\/\/beachhandballnews.com\/wp-content\/uploads\/2022\/09\/Alma-Richart-768x757.png 768w, https:\/\/beachhandballnews.com\/wp-content\/uploads\/2022\/09\/Alma-Richart-12x12.png 12w, https:\/\/beachhandballnews.com\/wp-content\/uploads\/2022\/09\/Alma-Richart-80x80.png 80w\" data-sizes=\"(max-width: 150px) 100vw, 150px\" src=\"data:image\/svg+xml;base64,PHN2ZyB3aWR0aD0iMSIgaGVpZ2h0PSIxIiB4bWxucz0iaHR0cDovL3d3dy53My5vcmcvMjAwMC9zdmciPjwvc3ZnPg==\" \/><\/td><td class=\"has-text-align-left\" data-align=\"left\">Alma Mayo<\/td><td class=\"has-text-align-left\" data-align=\"left\">Spanien<\/td><td class=\"has-text-align-left\" data-align=\"left\">F\u00e6llesskabskoordinator<\/td><\/tr><tr><td><img decoding=\"async\" width=\"150\" height=\"176\" class=\"wp-image-19329 lazyload\" style=\"--smush-placeholder-width: 150px; --smush-placeholder-aspect-ratio: 150\/176;width: 150px;\" data-src=\"https:\/\/beachhandballnews.com\/wp-content\/uploads\/2022\/09\/Chalmers-Brown.png\" alt=\"Chalmers Brown\" data-srcset=\"https:\/\/beachhandballnews.com\/wp-content\/uploads\/2022\/09\/Chalmers-Brown.png 458w, https:\/\/beachhandballnews.com\/wp-content\/uploads\/2022\/09\/Chalmers-Brown-255x300.png 255w, https:\/\/beachhandballnews.com\/wp-content\/uploads\/2022\/09\/Chalmers-Brown-10x12.png 10w\" data-sizes=\"(max-width: 150px) 100vw, 150px\" src=\"data:image\/svg+xml;base64,PHN2ZyB3aWR0aD0iMSIgaGVpZ2h0PSIxIiB4bWxucz0iaHR0cDovL3d3dy53My5vcmcvMjAwMC9zdmciPjwvc3ZnPg==\" \/><\/td><td class=\"has-text-align-left\" data-align=\"left\">Chalmers Brown<\/td><td class=\"has-text-align-left\" data-align=\"left\">USA<\/td><td class=\"has-text-align-left\" data-align=\"left\">Beach Handball Nyheder ejer<\/td><\/tr><\/tbody><\/table><\/figure>","protected":false},"excerpt":{"rendered":"<p>Our mission is simple: To unite communities around the world through sport, culture, and unique experiences. Why? Because we love beach handball, it\u2019s that simple. We believe Beach Handball is [&hellip;]<\/p>\n","protected":false},"author":1,"featured_media":0,"parent":0,"menu_order":0,"comment_status":"closed","ping_status":"closed","template":"page-fullwidth.php","meta":{"content-type":"","footnotes":""},"class_list":["post-269","page","type-page","status-publish","hentry"],"yoast_head":"<!-- This site is optimized with the Yoast SEO Premium plugin v17.8 (Yoast SEO v27.5) - https:\/\/yoast.com\/product\/yoast-seo-premium-wordpress\/ -->\n<title>Purpose - Beach Handball News<\/title>\n<meta name=\"description\" content=\"Our mission is to unite global communities through sport, culture, and unique experiences. Everyone is welcome here.\" \/>\n<meta name=\"robots\" content=\"index, follow, max-snippet:-1, max-image-preview:large, max-video-preview:-1\" \/>\n<link rel=\"canonical\" href=\"https:\/\/beachhandballnews.com\/da\/purpose\/\" \/>\n<meta property=\"og:locale\" content=\"da_DK\" \/>\n<meta property=\"og:type\" content=\"article\" \/>\n<meta property=\"og:title\" content=\"Uniting People\" \/>\n<meta property=\"og:description\" content=\"Our mission is to unite global communities through sport, culture, and unique experiences. Everyone is welcome here.\" \/>\n<meta property=\"og:url\" content=\"https:\/\/beachhandballnews.com\/da\/purpose\/\" \/>\n<meta property=\"og:site_name\" content=\"Beach Handball News\" \/>\n<meta property=\"article:publisher\" content=\"https:\/\/www.facebook.com\/beachhandballnews\" \/>\n<meta property=\"article:modified_time\" content=\"2022-09-12T18:28:49+00:00\" \/>\n<meta property=\"og:image\" content=\"https:\/\/beachhandballnews.com\/wp-content\/uploads\/2022\/09\/Eduardo-Villasana.png\" \/>\n<meta name=\"twitter:card\" content=\"summary_large_image\" \/>\n<meta name=\"twitter:site\" content=\"@beachandbalnews\" \/>\n<meta name=\"twitter:label1\" content=\"Estimeret l\u00e6setid\" \/>\n\t<meta name=\"twitter:data1\" content=\"3 minutter\" \/>\n<script type=\"application\/ld+json\" class=\"yoast-schema-graph\">{\"@context\":\"https:\\\/\\\/schema.org\",\"@graph\":[{\"@type\":\"WebPage\",\"@id\":\"https:\\\/\\\/beachhandballnews.com\\\/purpose\\\/\",\"url\":\"https:\\\/\\\/beachhandballnews.com\\\/purpose\\\/\",\"name\":\"Purpose - Beach Handball News\",\"isPartOf\":{\"@id\":\"https:\\\/\\\/beachhandballnews.com\\\/#website\"},\"primaryImageOfPage\":{\"@id\":\"https:\\\/\\\/beachhandballnews.com\\\/purpose\\\/#primaryimage\"},\"image\":{\"@id\":\"https:\\\/\\\/beachhandballnews.com\\\/purpose\\\/#primaryimage\"},\"thumbnailUrl\":\"https:\\\/\\\/beachhandballnews.com\\\/wp-content\\\/uploads\\\/2022\\\/09\\\/Eduardo-Villasana.png\",\"datePublished\":\"2021-09-19T18:06:59+00:00\",\"dateModified\":\"2022-09-12T18:28:49+00:00\",\"description\":\"Our mission is to unite global communities through sport, culture, and unique experiences. Everyone is welcome here.\",\"breadcrumb\":{\"@id\":\"https:\\\/\\\/beachhandballnews.com\\\/purpose\\\/#breadcrumb\"},\"inLanguage\":\"da-DK\",\"potentialAction\":[{\"@type\":\"ReadAction\",\"target\":[\"https:\\\/\\\/beachhandballnews.com\\\/purpose\\\/\"]}]},{\"@type\":\"ImageObject\",\"inLanguage\":\"da-DK\",\"@id\":\"https:\\\/\\\/beachhandballnews.com\\\/purpose\\\/#primaryimage\",\"url\":\"https:\\\/\\\/beachhandballnews.com\\\/wp-content\\\/uploads\\\/2022\\\/09\\\/Eduardo-Villasana.png\",\"contentUrl\":\"https:\\\/\\\/beachhandballnews.com\\\/wp-content\\\/uploads\\\/2022\\\/09\\\/Eduardo-Villasana.png\"},{\"@type\":\"BreadcrumbList\",\"@id\":\"https:\\\/\\\/beachhandballnews.com\\\/purpose\\\/#breadcrumb\",\"itemListElement\":[{\"@type\":\"ListItem\",\"position\":1,\"name\":\"Home\",\"item\":\"https:\\\/\\\/beachhandballnews.com\\\/\"},{\"@type\":\"ListItem\",\"position\":2,\"name\":\"Uniting People\"}]},{\"@type\":\"WebSite\",\"@id\":\"https:\\\/\\\/beachhandballnews.com\\\/#website\",\"url\":\"https:\\\/\\\/beachhandballnews.com\\\/\",\"name\":\"Beach Handball News\",\"description\":\"Coming Soon\",\"publisher\":{\"@id\":\"https:\\\/\\\/beachhandballnews.com\\\/#organization\"},\"potentialAction\":[{\"@type\":\"SearchAction\",\"target\":{\"@type\":\"EntryPoint\",\"urlTemplate\":\"https:\\\/\\\/beachhandballnews.com\\\/?s={search_term_string}\"},\"query-input\":{\"@type\":\"PropertyValueSpecification\",\"valueRequired\":true,\"valueName\":\"search_term_string\"}}],\"inLanguage\":\"da-DK\"},{\"@type\":\"Organization\",\"@id\":\"https:\\\/\\\/beachhandballnews.com\\\/#organization\",\"name\":\"Beach Handball News\",\"url\":\"https:\\\/\\\/beachhandballnews.com\\\/\",\"logo\":{\"@type\":\"ImageObject\",\"inLanguage\":\"da-DK\",\"@id\":\"https:\\\/\\\/beachhandballnews.com\\\/#\\\/schema\\\/logo\\\/image\\\/\",\"url\":\"https:\\\/\\\/beachhandballnews.com\\\/wp-content\\\/uploads\\\/2022\\\/01\\\/wordpress-logo-bhn-footer.png\",\"contentUrl\":\"https:\\\/\\\/beachhandballnews.com\\\/wp-content\\\/uploads\\\/2022\\\/01\\\/wordpress-logo-bhn-footer.png\",\"width\":152,\"height\":80,\"caption\":\"Beach Handball News\"},\"image\":{\"@id\":\"https:\\\/\\\/beachhandballnews.com\\\/#\\\/schema\\\/logo\\\/image\\\/\"},\"sameAs\":[\"https:\\\/\\\/www.facebook.com\\\/beachhandballnews\",\"https:\\\/\\\/x.com\\\/beachandbalnews\",\"https:\\\/\\\/www.instagram.com\\\/beachhandballnews\\\/\",\"https:\\\/\\\/www.linkedin.com\\\/company\\\/beach-handball-news\"]}]}<\/script>\n<!-- \/ Yoast SEO Premium plugin. -->","yoast_head_json":{"title":"Form\u00e5l - Beach Handball News","description":"Vores mission er at forene globale samfund gennem sport, kultur og unikke oplevelser. Alle er velkomne her.","robots":{"index":"index","follow":"follow","max-snippet":"max-snippet:-1","max-image-preview":"max-image-preview:large","max-video-preview":"max-video-preview:-1"},"canonical":"https:\/\/beachhandballnews.com\/da\/purpose\/","og_locale":"da_DK","og_type":"article","og_title":"Uniting People","og_description":"Our mission is to unite global communities through sport, culture, and unique experiences. Everyone is welcome here.","og_url":"https:\/\/beachhandballnews.com\/da\/purpose\/","og_site_name":"Beach Handball News","article_publisher":"https:\/\/www.facebook.com\/beachhandballnews","article_modified_time":"2022-09-12T18:28:49+00:00","og_image":[{"url":"https:\/\/beachhandballnews.com\/wp-content\/uploads\/2022\/09\/Eduardo-Villasana.png","type":"","width":"","height":""}],"twitter_card":"summary_large_image","twitter_site":"@beachandbalnews","twitter_misc":{"Estimeret l\u00e6setid":"3 minutter"},"schema":{"@context":"https:\/\/schema.org","@graph":[{"@type":"WebPage","@id":"https:\/\/beachhandballnews.com\/purpose\/","url":"https:\/\/beachhandballnews.com\/purpose\/","name":"Form\u00e5l - Beach Handball News","isPartOf":{"@id":"https:\/\/beachhandballnews.com\/#website"},"primaryImageOfPage":{"@id":"https:\/\/beachhandballnews.com\/purpose\/#primaryimage"},"image":{"@id":"https:\/\/beachhandballnews.com\/purpose\/#primaryimage"},"thumbnailUrl":"https:\/\/beachhandballnews.com\/wp-content\/uploads\/2022\/09\/Eduardo-Villasana.png","datePublished":"2021-09-19T18:06:59+00:00","dateModified":"2022-09-12T18:28:49+00:00","description":"Vores mission er at forene globale samfund gennem sport, kultur og unikke oplevelser. Alle er velkomne her.","breadcrumb":{"@id":"https:\/\/beachhandballnews.com\/purpose\/#breadcrumb"},"inLanguage":"da-DK","potentialAction":[{"@type":"ReadAction","target":["https:\/\/beachhandballnews.com\/purpose\/"]}]},{"@type":"ImageObject","inLanguage":"da-DK","@id":"https:\/\/beachhandballnews.com\/purpose\/#primaryimage","url":"https:\/\/beachhandballnews.com\/wp-content\/uploads\/2022\/09\/Eduardo-Villasana.png","contentUrl":"https:\/\/beachhandballnews.com\/wp-content\/uploads\/2022\/09\/Eduardo-Villasana.png"},{"@type":"BreadcrumbList","@id":"https:\/\/beachhandballnews.com\/purpose\/#breadcrumb","itemListElement":[{"@type":"ListItem","position":1,"name":"Home","item":"https:\/\/beachhandballnews.com\/"},{"@type":"ListItem","position":2,"name":"Uniting People"}]},{"@type":"WebSite","@id":"https:\/\/beachhandballnews.com\/#website","url":"https:\/\/beachhandballnews.com\/","name":"Nyheder om strandh\u00e5ndbold","description":"Kommer snart","publisher":{"@id":"https:\/\/beachhandballnews.com\/#organization"},"potentialAction":[{"@type":"SearchAction","target":{"@type":"EntryPoint","urlTemplate":"https:\/\/beachhandballnews.com\/?s={search_term_string}"},"query-input":{"@type":"PropertyValueSpecification","valueRequired":true,"valueName":"search_term_string"}}],"inLanguage":"da-DK"},{"@type":"Organization","@id":"https:\/\/beachhandballnews.com\/#organization","name":"Nyheder om strandh\u00e5ndbold","url":"https:\/\/beachhandballnews.com\/","logo":{"@type":"ImageObject","inLanguage":"da-DK","@id":"https:\/\/beachhandballnews.com\/#\/schema\/logo\/image\/","url":"https:\/\/beachhandballnews.com\/wp-content\/uploads\/2022\/01\/wordpress-logo-bhn-footer.png","contentUrl":"https:\/\/beachhandballnews.com\/wp-content\/uploads\/2022\/01\/wordpress-logo-bhn-footer.png","width":152,"height":80,"caption":"Beach Handball News"},"image":{"@id":"https:\/\/beachhandballnews.com\/#\/schema\/logo\/image\/"},"sameAs":["https:\/\/www.facebook.com\/beachhandballnews","https:\/\/x.com\/beachandbalnews","https:\/\/www.instagram.com\/beachhandballnews\/","https:\/\/www.linkedin.com\/company\/beach-handball-news"]}]}},"_links":{"self":[{"href":"https:\/\/beachhandballnews.com\/da\/wp-json\/wp\/v2\/pages\/269","targetHints":{"allow":["GET"]}}],"collection":[{"href":"https:\/\/beachhandballnews.com\/da\/wp-json\/wp\/v2\/pages"}],"about":[{"href":"https:\/\/beachhandballnews.com\/da\/wp-json\/wp\/v2\/types\/page"}],"author":[{"embeddable":true,"href":"https:\/\/beachhandballnews.com\/da\/wp-json\/wp\/v2\/users\/1"}],"replies":[{"embeddable":true,"href":"https:\/\/beachhandballnews.com\/da\/wp-json\/wp\/v2\/comments?post=269"}],"version-history":[{"count":0,"href":"https:\/\/beachhandballnews.com\/da\/wp-json\/wp\/v2\/pages\/269\/revisions"}],"wp:attachment":[{"href":"https:\/\/beachhandballnews.com\/da\/wp-json\/wp\/v2\/media?parent=269"}],"curies":[{"name":"wp","href":"https:\/\/api.w.org\/{rel}","templated":true}]}}