{"id":1022,"date":"2021-11-12T08:21:28","date_gmt":"2021-11-12T05:21:28","guid":{"rendered":"https:\/\/beachhandballnews.com\/?page_id=1022"},"modified":"2021-11-20T22:50:36","modified_gmt":"2021-11-21T06:50:36","slug":"the-history-of-beach-handball","status":"publish","type":"page","link":"https:\/\/beachhandballnews.com\/de\/the-history-of-beach-handball\/","title":{"rendered":"Die Geschichte des Beachhandballs"},"content":{"rendered":"<p>In den letzten drei Jahrzehnten ist die Popularit\u00e4t des Beachhandballs explodiert. Von seiner Entstehung in Italien in den fr\u00fchen 1990er Jahren bis zu seinem Auftritt bei den Olympischen Jugendspielen 2018 haben Menschen auf der ganzen Welt diesen rasanten Sport lieben gelernt. Die wachsende Fangemeinde hat gro\u00dfe Ziele, und viele hoffen, dass die Sportart bald in das olympische Programm der Senioren aufgenommen wird.&nbsp;<\/p>\n\n\n\n<p>Da Beachhandball jetzt im internationalen Rampenlicht steht, gab es nie einen besseren Zeitpunkt, um sich daf\u00fcr zu interessieren. Der Aufstieg von einem trendigen Spiel an den Str\u00e4nden Italiens auf die olympische B\u00fchne ist wirklich eine der unglaublichsten Sportgeschichten der letzten Jahre.&nbsp;<\/p>\n\n\n\n<p><strong>Die Anf\u00e4nge einer neuen Sportart<\/strong><\/p>\n\n\n\n<p>Simonetta Montagni, ein italienischer Handballtrainer, war einer der Ersten, der erkannte, dass das Spielen von Handball am Strand dem Sport mehr Attraktivit\u00e4t verleihen k\u00f6nnte. Inspiriert von der gro\u00dfen Popularit\u00e4t des Beachvolleyballs in den sp\u00e4ten 1980er Jahren, begann er, die Spielregeln f\u00fcr den Sand anzupassen.&nbsp;<\/p>\n\n\n\n<p>In der Zwischenzeit dachten auch andere Spieler in Italien \u00fcber die M\u00f6glichkeit nach, Handball an den Strand zu bringen.&nbsp;&nbsp;<\/p>\n\n\n\n<p>F\u00fcr Gianni Buttarelli und Franco Schiano war die Not die Mutter der Erfindung. Sie waren die Vorsitzenden der \u00f6rtlichen Handballvereine auf der Insel Ponzo, einer Gemeinde mit nur 3000 Einwohnern vor der K\u00fcste Sardiniens, und zunehmend frustriert \u00fcber den Mangel an verf\u00fcgbaren Pl\u00e4tzen. Auch sie erkannten, dass das Spielen am Strand neue M\u00f6glichkeiten zur Steigerung der Popularit\u00e4t des Handballs bieten k\u00f6nnte.&nbsp;<\/p>\n\n\n\n<p>Im Jahr 1990 begann Luciano Bartolini auf Wunsch des neu gew\u00e4hlten Pr\u00e4sidenten des italienischen Handballverbands mit der Entwicklung des ersten Regelwerks f\u00fcr das Spiel. Bartolini nutzte die bereits existierenden Beachvolleyballpl\u00e4tze und passte die Spielregeln an deren Abmessungen an. Sein Konzept sah drei Spieler pro Mannschaft und einen Torwart vor, und der Auswechselraum hatte die gleiche Gr\u00f6\u00dfe wie das Spielfeld.&nbsp;<\/p>\n\n\n\n<p><strong>Anerkennung durch die IHF<\/strong><\/p>\n\n\n\n<p>Das erste Beachhandball-Demonstrationsspiel fand 1992 in Misano Adriatico statt, und noch im selben Jahr wurde das erste Turnier auf dem Ponzo ausgetragen. Bald darauf folgte ein internationales Turnier, bei dem andere europ\u00e4ische L\u00e4nder, die ebenfalls begonnen hatten, auf dem Sand Handball zu spielen, darunter die Niederlande, Deutschland, Portugal und Russland, in Teramo gegen italienische Mannschaften antraten.&nbsp;<\/p>\n\n\n\n<p>Ralf Dejaco, der Pr\u00e4sident des italienischen Handballverbands, f\u00fchrte die Kampagne zur offiziellen Anerkennung von Beachhandball als Sportart an und erhielt daf\u00fcr finanzielle Unterst\u00fctzung vom italienischen Olympischen Komitee. Bei einem Treffen in Formia einigten sich die Vertreter des niederl\u00e4ndischen und des italienischen Handballverbands auf ein gemeinsames Regelwerk, und im Mai 1994 erkannte der Internationale Handballverband Beachhandball offiziell an.&nbsp;<\/p>\n\n\n\n<p><strong>Wachsende internationale Popularit\u00e4t&nbsp;<\/strong><\/p>\n\n\n\n<p>Im Oktober 1995 gr\u00fcndete der Europ\u00e4ische Handballverband die Arbeitsgruppe Beachhandball mit Vertretern aus \u00d6sterreich, Italien, den Niederlanden und Spanien, um die Spielweise weiter zu testen und zu modifizieren. Einige Monate sp\u00e4ter wurde angesichts der zunehmenden Popularit\u00e4t des Spiels in S\u00fcdamerika eine internationale Gruppe gegr\u00fcndet.&nbsp;<\/p>\n\n\n\n<p>Bis 1997 wurde Beachhandball in ganz Europa gespielt, und es gab einen Veranstaltungskalender f\u00fcr den gesamten Kontinent. Bald wurden Kurse f\u00fcr Beachhandball-Trainer und -Schiedsrichter ins Leben gerufen, die die wachsende Popularit\u00e4t des Sports weiter begr\u00fcndeten.&nbsp;<\/p>\n\n\n\n<p>Die ersten Panamerikanischen Meisterschaften der M\u00e4nner fanden 1998 statt, zwei Jahre sp\u00e4ter folgte die erste Europameisterschaft. Im Jahr 2003 wurde die europ\u00e4ische Beachhandball-Tour ins Leben gerufen, und im folgenden Jahr fand die erste Weltmeisterschaft in El Gouna statt. Im Laufe des n\u00e4chsten Jahrzehnts fanden weitere Turniere in Amerika, Europa und Asien statt.&nbsp;<\/p>\n\n\n\n<p>Anfang der 2010er-Jahre gewann der Sport neue Popularit\u00e4t bei Kindern und Jugendlichen, da die Europameisterschaften um j\u00fcngere Altersklassen erweitert wurden.&nbsp;<\/p>\n\n\n\n<p><strong>Olympische Tr\u00e4ume&nbsp;<\/strong><\/p>\n\n\n\n<p>Beachhandball erfreut sich immer gr\u00f6\u00dferer Beliebtheit. An internationalen Wettbewerben nehmen Dutzende von Teams aus der ganzen Welt teil, die von Zehntausenden von Fans verfolgt werden.&nbsp;<\/p>\n\n\n\n<p>2019 zog die PGNiG Sumer Superliga, die seit 2017 j\u00e4hrlich vom polnischen Handballverband ausgerichtet wird, 1.000 Sportler aus acht L\u00e4ndern an, die an drei verschiedenen Turnieren teilnahmen. Sie zog auch die Aufmerksamkeit von mehr als 80.000 Fans aus der ganzen Welt auf sich.&nbsp;<\/p>\n\n\n\n<p>Bei den ANOC World Beach Games, die 2019 von der Vereinigung der Nationalen Olympischen Komitees ins Leben gerufen werden, steht auch Beachhandball auf dem Programm. Bei der Er\u00f6ffnungsveranstaltung traten 12 M\u00e4nner- und 12 Frauenteams an, die L\u00e4nder aus f\u00fcnf Kontinenten vertraten und das internationale Interesse am Beachhandball best\u00e4tigten.&nbsp;<\/p>\n\n\n\n<p>Das bisher vielleicht bekannteste Turnier des Sports waren die Olympischen Jugendspiele 2018. Mehr als 200 junge Athleten aus 15 L\u00e4ndern nahmen in Buenos Ares teil, was internationale Aufmerksamkeit erregte und neue Fans f\u00fcr den Sport brachte. Das Deb\u00fct von Beachhandball bei den Olympischen Jugendspielen hat auch das Interesse an einer Aufnahme der Sportart in das olympische Programm der Senioren geweckt.&nbsp;<\/p>\n\n\n\n<p>Am 11. Februar 2020 reichte die IHF beim Internationalen Olympischen Komitee einen f\u00f6rmlichen Antrag auf Aufnahme des Beachhandballs in die Olympischen Sommerspiele 2024 in Paris, Frankreich, ein. W\u00e4hrend das IOC aufgrund der COVID-19-Pandemie beschloss, Beachhandball bei den Spielen 2024 nicht zuzulassen, besteht immer noch die Hoffnung, dass die Sportart 2028 bei den Olympischen Spielen in Los Angeles aufgenommen werden k\u00f6nnte. Das IOC verwies insbesondere auf die wachsende Popularit\u00e4t der Sportart und ihren Erfolg bei den Olympischen Jugendspielen 2018.&nbsp;<\/p>\n\n\n\n<p><strong>Die Zukunft des Beachhandballs&nbsp;<\/strong><\/p>\n\n\n\n<p>Auch wenn die Fans bei den Spielen 2024 in Paris kein Beachhandball zu sehen bekommen werden, gibt es doch einige gro\u00dfe Turniere, auf die sie sich freuen k\u00f6nnen.&nbsp;<\/p>\n\n\n\n<p>Die Beachhandball-Weltmeisterschaften 2022 der M\u00e4nner und Frauen sowie die Jugend-Beachhandball-Weltmeisterschaften werden im November 2021 bekannt gegeben. Es werden Dutzende von Teams aus der ganzen Welt erwartet, die daran teilnehmen.&nbsp;&nbsp;<\/p>\n\n\n\n<p>Bei den World Games in Birmingham (USA) im Juli 2022 wird Beachhandball zum vierten Mal ausgetragen, und auch bei den Olympischen Jugendspielen 2026 in Dakar (urspr\u00fcnglich f\u00fcr 2022 geplant) wird die Sportart wieder dabei sein. Beide Veranstaltungen d\u00fcrften dem Beachhandball weitere Popularit\u00e4t verschaffen und neue Fans anlocken.<\/p>\n\n\n\n<p>Der Beachhandball-Sport hat sich von seinen Urspr\u00fcngen auf einer winzigen Insel in Italien weit entwickelt. Heute wird er auf der ganzen Welt von Tausenden von Sportlern gespielt, die verschiedene L\u00e4nder, Altersgruppen und Spielst\u00e4rken vertreten. Die Zukunft des Sports sieht rosig aus, denn hochkar\u00e4tige Wettk\u00e4mpfe und olympische Ambitionen locken neue Fans aus aller Welt an.&nbsp;<\/p>","protected":false},"excerpt":{"rendered":"<p>Over the last three decades, beach handball has exploded in popularity. From its emergence in Italy in the early 1990s to its appearance at the 2018 Youth Olympic Games, people [&hellip;]<\/p>\n","protected":false},"author":6,"featured_media":1023,"parent":0,"menu_order":0,"comment_status":"closed","ping_status":"closed","template":"","meta":{"content-type":"","footnotes":""},"class_list":["post-1022","page","type-page","status-publish","has-post-thumbnail","hentry"],"yoast_head":"<!-- This site is optimized with the Yoast SEO Premium plugin v17.8 (Yoast SEO v27.5) - https:\/\/yoast.com\/product\/yoast-seo-premium-wordpress\/ -->\n<title>The History of Beach Handball - Beach Handball News<\/title>\n<meta name=\"robots\" content=\"index, follow, max-snippet:-1, max-image-preview:large, max-video-preview:-1\" \/>\n<link rel=\"canonical\" href=\"https:\/\/beachhandballnews.com\/de\/the-history-of-beach-handball\/\" \/>\n<meta property=\"og:locale\" content=\"de_DE\" \/>\n<meta property=\"og:type\" content=\"article\" \/>\n<meta property=\"og:title\" content=\"The History of Beach Handball\" \/>\n<meta property=\"og:description\" content=\"Over the last three decades, beach handball has exploded in popularity. From its emergence in Italy in the early 1990s to its appearance at the 2018 Youth Olympic Games, people [&hellip;]\" \/>\n<meta property=\"og:url\" content=\"https:\/\/beachhandballnews.com\/de\/the-history-of-beach-handball\/\" \/>\n<meta property=\"og:site_name\" content=\"Beach Handball News\" \/>\n<meta property=\"article:publisher\" content=\"https:\/\/www.facebook.com\/beachhandballnews\" \/>\n<meta property=\"article:modified_time\" content=\"2021-11-21T06:50:36+00:00\" \/>\n<meta property=\"og:image\" content=\"https:\/\/beachhandballnews.com\/wp-content\/uploads\/2021\/11\/handball_1400.jpg\" \/>\n\t<meta property=\"og:image:width\" content=\"1400\" \/>\n\t<meta property=\"og:image:height\" content=\"933\" \/>\n\t<meta property=\"og:image:type\" content=\"image\/jpeg\" \/>\n<meta name=\"twitter:card\" content=\"summary_large_image\" \/>\n<meta name=\"twitter:site\" content=\"@beachandbalnews\" \/>\n<meta name=\"twitter:label1\" content=\"Gesch\u00e4tzte Lesezeit\" \/>\n\t<meta name=\"twitter:data1\" content=\"5\u00a0Minuten\" \/>\n<script type=\"application\/ld+json\" class=\"yoast-schema-graph\">{\"@context\":\"https:\\\/\\\/schema.org\",\"@graph\":[{\"@type\":\"WebPage\",\"@id\":\"https:\\\/\\\/beachhandballnews.com\\\/the-history-of-beach-handball\\\/\",\"url\":\"https:\\\/\\\/beachhandballnews.com\\\/the-history-of-beach-handball\\\/\",\"name\":\"The History of Beach Handball - Beach Handball News\",\"isPartOf\":{\"@id\":\"https:\\\/\\\/beachhandballnews.com\\\/#website\"},\"primaryImageOfPage\":{\"@id\":\"https:\\\/\\\/beachhandballnews.com\\\/the-history-of-beach-handball\\\/#primaryimage\"},\"image\":{\"@id\":\"https:\\\/\\\/beachhandballnews.com\\\/the-history-of-beach-handball\\\/#primaryimage\"},\"thumbnailUrl\":\"https:\\\/\\\/beachhandballnews.com\\\/wp-content\\\/uploads\\\/2021\\\/11\\\/handball_1400.jpg\",\"datePublished\":\"2021-11-12T05:21:28+00:00\",\"dateModified\":\"2021-11-21T06:50:36+00:00\",\"breadcrumb\":{\"@id\":\"https:\\\/\\\/beachhandballnews.com\\\/the-history-of-beach-handball\\\/#breadcrumb\"},\"inLanguage\":\"de\",\"potentialAction\":[{\"@type\":\"ReadAction\",\"target\":[\"https:\\\/\\\/beachhandballnews.com\\\/the-history-of-beach-handball\\\/\"]}]},{\"@type\":\"ImageObject\",\"inLanguage\":\"de\",\"@id\":\"https:\\\/\\\/beachhandballnews.com\\\/the-history-of-beach-handball\\\/#primaryimage\",\"url\":\"https:\\\/\\\/beachhandballnews.com\\\/wp-content\\\/uploads\\\/2021\\\/11\\\/handball_1400.jpg\",\"contentUrl\":\"https:\\\/\\\/beachhandballnews.com\\\/wp-content\\\/uploads\\\/2021\\\/11\\\/handball_1400.jpg\",\"width\":1400,\"height\":933,\"caption\":\"BUENOS AIRES, ARGENTINA - OCTOBER 13: Lynn Klesserof Netherlands takes a shot during a Women's Bronze Medal Match during day 7 of Buenos Aires 2018 Youth Olympic Games at Green Park on October 13, 2018 in Buenos Aires, Argentina. (Photo by Marcelo Endelli\\\/Getty Images)\"},{\"@type\":\"BreadcrumbList\",\"@id\":\"https:\\\/\\\/beachhandballnews.com\\\/the-history-of-beach-handball\\\/#breadcrumb\",\"itemListElement\":[{\"@type\":\"ListItem\",\"position\":1,\"name\":\"Home\",\"item\":\"https:\\\/\\\/beachhandballnews.com\\\/\"},{\"@type\":\"ListItem\",\"position\":2,\"name\":\"The History of Beach Handball\"}]},{\"@type\":\"WebSite\",\"@id\":\"https:\\\/\\\/beachhandballnews.com\\\/#website\",\"url\":\"https:\\\/\\\/beachhandballnews.com\\\/\",\"name\":\"Beach Handball News\",\"description\":\"Coming Soon\",\"publisher\":{\"@id\":\"https:\\\/\\\/beachhandballnews.com\\\/#organization\"},\"potentialAction\":[{\"@type\":\"SearchAction\",\"target\":{\"@type\":\"EntryPoint\",\"urlTemplate\":\"https:\\\/\\\/beachhandballnews.com\\\/?s={search_term_string}\"},\"query-input\":{\"@type\":\"PropertyValueSpecification\",\"valueRequired\":true,\"valueName\":\"search_term_string\"}}],\"inLanguage\":\"de\"},{\"@type\":\"Organization\",\"@id\":\"https:\\\/\\\/beachhandballnews.com\\\/#organization\",\"name\":\"Beach Handball News\",\"url\":\"https:\\\/\\\/beachhandballnews.com\\\/\",\"logo\":{\"@type\":\"ImageObject\",\"inLanguage\":\"de\",\"@id\":\"https:\\\/\\\/beachhandballnews.com\\\/#\\\/schema\\\/logo\\\/image\\\/\",\"url\":\"https:\\\/\\\/beachhandballnews.com\\\/wp-content\\\/uploads\\\/2022\\\/01\\\/wordpress-logo-bhn-footer.png\",\"contentUrl\":\"https:\\\/\\\/beachhandballnews.com\\\/wp-content\\\/uploads\\\/2022\\\/01\\\/wordpress-logo-bhn-footer.png\",\"width\":152,\"height\":80,\"caption\":\"Beach Handball News\"},\"image\":{\"@id\":\"https:\\\/\\\/beachhandballnews.com\\\/#\\\/schema\\\/logo\\\/image\\\/\"},\"sameAs\":[\"https:\\\/\\\/www.facebook.com\\\/beachhandballnews\",\"https:\\\/\\\/x.com\\\/beachandbalnews\",\"https:\\\/\\\/www.instagram.com\\\/beachhandballnews\\\/\",\"https:\\\/\\\/www.linkedin.com\\\/company\\\/beach-handball-news\"]}]}<\/script>\n<!-- \/ Yoast SEO Premium plugin. -->","yoast_head_json":{"title":"Die Geschichte des Beachhandballs - Beachhandball News","robots":{"index":"index","follow":"follow","max-snippet":"max-snippet:-1","max-image-preview":"max-image-preview:large","max-video-preview":"max-video-preview:-1"},"canonical":"https:\/\/beachhandballnews.com\/de\/the-history-of-beach-handball\/","og_locale":"de_DE","og_type":"article","og_title":"The History of Beach Handball","og_description":"Over the last three decades, beach handball has exploded in popularity. From its emergence in Italy in the early 1990s to its appearance at the 2018 Youth Olympic Games, people [&hellip;]","og_url":"https:\/\/beachhandballnews.com\/de\/the-history-of-beach-handball\/","og_site_name":"Beach Handball News","article_publisher":"https:\/\/www.facebook.com\/beachhandballnews","article_modified_time":"2021-11-21T06:50:36+00:00","og_image":[{"width":1400,"height":933,"url":"https:\/\/beachhandballnews.com\/wp-content\/uploads\/2021\/11\/handball_1400.jpg","type":"image\/jpeg"}],"twitter_card":"summary_large_image","twitter_site":"@beachandbalnews","twitter_misc":{"Gesch\u00e4tzte Lesezeit":"5\u00a0Minuten"},"schema":{"@context":"https:\/\/schema.org","@graph":[{"@type":"WebPage","@id":"https:\/\/beachhandballnews.com\/the-history-of-beach-handball\/","url":"https:\/\/beachhandballnews.com\/the-history-of-beach-handball\/","name":"Die Geschichte des Beachhandballs - Beachhandball News","isPartOf":{"@id":"https:\/\/beachhandballnews.com\/#website"},"primaryImageOfPage":{"@id":"https:\/\/beachhandballnews.com\/the-history-of-beach-handball\/#primaryimage"},"image":{"@id":"https:\/\/beachhandballnews.com\/the-history-of-beach-handball\/#primaryimage"},"thumbnailUrl":"https:\/\/beachhandballnews.com\/wp-content\/uploads\/2021\/11\/handball_1400.jpg","datePublished":"2021-11-12T05:21:28+00:00","dateModified":"2021-11-21T06:50:36+00:00","breadcrumb":{"@id":"https:\/\/beachhandballnews.com\/the-history-of-beach-handball\/#breadcrumb"},"inLanguage":"de","potentialAction":[{"@type":"ReadAction","target":["https:\/\/beachhandballnews.com\/the-history-of-beach-handball\/"]}]},{"@type":"ImageObject","inLanguage":"de","@id":"https:\/\/beachhandballnews.com\/the-history-of-beach-handball\/#primaryimage","url":"https:\/\/beachhandballnews.com\/wp-content\/uploads\/2021\/11\/handball_1400.jpg","contentUrl":"https:\/\/beachhandballnews.com\/wp-content\/uploads\/2021\/11\/handball_1400.jpg","width":1400,"height":933,"caption":"BUENOS AIRES, ARGENTINA - OCTOBER 13: Lynn Klesserof Netherlands takes a shot during a Women's Bronze Medal Match during day 7 of Buenos Aires 2018 Youth Olympic Games at Green Park on October 13, 2018 in Buenos Aires, Argentina. (Photo by Marcelo Endelli\/Getty Images)"},{"@type":"BreadcrumbList","@id":"https:\/\/beachhandballnews.com\/the-history-of-beach-handball\/#breadcrumb","itemListElement":[{"@type":"ListItem","position":1,"name":"Home","item":"https:\/\/beachhandballnews.com\/"},{"@type":"ListItem","position":2,"name":"The History of Beach Handball"}]},{"@type":"WebSite","@id":"https:\/\/beachhandballnews.com\/#website","url":"https:\/\/beachhandballnews.com\/","name":"Beachhandball Nachrichten","description":"Demn\u00e4chst verf\u00fcgbar","publisher":{"@id":"https:\/\/beachhandballnews.com\/#organization"},"potentialAction":[{"@type":"SearchAction","target":{"@type":"EntryPoint","urlTemplate":"https:\/\/beachhandballnews.com\/?s={search_term_string}"},"query-input":{"@type":"PropertyValueSpecification","valueRequired":true,"valueName":"search_term_string"}}],"inLanguage":"de"},{"@type":"Organization","@id":"https:\/\/beachhandballnews.com\/#organization","name":"Beachhandball Nachrichten","url":"https:\/\/beachhandballnews.com\/","logo":{"@type":"ImageObject","inLanguage":"de","@id":"https:\/\/beachhandballnews.com\/#\/schema\/logo\/image\/","url":"https:\/\/beachhandballnews.com\/wp-content\/uploads\/2022\/01\/wordpress-logo-bhn-footer.png","contentUrl":"https:\/\/beachhandballnews.com\/wp-content\/uploads\/2022\/01\/wordpress-logo-bhn-footer.png","width":152,"height":80,"caption":"Beach Handball News"},"image":{"@id":"https:\/\/beachhandballnews.com\/#\/schema\/logo\/image\/"},"sameAs":["https:\/\/www.facebook.com\/beachhandballnews","https:\/\/x.com\/beachandbalnews","https:\/\/www.instagram.com\/beachhandballnews\/","https:\/\/www.linkedin.com\/company\/beach-handball-news"]}]}},"_links":{"self":[{"href":"https:\/\/beachhandballnews.com\/de\/wp-json\/wp\/v2\/pages\/1022","targetHints":{"allow":["GET"]}}],"collection":[{"href":"https:\/\/beachhandballnews.com\/de\/wp-json\/wp\/v2\/pages"}],"about":[{"href":"https:\/\/beachhandballnews.com\/de\/wp-json\/wp\/v2\/types\/page"}],"author":[{"embeddable":true,"href":"https:\/\/beachhandballnews.com\/de\/wp-json\/wp\/v2\/users\/6"}],"replies":[{"embeddable":true,"href":"https:\/\/beachhandballnews.com\/de\/wp-json\/wp\/v2\/comments?post=1022"}],"version-history":[{"count":0,"href":"https:\/\/beachhandballnews.com\/de\/wp-json\/wp\/v2\/pages\/1022\/revisions"}],"wp:featuredmedia":[{"embeddable":true,"href":"https:\/\/beachhandballnews.com\/de\/wp-json\/wp\/v2\/media\/1023"}],"wp:attachment":[{"href":"https:\/\/beachhandballnews.com\/de\/wp-json\/wp\/v2\/media?parent=1022"}],"curies":[{"name":"wp","href":"https:\/\/api.w.org\/{rel}","templated":true}]}}