{"id":269,"date":"2021-09-19T21:06:59","date_gmt":"2021-09-19T18:06:59","guid":{"rendered":"https:\/\/beachhandballnews.com\/?page_id=269"},"modified":"2022-09-12T11:28:49","modified_gmt":"2022-09-12T18:28:49","slug":"purpose","status":"publish","type":"page","link":"https:\/\/beachhandballnews.com\/de\/purpose\/","title":{"rendered":"Menschen vereinen"},"content":{"rendered":"<p><strong>Unser Auftrag ist einfach:<\/strong> Gemeinschaften auf der ganzen Welt durch Sport, Kultur und einzigartige Erfahrungen zu vereinen.<\/p>\n\n\n\n<p><strong>Warum?<\/strong> Denn <span style=\"color:#98261f\" class=\"has-inline-color\">wir lieben Beachhandball<\/span>so einfach ist das. Wir glauben, dass Beachhandball ein Sport ist, den die Welt annehmen und wirklich sch\u00e4tzen kann - von den Kulturen \u00fcber die Menschen bis hin zu den sch\u00f6nen Str\u00e4nden, an denen er gespielt wird.<\/p>\n\n\n\n<p>Aber es kann sehr m\u00fchsam sein, den Sport zu verfolgen. Es bedeutet, in mehreren Sprachen zu suchen und Hunderten von Konten in den sozialen Medien zu folgen. Au\u00dferdem hat jedes Turnier seine eigene Art, ein Fan-Erlebnis zu schaffen, sodass es schwierig sein kann, Spiele zu genie\u00dfen und mehr \u00fcber unsere Lieblingsteams zu erfahren.<\/p>\n\n\n\n<p>Wenn es einfacher w\u00e4re, ein Fan von Beachhandball zu sein, k\u00f6nnten noch mehr Menschen Teil dieser unglaublichen Gemeinschaft sein. Wir dachten, es w\u00e4re toll, wenn es einen Ort g\u00e4be, an dem Menschen aus der ganzen Welt, die Beachhandball lieben, mit lokalen und internationalen Spielern und Teams in Kontakt treten und Neuigkeiten und Turnier-Updates in einer Sprache finden k\u00f6nnten, die sie verstehen.<\/p>\n\n\n\n<p>Also haben wir eine <a href=\"https:\/\/www.instagram.com\/beachhandballnews\/\" target=\"_blank\" rel=\"noreferrer noopener\">Instagram-Seite<\/a> wo wir globale Inhalte \u00fcber Beachhandball austauschen und Spieler und Fans zusammenbringen konnten. Die Seite wuchs schnell, und schon bald hatten wir eine Gruppe engagierter Anh\u00e4nger, die sich f\u00fcr die Zukunft des Beachhandballs begeisterten. Das war ein guter Anfang, aber wir wussten, dass wir noch mehr tun konnten, also erstellten wir diese Website, um unsere Marke auf die n\u00e4chste Stufe zu heben.<\/p>\n\n\n\n<p><strong>Wie?<\/strong> Unsere Website ist die Heimat einer weltweiten Gemeinschaft von Menschen, die Beachhandball lieben. Hier findest du Inhalte, die in Zusammenarbeit mit Spielern erstellt wurden, Neuigkeiten \u00fcber deine Lieblingsteams und eine Gruppe von Menschen, die deine Liebe zum Beachhandball teilen. Du kannst sogar deine eigenen Inhalte einreichen, um vorgestellt zu werden!<\/p>\n\n\n\n<p>Jeder ist hier willkommen, und wir freuen uns darauf, diese Gemeinschaft mit Hilfe der Fans, Spieler und Teams, die diesen Sport gro\u00dfartig machen, wachsen zu sehen.<\/p>\n\n\n\n<p>Danke, dass Sie Teil der Gemeinschaft sind.<\/p>\n\n\n\n<p><\/p>\n\n\n\n<h2 class=\"wp-block-heading\" id=\"h-community-leaders\">F\u00fchrungspers\u00f6nlichkeiten der Gemeinschaft<\/h2>\n\n\n\n<p>Beach Handball News ist nichts ohne die Menschen, die unz\u00e4hlige Stunden investieren, um das volle Potenzial dieser Zeitung zu erreichen, weil sie das Potenzial sehen, das wir gemeinsam aufbauen k\u00f6nnen. Wenn Sie daran interessiert sind, eine f\u00fchrende Rolle in der Gemeinschaft einzunehmen, kontaktieren Sie uns bitte und teilen Sie uns mit, welche Rolle Sie sich vorstellen k\u00f6nnen. Wir sind immer auf der Suche nach neuen M\u00f6glichkeiten, unser Team zu erweitern.<\/p>\n\n\n\n<figure id=\"community-leaders\" class=\"wp-block-table is-style-regular has-medium-font-size\"><table><thead><tr><th><\/th><th class=\"has-text-align-left\" data-align=\"left\">Name<\/th><th class=\"has-text-align-left\" data-align=\"left\">Land<\/th><th class=\"has-text-align-left\" data-align=\"left\">Titel<\/th><\/tr><\/thead><tbody><tr><td><img decoding=\"async\" width=\"150\" height=\"147\" class=\"wp-image-19307 lazyload\" style=\"--smush-placeholder-width: 150px; --smush-placeholder-aspect-ratio: 150\/147;width: 150px;\" data-src=\"https:\/\/beachhandballnews.com\/wp-content\/uploads\/2022\/09\/Eduardo-Villasana.png\" alt=\"Eduardo Villasana\" data-srcset=\"https:\/\/beachhandballnews.com\/wp-content\/uploads\/2022\/09\/Eduardo-Villasana.png 1342w, https:\/\/beachhandballnews.com\/wp-content\/uploads\/2022\/09\/Eduardo-Villasana-300x293.png 300w, https:\/\/beachhandballnews.com\/wp-content\/uploads\/2022\/09\/Eduardo-Villasana-1024x1001.png 1024w, https:\/\/beachhandballnews.com\/wp-content\/uploads\/2022\/09\/Eduardo-Villasana-768x751.png 768w, https:\/\/beachhandballnews.com\/wp-content\/uploads\/2022\/09\/Eduardo-Villasana-12x12.png 12w\" data-sizes=\"(max-width: 150px) 100vw, 150px\" src=\"data:image\/svg+xml;base64,PHN2ZyB3aWR0aD0iMSIgaGVpZ2h0PSIxIiB4bWxucz0iaHR0cDovL3d3dy53My5vcmcvMjAwMC9zdmciPjwvc3ZnPg==\" \/><\/td><td class=\"has-text-align-left\" data-align=\"left\">Eduardo Villasana<\/td><td class=\"has-text-align-left\" data-align=\"left\">Mexiko<\/td><td class=\"has-text-align-left\" data-align=\"left\">Podcast-Produzent<\/td><\/tr><tr><td><img decoding=\"async\" width=\"150\" height=\"136\" class=\"wp-image-19306 lazyload\" style=\"--smush-placeholder-width: 150px; --smush-placeholder-aspect-ratio: 150\/136;width: 150px;\" data-src=\"https:\/\/beachhandballnews.com\/wp-content\/uploads\/2022\/09\/Alan-Cisneros-Fierro.png\" alt=\"Alan Cisneros Fierro\" data-srcset=\"https:\/\/beachhandballnews.com\/wp-content\/uploads\/2022\/09\/Alan-Cisneros-Fierro.png 1310w, https:\/\/beachhandballnews.com\/wp-content\/uploads\/2022\/09\/Alan-Cisneros-Fierro-300x273.png 300w, https:\/\/beachhandballnews.com\/wp-content\/uploads\/2022\/09\/Alan-Cisneros-Fierro-1024x932.png 1024w, https:\/\/beachhandballnews.com\/wp-content\/uploads\/2022\/09\/Alan-Cisneros-Fierro-768x699.png 768w, https:\/\/beachhandballnews.com\/wp-content\/uploads\/2022\/09\/Alan-Cisneros-Fierro-13x12.png 13w\" data-sizes=\"(max-width: 150px) 100vw, 150px\" src=\"data:image\/svg+xml;base64,PHN2ZyB3aWR0aD0iMSIgaGVpZ2h0PSIxIiB4bWxucz0iaHR0cDovL3d3dy53My5vcmcvMjAwMC9zdmciPjwvc3ZnPg==\" \/><\/td><td class=\"has-text-align-left\" data-align=\"left\">Alan Cisneros Fierro<\/td><td class=\"has-text-align-left\" data-align=\"left\">Mexiko<\/td><td class=\"has-text-align-left\" data-align=\"left\">Podcast-Produzent<\/td><\/tr><tr><td><img decoding=\"async\" width=\"150\" height=\"148\" class=\"wp-image-19333 lazyload\" style=\"--smush-placeholder-width: 150px; --smush-placeholder-aspect-ratio: 150\/148;width: 150px;\" data-src=\"https:\/\/beachhandballnews.com\/wp-content\/uploads\/2022\/09\/Alma-Richart.png\" alt=\"Alma Richart\" data-srcset=\"https:\/\/beachhandballnews.com\/wp-content\/uploads\/2022\/09\/Alma-Richart.png 866w, https:\/\/beachhandballnews.com\/wp-content\/uploads\/2022\/09\/Alma-Richart-300x296.png 300w, https:\/\/beachhandballnews.com\/wp-content\/uploads\/2022\/09\/Alma-Richart-768x757.png 768w, https:\/\/beachhandballnews.com\/wp-content\/uploads\/2022\/09\/Alma-Richart-12x12.png 12w, https:\/\/beachhandballnews.com\/wp-content\/uploads\/2022\/09\/Alma-Richart-80x80.png 80w\" data-sizes=\"(max-width: 150px) 100vw, 150px\" src=\"data:image\/svg+xml;base64,PHN2ZyB3aWR0aD0iMSIgaGVpZ2h0PSIxIiB4bWxucz0iaHR0cDovL3d3dy53My5vcmcvMjAwMC9zdmciPjwvc3ZnPg==\" \/><\/td><td class=\"has-text-align-left\" data-align=\"left\">Alma Mayo<\/td><td class=\"has-text-align-left\" data-align=\"left\">Spanien<\/td><td class=\"has-text-align-left\" data-align=\"left\">Gemeinschaftskoordinator<\/td><\/tr><tr><td><img decoding=\"async\" width=\"150\" height=\"176\" class=\"wp-image-19329 lazyload\" style=\"--smush-placeholder-width: 150px; --smush-placeholder-aspect-ratio: 150\/176;width: 150px;\" data-src=\"https:\/\/beachhandballnews.com\/wp-content\/uploads\/2022\/09\/Chalmers-Brown.png\" alt=\"Chalmers Braun\" data-srcset=\"https:\/\/beachhandballnews.com\/wp-content\/uploads\/2022\/09\/Chalmers-Brown.png 458w, https:\/\/beachhandballnews.com\/wp-content\/uploads\/2022\/09\/Chalmers-Brown-255x300.png 255w, https:\/\/beachhandballnews.com\/wp-content\/uploads\/2022\/09\/Chalmers-Brown-10x12.png 10w\" data-sizes=\"(max-width: 150px) 100vw, 150px\" src=\"data:image\/svg+xml;base64,PHN2ZyB3aWR0aD0iMSIgaGVpZ2h0PSIxIiB4bWxucz0iaHR0cDovL3d3dy53My5vcmcvMjAwMC9zdmciPjwvc3ZnPg==\" \/><\/td><td class=\"has-text-align-left\" data-align=\"left\">Chalmers Braun<\/td><td class=\"has-text-align-left\" data-align=\"left\">USA<\/td><td class=\"has-text-align-left\" data-align=\"left\">Beachhandball Nachrichten Besitzer<\/td><\/tr><\/tbody><\/table><\/figure>","protected":false},"excerpt":{"rendered":"<p>Our mission is simple: To unite communities around the world through sport, culture, and unique experiences. Why? Because we love beach handball, it\u2019s that simple. We believe Beach Handball is [&hellip;]<\/p>\n","protected":false},"author":1,"featured_media":0,"parent":0,"menu_order":0,"comment_status":"closed","ping_status":"closed","template":"page-fullwidth.php","meta":{"content-type":"","footnotes":""},"class_list":["post-269","page","type-page","status-publish","hentry"],"yoast_head":"<!-- This site is optimized with the Yoast SEO Premium plugin v17.8 (Yoast SEO v27.5) - https:\/\/yoast.com\/product\/yoast-seo-premium-wordpress\/ -->\n<title>Purpose - Beach Handball News<\/title>\n<meta name=\"description\" content=\"Our mission is to unite global communities through sport, culture, and unique experiences. Everyone is welcome here.\" \/>\n<meta name=\"robots\" content=\"index, follow, max-snippet:-1, max-image-preview:large, max-video-preview:-1\" \/>\n<link rel=\"canonical\" href=\"https:\/\/beachhandballnews.com\/de\/purpose\/\" \/>\n<meta property=\"og:locale\" content=\"de_DE\" \/>\n<meta property=\"og:type\" content=\"article\" \/>\n<meta property=\"og:title\" content=\"Uniting People\" \/>\n<meta property=\"og:description\" content=\"Our mission is to unite global communities through sport, culture, and unique experiences. Everyone is welcome here.\" \/>\n<meta property=\"og:url\" content=\"https:\/\/beachhandballnews.com\/de\/purpose\/\" \/>\n<meta property=\"og:site_name\" content=\"Beach Handball News\" \/>\n<meta property=\"article:publisher\" content=\"https:\/\/www.facebook.com\/beachhandballnews\" \/>\n<meta property=\"article:modified_time\" content=\"2022-09-12T18:28:49+00:00\" \/>\n<meta property=\"og:image\" content=\"https:\/\/beachhandballnews.com\/wp-content\/uploads\/2022\/09\/Eduardo-Villasana.png\" \/>\n<meta name=\"twitter:card\" content=\"summary_large_image\" \/>\n<meta name=\"twitter:site\" content=\"@beachandbalnews\" \/>\n<meta name=\"twitter:label1\" content=\"Gesch\u00e4tzte Lesezeit\" \/>\n\t<meta name=\"twitter:data1\" content=\"3\u00a0Minuten\" \/>\n<script type=\"application\/ld+json\" class=\"yoast-schema-graph\">{\"@context\":\"https:\\\/\\\/schema.org\",\"@graph\":[{\"@type\":\"WebPage\",\"@id\":\"https:\\\/\\\/beachhandballnews.com\\\/purpose\\\/\",\"url\":\"https:\\\/\\\/beachhandballnews.com\\\/purpose\\\/\",\"name\":\"Purpose - Beach Handball News\",\"isPartOf\":{\"@id\":\"https:\\\/\\\/beachhandballnews.com\\\/#website\"},\"primaryImageOfPage\":{\"@id\":\"https:\\\/\\\/beachhandballnews.com\\\/purpose\\\/#primaryimage\"},\"image\":{\"@id\":\"https:\\\/\\\/beachhandballnews.com\\\/purpose\\\/#primaryimage\"},\"thumbnailUrl\":\"https:\\\/\\\/beachhandballnews.com\\\/wp-content\\\/uploads\\\/2022\\\/09\\\/Eduardo-Villasana.png\",\"datePublished\":\"2021-09-19T18:06:59+00:00\",\"dateModified\":\"2022-09-12T18:28:49+00:00\",\"description\":\"Our mission is to unite global communities through sport, culture, and unique experiences. Everyone is welcome here.\",\"breadcrumb\":{\"@id\":\"https:\\\/\\\/beachhandballnews.com\\\/purpose\\\/#breadcrumb\"},\"inLanguage\":\"de\",\"potentialAction\":[{\"@type\":\"ReadAction\",\"target\":[\"https:\\\/\\\/beachhandballnews.com\\\/purpose\\\/\"]}]},{\"@type\":\"ImageObject\",\"inLanguage\":\"de\",\"@id\":\"https:\\\/\\\/beachhandballnews.com\\\/purpose\\\/#primaryimage\",\"url\":\"https:\\\/\\\/beachhandballnews.com\\\/wp-content\\\/uploads\\\/2022\\\/09\\\/Eduardo-Villasana.png\",\"contentUrl\":\"https:\\\/\\\/beachhandballnews.com\\\/wp-content\\\/uploads\\\/2022\\\/09\\\/Eduardo-Villasana.png\"},{\"@type\":\"BreadcrumbList\",\"@id\":\"https:\\\/\\\/beachhandballnews.com\\\/purpose\\\/#breadcrumb\",\"itemListElement\":[{\"@type\":\"ListItem\",\"position\":1,\"name\":\"Home\",\"item\":\"https:\\\/\\\/beachhandballnews.com\\\/\"},{\"@type\":\"ListItem\",\"position\":2,\"name\":\"Uniting People\"}]},{\"@type\":\"WebSite\",\"@id\":\"https:\\\/\\\/beachhandballnews.com\\\/#website\",\"url\":\"https:\\\/\\\/beachhandballnews.com\\\/\",\"name\":\"Beach Handball News\",\"description\":\"Coming Soon\",\"publisher\":{\"@id\":\"https:\\\/\\\/beachhandballnews.com\\\/#organization\"},\"potentialAction\":[{\"@type\":\"SearchAction\",\"target\":{\"@type\":\"EntryPoint\",\"urlTemplate\":\"https:\\\/\\\/beachhandballnews.com\\\/?s={search_term_string}\"},\"query-input\":{\"@type\":\"PropertyValueSpecification\",\"valueRequired\":true,\"valueName\":\"search_term_string\"}}],\"inLanguage\":\"de\"},{\"@type\":\"Organization\",\"@id\":\"https:\\\/\\\/beachhandballnews.com\\\/#organization\",\"name\":\"Beach Handball News\",\"url\":\"https:\\\/\\\/beachhandballnews.com\\\/\",\"logo\":{\"@type\":\"ImageObject\",\"inLanguage\":\"de\",\"@id\":\"https:\\\/\\\/beachhandballnews.com\\\/#\\\/schema\\\/logo\\\/image\\\/\",\"url\":\"https:\\\/\\\/beachhandballnews.com\\\/wp-content\\\/uploads\\\/2022\\\/01\\\/wordpress-logo-bhn-footer.png\",\"contentUrl\":\"https:\\\/\\\/beachhandballnews.com\\\/wp-content\\\/uploads\\\/2022\\\/01\\\/wordpress-logo-bhn-footer.png\",\"width\":152,\"height\":80,\"caption\":\"Beach Handball News\"},\"image\":{\"@id\":\"https:\\\/\\\/beachhandballnews.com\\\/#\\\/schema\\\/logo\\\/image\\\/\"},\"sameAs\":[\"https:\\\/\\\/www.facebook.com\\\/beachhandballnews\",\"https:\\\/\\\/x.com\\\/beachandbalnews\",\"https:\\\/\\\/www.instagram.com\\\/beachhandballnews\\\/\",\"https:\\\/\\\/www.linkedin.com\\\/company\\\/beach-handball-news\"]}]}<\/script>\n<!-- \/ Yoast SEO Premium plugin. -->","yoast_head_json":{"title":"Zweck - Beachhandball-News","description":"Unser Ziel ist es, globale Gemeinschaften durch Sport, Kultur und einzigartige Erfahrungen zu vereinen. Jeder ist bei uns willkommen.","robots":{"index":"index","follow":"follow","max-snippet":"max-snippet:-1","max-image-preview":"max-image-preview:large","max-video-preview":"max-video-preview:-1"},"canonical":"https:\/\/beachhandballnews.com\/de\/purpose\/","og_locale":"de_DE","og_type":"article","og_title":"Uniting People","og_description":"Our mission is to unite global communities through sport, culture, and unique experiences. Everyone is welcome here.","og_url":"https:\/\/beachhandballnews.com\/de\/purpose\/","og_site_name":"Beach Handball News","article_publisher":"https:\/\/www.facebook.com\/beachhandballnews","article_modified_time":"2022-09-12T18:28:49+00:00","og_image":[{"url":"https:\/\/beachhandballnews.com\/wp-content\/uploads\/2022\/09\/Eduardo-Villasana.png","type":"","width":"","height":""}],"twitter_card":"summary_large_image","twitter_site":"@beachandbalnews","twitter_misc":{"Gesch\u00e4tzte Lesezeit":"3\u00a0Minuten"},"schema":{"@context":"https:\/\/schema.org","@graph":[{"@type":"WebPage","@id":"https:\/\/beachhandballnews.com\/purpose\/","url":"https:\/\/beachhandballnews.com\/purpose\/","name":"Zweck - Beachhandball-News","isPartOf":{"@id":"https:\/\/beachhandballnews.com\/#website"},"primaryImageOfPage":{"@id":"https:\/\/beachhandballnews.com\/purpose\/#primaryimage"},"image":{"@id":"https:\/\/beachhandballnews.com\/purpose\/#primaryimage"},"thumbnailUrl":"https:\/\/beachhandballnews.com\/wp-content\/uploads\/2022\/09\/Eduardo-Villasana.png","datePublished":"2021-09-19T18:06:59+00:00","dateModified":"2022-09-12T18:28:49+00:00","description":"Unser Ziel ist es, globale Gemeinschaften durch Sport, Kultur und einzigartige Erfahrungen zu vereinen. Jeder ist bei uns willkommen.","breadcrumb":{"@id":"https:\/\/beachhandballnews.com\/purpose\/#breadcrumb"},"inLanguage":"de","potentialAction":[{"@type":"ReadAction","target":["https:\/\/beachhandballnews.com\/purpose\/"]}]},{"@type":"ImageObject","inLanguage":"de","@id":"https:\/\/beachhandballnews.com\/purpose\/#primaryimage","url":"https:\/\/beachhandballnews.com\/wp-content\/uploads\/2022\/09\/Eduardo-Villasana.png","contentUrl":"https:\/\/beachhandballnews.com\/wp-content\/uploads\/2022\/09\/Eduardo-Villasana.png"},{"@type":"BreadcrumbList","@id":"https:\/\/beachhandballnews.com\/purpose\/#breadcrumb","itemListElement":[{"@type":"ListItem","position":1,"name":"Home","item":"https:\/\/beachhandballnews.com\/"},{"@type":"ListItem","position":2,"name":"Uniting People"}]},{"@type":"WebSite","@id":"https:\/\/beachhandballnews.com\/#website","url":"https:\/\/beachhandballnews.com\/","name":"Beachhandball Nachrichten","description":"Demn\u00e4chst verf\u00fcgbar","publisher":{"@id":"https:\/\/beachhandballnews.com\/#organization"},"potentialAction":[{"@type":"SearchAction","target":{"@type":"EntryPoint","urlTemplate":"https:\/\/beachhandballnews.com\/?s={search_term_string}"},"query-input":{"@type":"PropertyValueSpecification","valueRequired":true,"valueName":"search_term_string"}}],"inLanguage":"de"},{"@type":"Organization","@id":"https:\/\/beachhandballnews.com\/#organization","name":"Beachhandball Nachrichten","url":"https:\/\/beachhandballnews.com\/","logo":{"@type":"ImageObject","inLanguage":"de","@id":"https:\/\/beachhandballnews.com\/#\/schema\/logo\/image\/","url":"https:\/\/beachhandballnews.com\/wp-content\/uploads\/2022\/01\/wordpress-logo-bhn-footer.png","contentUrl":"https:\/\/beachhandballnews.com\/wp-content\/uploads\/2022\/01\/wordpress-logo-bhn-footer.png","width":152,"height":80,"caption":"Beach Handball News"},"image":{"@id":"https:\/\/beachhandballnews.com\/#\/schema\/logo\/image\/"},"sameAs":["https:\/\/www.facebook.com\/beachhandballnews","https:\/\/x.com\/beachandbalnews","https:\/\/www.instagram.com\/beachhandballnews\/","https:\/\/www.linkedin.com\/company\/beach-handball-news"]}]}},"_links":{"self":[{"href":"https:\/\/beachhandballnews.com\/de\/wp-json\/wp\/v2\/pages\/269","targetHints":{"allow":["GET"]}}],"collection":[{"href":"https:\/\/beachhandballnews.com\/de\/wp-json\/wp\/v2\/pages"}],"about":[{"href":"https:\/\/beachhandballnews.com\/de\/wp-json\/wp\/v2\/types\/page"}],"author":[{"embeddable":true,"href":"https:\/\/beachhandballnews.com\/de\/wp-json\/wp\/v2\/users\/1"}],"replies":[{"embeddable":true,"href":"https:\/\/beachhandballnews.com\/de\/wp-json\/wp\/v2\/comments?post=269"}],"version-history":[{"count":0,"href":"https:\/\/beachhandballnews.com\/de\/wp-json\/wp\/v2\/pages\/269\/revisions"}],"wp:attachment":[{"href":"https:\/\/beachhandballnews.com\/de\/wp-json\/wp\/v2\/media?parent=269"}],"curies":[{"name":"wp","href":"https:\/\/api.w.org\/{rel}","templated":true}]}}