{"id":1022,"date":"2021-11-12T08:21:28","date_gmt":"2021-11-12T05:21:28","guid":{"rendered":"https:\/\/beachhandballnews.com\/?page_id=1022"},"modified":"2021-11-20T22:50:36","modified_gmt":"2021-11-21T06:50:36","slug":"the-history-of-beach-handball","status":"publish","type":"page","link":"https:\/\/beachhandballnews.com\/es\/the-history-of-beach-handball\/","title":{"rendered":"La historia del balonmano playa"},"content":{"rendered":"<p>En las \u00faltimas tres d\u00e9cadas, el balonmano de playa ha explotado en popularidad. Desde su aparici\u00f3n en Italia a principios de los a\u00f1os 90 hasta su aparici\u00f3n en los Juegos Ol\u00edmpicos de la Juventud de 2018, personas de todo el mundo han llegado a amar este deporte de ritmo r\u00e1pido. Su creciente afici\u00f3n tiene grandes objetivos, y muchos esperan que pronto se incorpore al programa ol\u00edmpico de mayores.&nbsp;<\/p>\n\n\n\n<p>Ahora que el balonmano de playa est\u00e1 en el punto de mira internacional, nunca ha habido mejor momento para interesarse por \u00e9l. Su ascenso desde un juego de moda en las playas de Italia hasta el escenario ol\u00edmpico es realmente una de las historias deportivas m\u00e1s incre\u00edbles de los \u00faltimos a\u00f1os.&nbsp;<\/p>\n\n\n\n<p><strong>Los inicios de un nuevo deporte<\/strong><\/p>\n\n\n\n<p>Simonetta Montagni, una entrenadora de balonmano italiana, fue una de las primeras personas en reconocer que jugar al balonmano en la playa pod\u00eda a\u00f1adir atractivo a este deporte. Inspirado por la enorme popularidad del voleibol de playa a finales de la d\u00e9cada de 1980, comenz\u00f3 a adaptar las reglas de juego para la arena.&nbsp;<\/p>\n\n\n\n<p>Mientras tanto, otros jugadores de toda Italia tambi\u00e9n se plantearon la posibilidad de llevar el balonmano a la playa.&nbsp;&nbsp;<\/p>\n\n\n\n<p>Para Gianni Buttarelli y Franco Schiano, la necesidad fue la madre de la invenci\u00f3n. Eran presidentes de un club de balonmano de la isla de Ponzo, una comunidad de apenas 3.000 habitantes frente a la costa de Cerde\u00f1a, que cada vez se sent\u00edan m\u00e1s frustrados por la falta de pistas disponibles. Ellos tambi\u00e9n se dieron cuenta de que jugar en la playa pod\u00eda crear nuevas oportunidades para ampliar la popularidad del balonmano.&nbsp;<\/p>\n\n\n\n<p>En 1990, Luciano Bartolini comenz\u00f3 a desarrollar el primer conjunto de reglas del juego a petici\u00f3n del reci\u00e9n elegido presidente de la Federaci\u00f3n Italiana de Balonmano. Bartolini aprovech\u00f3 las canchas de voleibol de playa preexistentes y adapt\u00f3 las reglas del juego para que se ajustaran a sus dimensiones. Su concepto utilizaba tres jugadores por equipo, m\u00e1s un portero, y hac\u00eda que la zona de sustituciones tuviera el mismo tama\u00f1o que la cancha.&nbsp;<\/p>\n\n\n\n<p><strong>Reconocimiento de la FIH<\/strong><\/p>\n\n\n\n<p>El primer partido de demostraci\u00f3n de balonmano playa se jug\u00f3 en Misano Adri\u00e1tico en 1992, y ese mismo a\u00f1o se celebr\u00f3 el primer torneo en Ponzo. Pronto se organiz\u00f3 un torneo internacional, en el que otros pa\u00edses de Europa que tambi\u00e9n hab\u00edan empezado a jugar al balonmano en la arena, como Holanda, Alemania, Portugal y Rusia, compitieron con equipos italianos en Teramo.&nbsp;<\/p>\n\n\n\n<p>Ralf Dejaco, presidente de la Federaci\u00f3n Italiana de Balonmano, lider\u00f3 la campa\u00f1a para reconocer oficialmente el balonmano de playa como deporte, con el apoyo financiero del Comit\u00e9 Ol\u00edmpico Italiano. En una reuni\u00f3n celebrada en Formia, los representantes de las federaciones holandesa e italiana de balonmano acordaron un conjunto de normas comunes y, en mayo de 1994, la Federaci\u00f3n Internacional de Balonmano reconoci\u00f3 oficialmente el balonmano de playa.&nbsp;<\/p>\n\n\n\n<p><strong>Creciente popularidad internacional&nbsp;<\/strong><\/p>\n\n\n\n<p>En octubre de 1995, la Federaci\u00f3n Europea de Balonmano cre\u00f3 el Grupo de Trabajo de Balonmano Playa con representantes de Austria, Italia, Pa\u00edses Bajos y Espa\u00f1a para seguir probando y modificando el m\u00e9todo de juego. Unos meses m\u00e1s tarde se form\u00f3 un grupo internacional, en reconocimiento de la creciente popularidad del juego en Sudam\u00e9rica.&nbsp;<\/p>\n\n\n\n<p>En 1997, el balonmano playa se jugaba en toda Europa, con un calendario de eventos que se celebraba en todo el continente. Pronto se crearon cursos para entrenadores y \u00e1rbitros de balonmano playa, lo que consolid\u00f3 la creciente popularidad de este deporte.&nbsp;<\/p>\n\n\n\n<p>El primer Campeonato Panamericano Masculino tuvo lugar en 1998, seguido por el primer Campeonato Europeo dos a\u00f1os despu\u00e9s. En 2003 se cre\u00f3 el Circuito Europeo de Balonmano de Playa, y al a\u00f1o siguiente se celebraron los primeros Campeonatos Mundiales en El Gouna. A lo largo de la siguiente d\u00e9cada, se celebraron m\u00e1s competiciones en Am\u00e9rica, Europa y Asia.&nbsp;<\/p>\n\n\n\n<p>A principios de la d\u00e9cada de 2010, este deporte adquiri\u00f3 una nueva popularidad entre los ni\u00f1os y los j\u00f3venes, ya que se a\u00f1adieron categor\u00edas de menor edad a los campeonatos de la Eurocopa.&nbsp;<\/p>\n\n\n\n<p><strong>Sue\u00f1os ol\u00edmpicos&nbsp;<\/strong><\/p>\n\n\n\n<p>El balonmano de playa sigue creciendo en popularidad, con competiciones internacionales que atraen a decenas de equipos de todo el mundo y a decenas de miles de aficionados.&nbsp;<\/p>\n\n\n\n<p>En 2019, la PGNiG Sumer Superliga, organizada anualmente desde 2017 por la Federaci\u00f3n Polaca de Balonmano, atrajo a 1000 atletas de ocho pa\u00edses, que participaron en tres torneos diferentes. Tambi\u00e9n llam\u00f3 la atenci\u00f3n de m\u00e1s de 80.000 aficionados de todo el mundo.&nbsp;<\/p>\n\n\n\n<p>Los Juegos Mundiales de Playa de ACNO, creados en 2019 por la Asociaci\u00f3n de Comit\u00e9s Ol\u00edmpicos Nacionales, tambi\u00e9n incluyen el balonmano playa en su programa. En el evento inaugural compitieron 12 equipos masculinos y 12 femeninos, representando a pa\u00edses de los cinco continentes y confirmando el inter\u00e9s internacional por el balonmano playa.&nbsp;<\/p>\n\n\n\n<p>Tal vez el torneo de mayor repercusi\u00f3n de este deporte hasta la fecha hayan sido los Juegos Ol\u00edmpicos de la Juventud de 2018. M\u00e1s de 200 j\u00f3venes atletas de 15 pa\u00edses participaron en Buenos Ares, atrayendo la atenci\u00f3n internacional y atrayendo nuevos aficionados a este deporte. El debut del balonmano de playa en los Juegos Ol\u00edmpicos de la Juventud tambi\u00e9n suscit\u00f3 un mayor inter\u00e9s por a\u00f1adir este deporte al programa ol\u00edmpico de mayores.&nbsp;<\/p>\n\n\n\n<p>El 11 de febrero de 2020, la FIH present\u00f3 una solicitud formal al Comit\u00e9 Ol\u00edmpico Internacional para incluir el balonmano playa en los Juegos Ol\u00edmpicos de Verano de 2024 en Par\u00eds, Francia. Aunque el COI decidi\u00f3 finalmente no incluirlo en los juegos de 2024 como consecuencia de la pandemia del COVID-19, todav\u00eda hay esperanzas de que pueda incluirse en 2028 en los Juegos Ol\u00edmpicos de Los \u00c1ngeles. El COI destac\u00f3 especialmente la creciente popularidad de este deporte y su \u00e9xito en los Juegos Ol\u00edmpicos de la Juventud de 2018.&nbsp;<\/p>\n\n\n\n<p><strong>El futuro del balonmano playa&nbsp;<\/strong><\/p>\n\n\n\n<p>Aunque los aficionados no podr\u00e1n ver el balonmano de playa en los Juegos de Par\u00eds 2024, todav\u00eda hay algunos torneos importantes que esperar.&nbsp;<\/p>\n\n\n\n<p>Los Campeonatos del Mundo de Balonmano Playa Masculino y Femenino de 2022 y los Campeonatos del Mundo de Balonmano Playa Juvenil se anunciar\u00e1n en noviembre de 2021. Se espera que compitan decenas de equipos de todo el mundo.&nbsp;&nbsp;<\/p>\n\n\n\n<p>Los Juegos Mundiales de Birmingham (Estados Unidos), en julio de 2022, contar\u00e1n con la presencia del balonmano playa por cuarta vez, mientras que los Juegos Ol\u00edmpicos de la Juventud de Dakar 2026 (originalmente programados para 2022) tambi\u00e9n volver\u00e1n a contar con este deporte. Es probable que estos dos eventos aporten m\u00e1s popularidad y atraigan a nuevos aficionados al balonmano de playa.<\/p>\n\n\n\n<p>El deporte del balonmano playa ha recorrido un largo camino desde sus or\u00edgenes en una peque\u00f1a isla de Italia. Ahora lo practican en todo el mundo miles de atletas, que representan a diferentes pa\u00edses, grupos de edad y niveles de juego. El futuro de este deporte parece brillante, ya que las competiciones de alto nivel y las ambiciones ol\u00edmpicas atraen a nuevos aficionados de todo el mundo a este deporte.&nbsp;<\/p>","protected":false},"excerpt":{"rendered":"<p>Over the last three decades, beach handball has exploded in popularity. From its emergence in Italy in the early 1990s to its appearance at the 2018 Youth Olympic Games, people [&hellip;]<\/p>\n","protected":false},"author":6,"featured_media":1023,"parent":0,"menu_order":0,"comment_status":"closed","ping_status":"closed","template":"","meta":{"content-type":"","footnotes":""},"class_list":["post-1022","page","type-page","status-publish","has-post-thumbnail","hentry"],"yoast_head":"<!-- This site is optimized with the Yoast SEO Premium plugin v17.8 (Yoast SEO v27.6) - https:\/\/yoast.com\/product\/yoast-seo-premium-wordpress\/ -->\n<title>The History of Beach Handball - Beach Handball News<\/title>\n<meta name=\"robots\" content=\"index, follow, max-snippet:-1, max-image-preview:large, max-video-preview:-1\" \/>\n<link rel=\"canonical\" href=\"https:\/\/beachhandballnews.com\/es\/the-history-of-beach-handball\/\" \/>\n<meta property=\"og:locale\" content=\"es_ES\" \/>\n<meta property=\"og:type\" content=\"article\" \/>\n<meta property=\"og:title\" content=\"The History of Beach Handball\" \/>\n<meta property=\"og:description\" content=\"Over the last three decades, beach handball has exploded in popularity. From its emergence in Italy in the early 1990s to its appearance at the 2018 Youth Olympic Games, people [&hellip;]\" \/>\n<meta property=\"og:url\" content=\"https:\/\/beachhandballnews.com\/es\/the-history-of-beach-handball\/\" \/>\n<meta property=\"og:site_name\" content=\"Beach Handball News\" \/>\n<meta property=\"article:publisher\" content=\"https:\/\/www.facebook.com\/beachhandballnews\" \/>\n<meta property=\"article:modified_time\" content=\"2021-11-21T06:50:36+00:00\" \/>\n<meta property=\"og:image\" content=\"https:\/\/beachhandballnews.com\/wp-content\/uploads\/2021\/11\/handball_1400.jpg\" \/>\n\t<meta property=\"og:image:width\" content=\"1400\" \/>\n\t<meta property=\"og:image:height\" content=\"933\" \/>\n\t<meta property=\"og:image:type\" content=\"image\/jpeg\" \/>\n<meta name=\"twitter:card\" content=\"summary_large_image\" \/>\n<meta name=\"twitter:site\" content=\"@beachandbalnews\" \/>\n<meta name=\"twitter:label1\" content=\"Tiempo de lectura\" \/>\n\t<meta name=\"twitter:data1\" content=\"5 minutos\" \/>\n<script type=\"application\/ld+json\" class=\"yoast-schema-graph\">{\"@context\":\"https:\\\/\\\/schema.org\",\"@graph\":[{\"@type\":\"WebPage\",\"@id\":\"https:\\\/\\\/beachhandballnews.com\\\/the-history-of-beach-handball\\\/\",\"url\":\"https:\\\/\\\/beachhandballnews.com\\\/the-history-of-beach-handball\\\/\",\"name\":\"The History of Beach Handball - Beach Handball News\",\"isPartOf\":{\"@id\":\"https:\\\/\\\/beachhandballnews.com\\\/#website\"},\"primaryImageOfPage\":{\"@id\":\"https:\\\/\\\/beachhandballnews.com\\\/the-history-of-beach-handball\\\/#primaryimage\"},\"image\":{\"@id\":\"https:\\\/\\\/beachhandballnews.com\\\/the-history-of-beach-handball\\\/#primaryimage\"},\"thumbnailUrl\":\"https:\\\/\\\/beachhandballnews.com\\\/wp-content\\\/uploads\\\/2021\\\/11\\\/handball_1400.jpg\",\"datePublished\":\"2021-11-12T05:21:28+00:00\",\"dateModified\":\"2021-11-21T06:50:36+00:00\",\"breadcrumb\":{\"@id\":\"https:\\\/\\\/beachhandballnews.com\\\/the-history-of-beach-handball\\\/#breadcrumb\"},\"inLanguage\":\"es\",\"potentialAction\":[{\"@type\":\"ReadAction\",\"target\":[\"https:\\\/\\\/beachhandballnews.com\\\/the-history-of-beach-handball\\\/\"]}]},{\"@type\":\"ImageObject\",\"inLanguage\":\"es\",\"@id\":\"https:\\\/\\\/beachhandballnews.com\\\/the-history-of-beach-handball\\\/#primaryimage\",\"url\":\"https:\\\/\\\/beachhandballnews.com\\\/wp-content\\\/uploads\\\/2021\\\/11\\\/handball_1400.jpg\",\"contentUrl\":\"https:\\\/\\\/beachhandballnews.com\\\/wp-content\\\/uploads\\\/2021\\\/11\\\/handball_1400.jpg\",\"width\":1400,\"height\":933,\"caption\":\"BUENOS AIRES, ARGENTINA - OCTOBER 13: Lynn Klesserof Netherlands takes a shot during a Women's Bronze Medal Match during day 7 of Buenos Aires 2018 Youth Olympic Games at Green Park on October 13, 2018 in Buenos Aires, Argentina. (Photo by Marcelo Endelli\\\/Getty Images)\"},{\"@type\":\"BreadcrumbList\",\"@id\":\"https:\\\/\\\/beachhandballnews.com\\\/the-history-of-beach-handball\\\/#breadcrumb\",\"itemListElement\":[{\"@type\":\"ListItem\",\"position\":1,\"name\":\"Home\",\"item\":\"https:\\\/\\\/beachhandballnews.com\\\/\"},{\"@type\":\"ListItem\",\"position\":2,\"name\":\"The History of Beach Handball\"}]},{\"@type\":\"WebSite\",\"@id\":\"https:\\\/\\\/beachhandballnews.com\\\/#website\",\"url\":\"https:\\\/\\\/beachhandballnews.com\\\/\",\"name\":\"Beach Handball News\",\"description\":\"Coming Soon\",\"publisher\":{\"@id\":\"https:\\\/\\\/beachhandballnews.com\\\/#organization\"},\"potentialAction\":[{\"@type\":\"SearchAction\",\"target\":{\"@type\":\"EntryPoint\",\"urlTemplate\":\"https:\\\/\\\/beachhandballnews.com\\\/?s={search_term_string}\"},\"query-input\":{\"@type\":\"PropertyValueSpecification\",\"valueRequired\":true,\"valueName\":\"search_term_string\"}}],\"inLanguage\":\"es\"},{\"@type\":\"Organization\",\"@id\":\"https:\\\/\\\/beachhandballnews.com\\\/#organization\",\"name\":\"Beach Handball News\",\"url\":\"https:\\\/\\\/beachhandballnews.com\\\/\",\"logo\":{\"@type\":\"ImageObject\",\"inLanguage\":\"es\",\"@id\":\"https:\\\/\\\/beachhandballnews.com\\\/#\\\/schema\\\/logo\\\/image\\\/\",\"url\":\"https:\\\/\\\/beachhandballnews.com\\\/wp-content\\\/uploads\\\/2022\\\/01\\\/wordpress-logo-bhn-footer.png\",\"contentUrl\":\"https:\\\/\\\/beachhandballnews.com\\\/wp-content\\\/uploads\\\/2022\\\/01\\\/wordpress-logo-bhn-footer.png\",\"width\":152,\"height\":80,\"caption\":\"Beach Handball News\"},\"image\":{\"@id\":\"https:\\\/\\\/beachhandballnews.com\\\/#\\\/schema\\\/logo\\\/image\\\/\"},\"sameAs\":[\"https:\\\/\\\/www.facebook.com\\\/beachhandballnews\",\"https:\\\/\\\/x.com\\\/beachandbalnews\",\"https:\\\/\\\/www.instagram.com\\\/beachhandballnews\\\/\",\"https:\\\/\\\/www.linkedin.com\\\/company\\\/beach-handball-news\"]}]}<\/script>\n<!-- \/ Yoast SEO Premium plugin. -->","yoast_head_json":{"title":"La historia del balonmano playa - Noticias de balonmano playa","robots":{"index":"index","follow":"follow","max-snippet":"max-snippet:-1","max-image-preview":"max-image-preview:large","max-video-preview":"max-video-preview:-1"},"canonical":"https:\/\/beachhandballnews.com\/es\/the-history-of-beach-handball\/","og_locale":"es_ES","og_type":"article","og_title":"The History of Beach Handball","og_description":"Over the last three decades, beach handball has exploded in popularity. From its emergence in Italy in the early 1990s to its appearance at the 2018 Youth Olympic Games, people [&hellip;]","og_url":"https:\/\/beachhandballnews.com\/es\/the-history-of-beach-handball\/","og_site_name":"Beach Handball News","article_publisher":"https:\/\/www.facebook.com\/beachhandballnews","article_modified_time":"2021-11-21T06:50:36+00:00","og_image":[{"width":1400,"height":933,"url":"https:\/\/beachhandballnews.com\/wp-content\/uploads\/2021\/11\/handball_1400.jpg","type":"image\/jpeg"}],"twitter_card":"summary_large_image","twitter_site":"@beachandbalnews","twitter_misc":{"Tiempo de lectura":"5 minutos"},"schema":{"@context":"https:\/\/schema.org","@graph":[{"@type":"WebPage","@id":"https:\/\/beachhandballnews.com\/the-history-of-beach-handball\/","url":"https:\/\/beachhandballnews.com\/the-history-of-beach-handball\/","name":"La historia del balonmano playa - Noticias de balonmano playa","isPartOf":{"@id":"https:\/\/beachhandballnews.com\/#website"},"primaryImageOfPage":{"@id":"https:\/\/beachhandballnews.com\/the-history-of-beach-handball\/#primaryimage"},"image":{"@id":"https:\/\/beachhandballnews.com\/the-history-of-beach-handball\/#primaryimage"},"thumbnailUrl":"https:\/\/beachhandballnews.com\/wp-content\/uploads\/2021\/11\/handball_1400.jpg","datePublished":"2021-11-12T05:21:28+00:00","dateModified":"2021-11-21T06:50:36+00:00","breadcrumb":{"@id":"https:\/\/beachhandballnews.com\/the-history-of-beach-handball\/#breadcrumb"},"inLanguage":"es","potentialAction":[{"@type":"ReadAction","target":["https:\/\/beachhandballnews.com\/the-history-of-beach-handball\/"]}]},{"@type":"ImageObject","inLanguage":"es","@id":"https:\/\/beachhandballnews.com\/the-history-of-beach-handball\/#primaryimage","url":"https:\/\/beachhandballnews.com\/wp-content\/uploads\/2021\/11\/handball_1400.jpg","contentUrl":"https:\/\/beachhandballnews.com\/wp-content\/uploads\/2021\/11\/handball_1400.jpg","width":1400,"height":933,"caption":"BUENOS AIRES, ARGENTINA - OCTOBER 13: Lynn Klesserof Netherlands takes a shot during a Women's Bronze Medal Match during day 7 of Buenos Aires 2018 Youth Olympic Games at Green Park on October 13, 2018 in Buenos Aires, Argentina. (Photo by Marcelo Endelli\/Getty Images)"},{"@type":"BreadcrumbList","@id":"https:\/\/beachhandballnews.com\/the-history-of-beach-handball\/#breadcrumb","itemListElement":[{"@type":"ListItem","position":1,"name":"Home","item":"https:\/\/beachhandballnews.com\/"},{"@type":"ListItem","position":2,"name":"The History of Beach Handball"}]},{"@type":"WebSite","@id":"https:\/\/beachhandballnews.com\/#website","url":"https:\/\/beachhandballnews.com\/","name":"Noticias de balonmano playa","description":"Pr\u00f3ximamente","publisher":{"@id":"https:\/\/beachhandballnews.com\/#organization"},"potentialAction":[{"@type":"SearchAction","target":{"@type":"EntryPoint","urlTemplate":"https:\/\/beachhandballnews.com\/?s={search_term_string}"},"query-input":{"@type":"PropertyValueSpecification","valueRequired":true,"valueName":"search_term_string"}}],"inLanguage":"es"},{"@type":"Organization","@id":"https:\/\/beachhandballnews.com\/#organization","name":"Noticias de balonmano playa","url":"https:\/\/beachhandballnews.com\/","logo":{"@type":"ImageObject","inLanguage":"es","@id":"https:\/\/beachhandballnews.com\/#\/schema\/logo\/image\/","url":"https:\/\/beachhandballnews.com\/wp-content\/uploads\/2022\/01\/wordpress-logo-bhn-footer.png","contentUrl":"https:\/\/beachhandballnews.com\/wp-content\/uploads\/2022\/01\/wordpress-logo-bhn-footer.png","width":152,"height":80,"caption":"Beach Handball News"},"image":{"@id":"https:\/\/beachhandballnews.com\/#\/schema\/logo\/image\/"},"sameAs":["https:\/\/www.facebook.com\/beachhandballnews","https:\/\/x.com\/beachandbalnews","https:\/\/www.instagram.com\/beachhandballnews\/","https:\/\/www.linkedin.com\/company\/beach-handball-news"]}]}},"_links":{"self":[{"href":"https:\/\/beachhandballnews.com\/es\/wp-json\/wp\/v2\/pages\/1022","targetHints":{"allow":["GET"]}}],"collection":[{"href":"https:\/\/beachhandballnews.com\/es\/wp-json\/wp\/v2\/pages"}],"about":[{"href":"https:\/\/beachhandballnews.com\/es\/wp-json\/wp\/v2\/types\/page"}],"author":[{"embeddable":true,"href":"https:\/\/beachhandballnews.com\/es\/wp-json\/wp\/v2\/users\/6"}],"replies":[{"embeddable":true,"href":"https:\/\/beachhandballnews.com\/es\/wp-json\/wp\/v2\/comments?post=1022"}],"version-history":[{"count":0,"href":"https:\/\/beachhandballnews.com\/es\/wp-json\/wp\/v2\/pages\/1022\/revisions"}],"wp:featuredmedia":[{"embeddable":true,"href":"https:\/\/beachhandballnews.com\/es\/wp-json\/wp\/v2\/media\/1023"}],"wp:attachment":[{"href":"https:\/\/beachhandballnews.com\/es\/wp-json\/wp\/v2\/media?parent=1022"}],"curies":[{"name":"wp","href":"https:\/\/api.w.org\/{rel}","templated":true}]}}