{"id":269,"date":"2021-09-19T21:06:59","date_gmt":"2021-09-19T18:06:59","guid":{"rendered":"https:\/\/beachhandballnews.com\/?page_id=269"},"modified":"2022-09-12T11:28:49","modified_gmt":"2022-09-12T18:28:49","slug":"purpose","status":"publish","type":"page","link":"https:\/\/beachhandballnews.com\/es\/purpose\/","title":{"rendered":"Unir a la gente"},"content":{"rendered":"<p><strong>Nuestra misi\u00f3n es sencilla:<\/strong> Unir a las comunidades de todo el mundo a trav\u00e9s del deporte, la cultura y las experiencias \u00fanicas.<\/p>\n\n\n\n<p><strong>\u00bfPor qu\u00e9?<\/strong> Porque <span style=\"color:#98261f\" class=\"has-inline-color\">nos encanta el balonmano playa<\/span>Es as\u00ed de sencillo. Creemos que el balonmano playa es un deporte que el mundo puede adoptar y apreciar realmente, desde las culturas, hasta la gente y las hermosas playas en las que se juega.<\/p>\n\n\n\n<p>Pero seguir el deporte puede suponer un gran esfuerzo. Significa buscar en varios idiomas y seguir cientos de cuentas en las redes sociales. Adem\u00e1s, cada torneo tiene su propia forma de crear una experiencia para los aficionados, por lo que puede ser dif\u00edcil disfrutar de los partidos y aprender m\u00e1s sobre nuestros equipos favoritos.<\/p>\n\n\n\n<p>Si fuera m\u00e1s f\u00e1cil ser aficionado al balonmano playa, a\u00fan m\u00e1s gente podr\u00eda formar parte de esta incre\u00edble comunidad. Pensamos que ser\u00eda incre\u00edble que existiera un lugar donde la gente de todo el mundo que ama el balonmano playa pudiera conectarse con jugadores y equipos locales e internacionales, y encontrar noticias y actualizaciones de los torneos en un idioma que entiendan.<\/p>\n\n\n\n<p>As\u00ed que empezamos un <a href=\"https:\/\/www.instagram.com\/beachhandballnews\/\" target=\"_blank\" rel=\"noreferrer noopener\">P\u00e1gina de Instagram<\/a> donde pod\u00edamos compartir contenido global sobre el balonmano playa y reunir a jugadores y aficionados. Creci\u00f3 r\u00e1pidamente y pronto tuvimos un grupo de seguidores muy comprometidos que estaban entusiasmados con el futuro del balonmano playa. Fue un buen comienzo, pero sab\u00edamos que pod\u00edamos hacer m\u00e1s, as\u00ed que creamos este sitio web para llevar nuestra marca al siguiente nivel.<\/p>\n\n\n\n<p><strong>\u00bfC\u00f3mo?<\/strong> Nuestro sitio web es el hogar de una comunidad global de personas que aman el balonmano playa. Aqu\u00ed encontrar\u00e1s contenidos creados en colaboraci\u00f3n con los jugadores, noticias sobre tus equipos favoritos y un grupo de personas que comparten tu amor por el balonmano playa. Incluso puedes enviar tus propios contenidos para que aparezcan.<\/p>\n\n\n\n<p>Todo el mundo es bienvenido aqu\u00ed, y estamos muy contentos de ver crecer esta comunidad con la ayuda de los aficionados, los jugadores y los equipos que hacen grande este deporte.<\/p>\n\n\n\n<p>Gracias por formar parte de la comunidad.<\/p>\n\n\n\n<p><\/p>\n\n\n\n<h2 class=\"wp-block-heading\" id=\"h-community-leaders\">L\u00edderes comunitarios<\/h2>\n\n\n\n<p>Beach Handball News no es nada sin las personas que dedican innumerables horas a ayudar a alcanzar su m\u00e1ximo potencial porque ven el potencial de lo que podemos construir juntos. Si est\u00e1s interesado en ser un l\u00edder de la comunidad, por favor, ponte en contacto con nosotros acerca de un papel que te veas desempe\u00f1ando. Siempre estamos buscando nuevas formas de ampliar nuestro equipo.<\/p>\n\n\n\n<figure id=\"community-leaders\" class=\"wp-block-table is-style-regular has-medium-font-size\"><table><thead><tr><th><\/th><th class=\"has-text-align-left\" data-align=\"left\">Nombre<\/th><th class=\"has-text-align-left\" data-align=\"left\">Pa\u00eds<\/th><th class=\"has-text-align-left\" data-align=\"left\">T\u00edtulo<\/th><\/tr><\/thead><tbody><tr><td><img decoding=\"async\" width=\"150\" height=\"147\" class=\"wp-image-19307 lazyload\" style=\"--smush-placeholder-width: 150px; --smush-placeholder-aspect-ratio: 150\/147;width: 150px;\" data-src=\"https:\/\/beachhandballnews.com\/wp-content\/uploads\/2022\/09\/Eduardo-Villasana.png\" alt=\"Eduardo Villasana\" data-srcset=\"https:\/\/beachhandballnews.com\/wp-content\/uploads\/2022\/09\/Eduardo-Villasana.png 1342w, https:\/\/beachhandballnews.com\/wp-content\/uploads\/2022\/09\/Eduardo-Villasana-300x293.png 300w, https:\/\/beachhandballnews.com\/wp-content\/uploads\/2022\/09\/Eduardo-Villasana-1024x1001.png 1024w, https:\/\/beachhandballnews.com\/wp-content\/uploads\/2022\/09\/Eduardo-Villasana-768x751.png 768w, https:\/\/beachhandballnews.com\/wp-content\/uploads\/2022\/09\/Eduardo-Villasana-12x12.png 12w\" data-sizes=\"(max-width: 150px) 100vw, 150px\" src=\"data:image\/svg+xml;base64,PHN2ZyB3aWR0aD0iMSIgaGVpZ2h0PSIxIiB4bWxucz0iaHR0cDovL3d3dy53My5vcmcvMjAwMC9zdmciPjwvc3ZnPg==\" \/><\/td><td class=\"has-text-align-left\" data-align=\"left\">Eduardo Villasana<\/td><td class=\"has-text-align-left\" data-align=\"left\">M\u00e9xico<\/td><td class=\"has-text-align-left\" data-align=\"left\">Productor de podcasts<\/td><\/tr><tr><td><img decoding=\"async\" width=\"150\" height=\"136\" class=\"wp-image-19306 lazyload\" style=\"--smush-placeholder-width: 150px; --smush-placeholder-aspect-ratio: 150\/136;width: 150px;\" data-src=\"https:\/\/beachhandballnews.com\/wp-content\/uploads\/2022\/09\/Alan-Cisneros-Fierro.png\" alt=\"Alan Cisneros Fierro\" data-srcset=\"https:\/\/beachhandballnews.com\/wp-content\/uploads\/2022\/09\/Alan-Cisneros-Fierro.png 1310w, https:\/\/beachhandballnews.com\/wp-content\/uploads\/2022\/09\/Alan-Cisneros-Fierro-300x273.png 300w, https:\/\/beachhandballnews.com\/wp-content\/uploads\/2022\/09\/Alan-Cisneros-Fierro-1024x932.png 1024w, https:\/\/beachhandballnews.com\/wp-content\/uploads\/2022\/09\/Alan-Cisneros-Fierro-768x699.png 768w, https:\/\/beachhandballnews.com\/wp-content\/uploads\/2022\/09\/Alan-Cisneros-Fierro-13x12.png 13w\" data-sizes=\"(max-width: 150px) 100vw, 150px\" src=\"data:image\/svg+xml;base64,PHN2ZyB3aWR0aD0iMSIgaGVpZ2h0PSIxIiB4bWxucz0iaHR0cDovL3d3dy53My5vcmcvMjAwMC9zdmciPjwvc3ZnPg==\" \/><\/td><td class=\"has-text-align-left\" data-align=\"left\">Alan Cisneros Fierro<\/td><td class=\"has-text-align-left\" data-align=\"left\">M\u00e9xico<\/td><td class=\"has-text-align-left\" data-align=\"left\">Productor de podcasts<\/td><\/tr><tr><td><img decoding=\"async\" width=\"150\" height=\"148\" class=\"wp-image-19333 lazyload\" style=\"--smush-placeholder-width: 150px; --smush-placeholder-aspect-ratio: 150\/148;width: 150px;\" data-src=\"https:\/\/beachhandballnews.com\/wp-content\/uploads\/2022\/09\/Alma-Richart.png\" alt=\"Alma Richart\" data-srcset=\"https:\/\/beachhandballnews.com\/wp-content\/uploads\/2022\/09\/Alma-Richart.png 866w, https:\/\/beachhandballnews.com\/wp-content\/uploads\/2022\/09\/Alma-Richart-300x296.png 300w, https:\/\/beachhandballnews.com\/wp-content\/uploads\/2022\/09\/Alma-Richart-768x757.png 768w, https:\/\/beachhandballnews.com\/wp-content\/uploads\/2022\/09\/Alma-Richart-12x12.png 12w, https:\/\/beachhandballnews.com\/wp-content\/uploads\/2022\/09\/Alma-Richart-80x80.png 80w\" data-sizes=\"(max-width: 150px) 100vw, 150px\" src=\"data:image\/svg+xml;base64,PHN2ZyB3aWR0aD0iMSIgaGVpZ2h0PSIxIiB4bWxucz0iaHR0cDovL3d3dy53My5vcmcvMjAwMC9zdmciPjwvc3ZnPg==\" \/><\/td><td class=\"has-text-align-left\" data-align=\"left\">Alma Mayo<\/td><td class=\"has-text-align-left\" data-align=\"left\">Espa\u00f1a<\/td><td class=\"has-text-align-left\" data-align=\"left\">Coordinador de la Comunidad<\/td><\/tr><tr><td><img decoding=\"async\" width=\"150\" height=\"176\" class=\"wp-image-19329 lazyload\" style=\"--smush-placeholder-width: 150px; --smush-placeholder-aspect-ratio: 150\/176;width: 150px;\" data-src=\"https:\/\/beachhandballnews.com\/wp-content\/uploads\/2022\/09\/Chalmers-Brown.png\" alt=\"Chalmers Brown\" data-srcset=\"https:\/\/beachhandballnews.com\/wp-content\/uploads\/2022\/09\/Chalmers-Brown.png 458w, https:\/\/beachhandballnews.com\/wp-content\/uploads\/2022\/09\/Chalmers-Brown-255x300.png 255w, https:\/\/beachhandballnews.com\/wp-content\/uploads\/2022\/09\/Chalmers-Brown-10x12.png 10w\" data-sizes=\"(max-width: 150px) 100vw, 150px\" src=\"data:image\/svg+xml;base64,PHN2ZyB3aWR0aD0iMSIgaGVpZ2h0PSIxIiB4bWxucz0iaHR0cDovL3d3dy53My5vcmcvMjAwMC9zdmciPjwvc3ZnPg==\" \/><\/td><td class=\"has-text-align-left\" data-align=\"left\">Chalmers Brown<\/td><td class=\"has-text-align-left\" data-align=\"left\">EE.UU.<\/td><td class=\"has-text-align-left\" data-align=\"left\">Noticias de balonmano playa Propietario<\/td><\/tr><\/tbody><\/table><\/figure>","protected":false},"excerpt":{"rendered":"<p>Our mission is simple: To unite communities around the world through sport, culture, and unique experiences. Why? Because we love beach handball, it\u2019s that simple. We believe Beach Handball is [&hellip;]<\/p>\n","protected":false},"author":1,"featured_media":0,"parent":0,"menu_order":0,"comment_status":"closed","ping_status":"closed","template":"page-fullwidth.php","meta":{"content-type":"","footnotes":""},"class_list":["post-269","page","type-page","status-publish","hentry"],"yoast_head":"<!-- This site is optimized with the Yoast SEO Premium plugin v17.8 (Yoast SEO v27.5) - https:\/\/yoast.com\/product\/yoast-seo-premium-wordpress\/ -->\n<title>Purpose - Beach Handball News<\/title>\n<meta name=\"description\" content=\"Our mission is to unite global communities through sport, culture, and unique experiences. Everyone is welcome here.\" \/>\n<meta name=\"robots\" content=\"index, follow, max-snippet:-1, max-image-preview:large, max-video-preview:-1\" \/>\n<link rel=\"canonical\" href=\"https:\/\/beachhandballnews.com\/es\/purpose\/\" \/>\n<meta property=\"og:locale\" content=\"es_ES\" \/>\n<meta property=\"og:type\" content=\"article\" \/>\n<meta property=\"og:title\" content=\"Uniting People\" \/>\n<meta property=\"og:description\" content=\"Our mission is to unite global communities through sport, culture, and unique experiences. Everyone is welcome here.\" \/>\n<meta property=\"og:url\" content=\"https:\/\/beachhandballnews.com\/es\/purpose\/\" \/>\n<meta property=\"og:site_name\" content=\"Beach Handball News\" \/>\n<meta property=\"article:publisher\" content=\"https:\/\/www.facebook.com\/beachhandballnews\" \/>\n<meta property=\"article:modified_time\" content=\"2022-09-12T18:28:49+00:00\" \/>\n<meta property=\"og:image\" content=\"https:\/\/beachhandballnews.com\/wp-content\/uploads\/2022\/09\/Eduardo-Villasana.png\" \/>\n<meta name=\"twitter:card\" content=\"summary_large_image\" \/>\n<meta name=\"twitter:site\" content=\"@beachandbalnews\" \/>\n<meta name=\"twitter:label1\" content=\"Tiempo de lectura\" \/>\n\t<meta name=\"twitter:data1\" content=\"3 minutos\" \/>\n<script type=\"application\/ld+json\" class=\"yoast-schema-graph\">{\"@context\":\"https:\\\/\\\/schema.org\",\"@graph\":[{\"@type\":\"WebPage\",\"@id\":\"https:\\\/\\\/beachhandballnews.com\\\/purpose\\\/\",\"url\":\"https:\\\/\\\/beachhandballnews.com\\\/purpose\\\/\",\"name\":\"Purpose - Beach Handball News\",\"isPartOf\":{\"@id\":\"https:\\\/\\\/beachhandballnews.com\\\/#website\"},\"primaryImageOfPage\":{\"@id\":\"https:\\\/\\\/beachhandballnews.com\\\/purpose\\\/#primaryimage\"},\"image\":{\"@id\":\"https:\\\/\\\/beachhandballnews.com\\\/purpose\\\/#primaryimage\"},\"thumbnailUrl\":\"https:\\\/\\\/beachhandballnews.com\\\/wp-content\\\/uploads\\\/2022\\\/09\\\/Eduardo-Villasana.png\",\"datePublished\":\"2021-09-19T18:06:59+00:00\",\"dateModified\":\"2022-09-12T18:28:49+00:00\",\"description\":\"Our mission is to unite global communities through sport, culture, and unique experiences. Everyone is welcome here.\",\"breadcrumb\":{\"@id\":\"https:\\\/\\\/beachhandballnews.com\\\/purpose\\\/#breadcrumb\"},\"inLanguage\":\"es\",\"potentialAction\":[{\"@type\":\"ReadAction\",\"target\":[\"https:\\\/\\\/beachhandballnews.com\\\/purpose\\\/\"]}]},{\"@type\":\"ImageObject\",\"inLanguage\":\"es\",\"@id\":\"https:\\\/\\\/beachhandballnews.com\\\/purpose\\\/#primaryimage\",\"url\":\"https:\\\/\\\/beachhandballnews.com\\\/wp-content\\\/uploads\\\/2022\\\/09\\\/Eduardo-Villasana.png\",\"contentUrl\":\"https:\\\/\\\/beachhandballnews.com\\\/wp-content\\\/uploads\\\/2022\\\/09\\\/Eduardo-Villasana.png\"},{\"@type\":\"BreadcrumbList\",\"@id\":\"https:\\\/\\\/beachhandballnews.com\\\/purpose\\\/#breadcrumb\",\"itemListElement\":[{\"@type\":\"ListItem\",\"position\":1,\"name\":\"Home\",\"item\":\"https:\\\/\\\/beachhandballnews.com\\\/\"},{\"@type\":\"ListItem\",\"position\":2,\"name\":\"Uniting People\"}]},{\"@type\":\"WebSite\",\"@id\":\"https:\\\/\\\/beachhandballnews.com\\\/#website\",\"url\":\"https:\\\/\\\/beachhandballnews.com\\\/\",\"name\":\"Beach Handball News\",\"description\":\"Coming Soon\",\"publisher\":{\"@id\":\"https:\\\/\\\/beachhandballnews.com\\\/#organization\"},\"potentialAction\":[{\"@type\":\"SearchAction\",\"target\":{\"@type\":\"EntryPoint\",\"urlTemplate\":\"https:\\\/\\\/beachhandballnews.com\\\/?s={search_term_string}\"},\"query-input\":{\"@type\":\"PropertyValueSpecification\",\"valueRequired\":true,\"valueName\":\"search_term_string\"}}],\"inLanguage\":\"es\"},{\"@type\":\"Organization\",\"@id\":\"https:\\\/\\\/beachhandballnews.com\\\/#organization\",\"name\":\"Beach Handball News\",\"url\":\"https:\\\/\\\/beachhandballnews.com\\\/\",\"logo\":{\"@type\":\"ImageObject\",\"inLanguage\":\"es\",\"@id\":\"https:\\\/\\\/beachhandballnews.com\\\/#\\\/schema\\\/logo\\\/image\\\/\",\"url\":\"https:\\\/\\\/beachhandballnews.com\\\/wp-content\\\/uploads\\\/2022\\\/01\\\/wordpress-logo-bhn-footer.png\",\"contentUrl\":\"https:\\\/\\\/beachhandballnews.com\\\/wp-content\\\/uploads\\\/2022\\\/01\\\/wordpress-logo-bhn-footer.png\",\"width\":152,\"height\":80,\"caption\":\"Beach Handball News\"},\"image\":{\"@id\":\"https:\\\/\\\/beachhandballnews.com\\\/#\\\/schema\\\/logo\\\/image\\\/\"},\"sameAs\":[\"https:\\\/\\\/www.facebook.com\\\/beachhandballnews\",\"https:\\\/\\\/x.com\\\/beachandbalnews\",\"https:\\\/\\\/www.instagram.com\\\/beachhandballnews\\\/\",\"https:\\\/\\\/www.linkedin.com\\\/company\\\/beach-handball-news\"]}]}<\/script>\n<!-- \/ Yoast SEO Premium plugin. -->","yoast_head_json":{"title":"Objetivo - Noticias de balonmano playa","description":"Nuestra misi\u00f3n es unir a las comunidades globales a trav\u00e9s del deporte, la cultura y las experiencias \u00fanicas. Aqu\u00ed todo el mundo es bienvenido.","robots":{"index":"index","follow":"follow","max-snippet":"max-snippet:-1","max-image-preview":"max-image-preview:large","max-video-preview":"max-video-preview:-1"},"canonical":"https:\/\/beachhandballnews.com\/es\/purpose\/","og_locale":"es_ES","og_type":"article","og_title":"Uniting People","og_description":"Our mission is to unite global communities through sport, culture, and unique experiences. Everyone is welcome here.","og_url":"https:\/\/beachhandballnews.com\/es\/purpose\/","og_site_name":"Beach Handball News","article_publisher":"https:\/\/www.facebook.com\/beachhandballnews","article_modified_time":"2022-09-12T18:28:49+00:00","og_image":[{"url":"https:\/\/beachhandballnews.com\/wp-content\/uploads\/2022\/09\/Eduardo-Villasana.png","type":"","width":"","height":""}],"twitter_card":"summary_large_image","twitter_site":"@beachandbalnews","twitter_misc":{"Tiempo de lectura":"3 minutos"},"schema":{"@context":"https:\/\/schema.org","@graph":[{"@type":"WebPage","@id":"https:\/\/beachhandballnews.com\/purpose\/","url":"https:\/\/beachhandballnews.com\/purpose\/","name":"Objetivo - Noticias de balonmano playa","isPartOf":{"@id":"https:\/\/beachhandballnews.com\/#website"},"primaryImageOfPage":{"@id":"https:\/\/beachhandballnews.com\/purpose\/#primaryimage"},"image":{"@id":"https:\/\/beachhandballnews.com\/purpose\/#primaryimage"},"thumbnailUrl":"https:\/\/beachhandballnews.com\/wp-content\/uploads\/2022\/09\/Eduardo-Villasana.png","datePublished":"2021-09-19T18:06:59+00:00","dateModified":"2022-09-12T18:28:49+00:00","description":"Nuestra misi\u00f3n es unir a las comunidades globales a trav\u00e9s del deporte, la cultura y las experiencias \u00fanicas. Aqu\u00ed todo el mundo es bienvenido.","breadcrumb":{"@id":"https:\/\/beachhandballnews.com\/purpose\/#breadcrumb"},"inLanguage":"es","potentialAction":[{"@type":"ReadAction","target":["https:\/\/beachhandballnews.com\/purpose\/"]}]},{"@type":"ImageObject","inLanguage":"es","@id":"https:\/\/beachhandballnews.com\/purpose\/#primaryimage","url":"https:\/\/beachhandballnews.com\/wp-content\/uploads\/2022\/09\/Eduardo-Villasana.png","contentUrl":"https:\/\/beachhandballnews.com\/wp-content\/uploads\/2022\/09\/Eduardo-Villasana.png"},{"@type":"BreadcrumbList","@id":"https:\/\/beachhandballnews.com\/purpose\/#breadcrumb","itemListElement":[{"@type":"ListItem","position":1,"name":"Home","item":"https:\/\/beachhandballnews.com\/"},{"@type":"ListItem","position":2,"name":"Uniting People"}]},{"@type":"WebSite","@id":"https:\/\/beachhandballnews.com\/#website","url":"https:\/\/beachhandballnews.com\/","name":"Noticias de balonmano playa","description":"Pr\u00f3ximamente","publisher":{"@id":"https:\/\/beachhandballnews.com\/#organization"},"potentialAction":[{"@type":"SearchAction","target":{"@type":"EntryPoint","urlTemplate":"https:\/\/beachhandballnews.com\/?s={search_term_string}"},"query-input":{"@type":"PropertyValueSpecification","valueRequired":true,"valueName":"search_term_string"}}],"inLanguage":"es"},{"@type":"Organization","@id":"https:\/\/beachhandballnews.com\/#organization","name":"Noticias de balonmano playa","url":"https:\/\/beachhandballnews.com\/","logo":{"@type":"ImageObject","inLanguage":"es","@id":"https:\/\/beachhandballnews.com\/#\/schema\/logo\/image\/","url":"https:\/\/beachhandballnews.com\/wp-content\/uploads\/2022\/01\/wordpress-logo-bhn-footer.png","contentUrl":"https:\/\/beachhandballnews.com\/wp-content\/uploads\/2022\/01\/wordpress-logo-bhn-footer.png","width":152,"height":80,"caption":"Beach Handball News"},"image":{"@id":"https:\/\/beachhandballnews.com\/#\/schema\/logo\/image\/"},"sameAs":["https:\/\/www.facebook.com\/beachhandballnews","https:\/\/x.com\/beachandbalnews","https:\/\/www.instagram.com\/beachhandballnews\/","https:\/\/www.linkedin.com\/company\/beach-handball-news"]}]}},"_links":{"self":[{"href":"https:\/\/beachhandballnews.com\/es\/wp-json\/wp\/v2\/pages\/269","targetHints":{"allow":["GET"]}}],"collection":[{"href":"https:\/\/beachhandballnews.com\/es\/wp-json\/wp\/v2\/pages"}],"about":[{"href":"https:\/\/beachhandballnews.com\/es\/wp-json\/wp\/v2\/types\/page"}],"author":[{"embeddable":true,"href":"https:\/\/beachhandballnews.com\/es\/wp-json\/wp\/v2\/users\/1"}],"replies":[{"embeddable":true,"href":"https:\/\/beachhandballnews.com\/es\/wp-json\/wp\/v2\/comments?post=269"}],"version-history":[{"count":0,"href":"https:\/\/beachhandballnews.com\/es\/wp-json\/wp\/v2\/pages\/269\/revisions"}],"wp:attachment":[{"href":"https:\/\/beachhandballnews.com\/es\/wp-json\/wp\/v2\/media?parent=269"}],"curies":[{"name":"wp","href":"https:\/\/api.w.org\/{rel}","templated":true}]}}