{"id":1022,"date":"2021-11-12T08:21:28","date_gmt":"2021-11-12T05:21:28","guid":{"rendered":"https:\/\/beachhandballnews.com\/?page_id=1022"},"modified":"2021-11-20T22:50:36","modified_gmt":"2021-11-21T06:50:36","slug":"the-history-of-beach-handball","status":"publish","type":"page","link":"https:\/\/beachhandballnews.com\/fr\/the-history-of-beach-handball\/","title":{"rendered":"L'histoire du beach handball"},"content":{"rendered":"<p>Au cours des trois derni\u00e8res d\u00e9cennies, le beach handball a explos\u00e9 en popularit\u00e9. Depuis son \u00e9mergence en Italie au d\u00e9but des ann\u00e9es 1990 jusqu'\u00e0 son apparition aux Jeux olympiques de la jeunesse de 2018, les gens du monde entier ont appris \u00e0 aimer ce sport au rythme effr\u00e9n\u00e9. Sa base de fans croissante a de grands objectifs, et beaucoup esp\u00e8rent qu'il sera bient\u00f4t ajout\u00e9 au programme olympique senior.&nbsp;<\/p>\n\n\n\n<p>Avec les projecteurs internationaux braqu\u00e9s sur le beach handball, il n'y a jamais eu de meilleur moment pour s'y int\u00e9resser. Son ascension d'un jeu \u00e0 la mode sur les plages italiennes \u00e0 la sc\u00e8ne olympique est v\u00e9ritablement l'une des histoires sportives les plus incroyables de ces derni\u00e8res ann\u00e9es.&nbsp;<\/p>\n\n\n\n<p><strong>Les d\u00e9buts d'un nouveau sport<\/strong><\/p>\n\n\n\n<p>Simonetta Montagni, un entra\u00eeneur de handball italien, a \u00e9t\u00e9 l'une des premi\u00e8res personnes \u00e0 reconna\u00eetre que jouer au handball sur la plage pouvait ajouter de l'attrait \u00e0 ce sport. Inspir\u00e9 par la popularit\u00e9 massive du volley-ball de plage \u00e0 la fin des ann\u00e9es 1980, il a commenc\u00e9 \u00e0 adapter les r\u00e8gles du jeu pour le sable.&nbsp;<\/p>\n\n\n\n<p>Pendant ce temps, d'autres joueurs \u00e0 travers l'Italie envisageaient \u00e9galement la possibilit\u00e9 d'amener le handball sur la plage.&nbsp;&nbsp;<\/p>\n\n\n\n<p>Pour Gianni Buttarelli et Franco Schiano, la n\u00e9cessit\u00e9 \u00e9tait la m\u00e8re de l'invention. Pr\u00e9sidents du club de handball de l'\u00eele de Ponzo, une communaut\u00e9 d'\u00e0 peine 3000 habitants au large de la Sardaigne, ils \u00e9taient de plus en plus frustr\u00e9s par le manque de terrains disponibles. Ils ont eux aussi r\u00e9alis\u00e9 que jouer sur la plage pouvait cr\u00e9er de nouvelles opportunit\u00e9s pour accro\u00eetre la popularit\u00e9 du handball.&nbsp;<\/p>\n\n\n\n<p>En 1990, Luciano Bartolini a commenc\u00e9 \u00e0 \u00e9laborer le premier ensemble de r\u00e8gles du jeu \u00e0 la demande du pr\u00e9sident nouvellement \u00e9lu de la F\u00e9d\u00e9ration italienne de handball. Bartolini a profit\u00e9 des terrains de volleyball de plage pr\u00e9existants et a adapt\u00e9 les r\u00e8gles du jeu \u00e0 leurs dimensions. Son concept pr\u00e9voit trois joueurs par \u00e9quipe, plus un gardien de but, et la zone de remplacement est de la m\u00eame taille que le terrain.&nbsp;<\/p>\n\n\n\n<p><strong>Reconnaissance par l'IHF<\/strong><\/p>\n\n\n\n<p>Le premier match de d\u00e9monstration de beach handball a \u00e9t\u00e9 jou\u00e9 \u00e0 Misano Adriatico en 1992, et plus tard cette ann\u00e9e-l\u00e0, le premier tournoi a \u00e9t\u00e9 organis\u00e9 sur Ponzo. Un tournoi international a rapidement suivi, avec d'autres pays d'Europe qui avaient \u00e9galement commenc\u00e9 \u00e0 jouer au handball sur le sable, notamment les Pays-Bas, l'Allemagne, le Portugal et la Russie, qui ont affront\u00e9 des \u00e9quipes italiennes \u00e0 Teramo.&nbsp;<\/p>\n\n\n\n<p>Ralf Dejaco, pr\u00e9sident de la F\u00e9d\u00e9ration italienne de handball, a men\u00e9 la campagne de reconnaissance officielle du handball de plage en tant que sport, avec le soutien financier du Comit\u00e9 olympique italien. Lors d'une r\u00e9union \u00e0 Formia, les repr\u00e9sentants des f\u00e9d\u00e9rations n\u00e9erlandaise et italienne de handball se sont mis d'accord sur un ensemble de r\u00e8gles communes et, en mai 1994, la F\u00e9d\u00e9ration internationale de handball a officiellement reconnu le beach handball.&nbsp;<\/p>\n\n\n\n<p><strong>Une popularit\u00e9 internationale croissante&nbsp;<\/strong><\/p>\n\n\n\n<p>En octobre 1995, la F\u00e9d\u00e9ration europ\u00e9enne de handball a cr\u00e9\u00e9 le groupe de travail Beach Handball, compos\u00e9 de repr\u00e9sentants de l'Autriche, de l'Italie, des Pays-Bas et de l'Espagne, afin de continuer \u00e0 tester et \u00e0 modifier la m\u00e9thode de jeu. Un groupe international a \u00e9t\u00e9 form\u00e9 quelques mois plus tard, en raison de la popularit\u00e9 croissante du jeu en Am\u00e9rique du Sud.&nbsp;<\/p>\n\n\n\n<p>En 1997, le beach handball \u00e9tait pratiqu\u00e9 dans toute l'Europe, avec un calendrier d'\u00e9v\u00e9nements organis\u00e9s sur tout le continent. Bient\u00f4t, des cours sont cr\u00e9\u00e9s pour les entra\u00eeneurs et les arbitres de beach handball, ce qui renforce la popularit\u00e9 croissante de ce sport.&nbsp;<\/p>\n\n\n\n<p>Les premiers championnats panam\u00e9ricains masculins ont eu lieu en 1998, suivis des premiers championnats europ\u00e9ens deux ans plus tard. En 2003, l'European Beach Handball Tour a \u00e9t\u00e9 cr\u00e9\u00e9 et, l'ann\u00e9e suivante, les premiers championnats du monde ont eu lieu \u00e0 El Gouna. Au cours de la d\u00e9cennie suivante, d'autres comp\u00e9titions ont eu lieu en Am\u00e9rique, en Europe et en Asie.&nbsp;<\/p>\n\n\n\n<p>Au d\u00e9but des ann\u00e9es 2010, ce sport a acquis une nouvelle popularit\u00e9 aupr\u00e8s des enfants et des jeunes, puisque des cat\u00e9gories d'\u00e2ge plus jeunes ont \u00e9t\u00e9 ajout\u00e9es aux championnats EURO.&nbsp;<\/p>\n\n\n\n<p><strong>R\u00eaves olympiques&nbsp;<\/strong><\/p>\n\n\n\n<p>La popularit\u00e9 du beach handball ne cesse de cro\u00eetre, les comp\u00e9titions internationales attirant des dizaines d'\u00e9quipes du monde entier et des dizaines de milliers de supporters.&nbsp;<\/p>\n\n\n\n<p>En 2019, la PGNiG Sumer Superliga, organis\u00e9e chaque ann\u00e9e depuis 2017 par la F\u00e9d\u00e9ration polonaise de handball, a attir\u00e9 1 000 athl\u00e8tes de huit pays, qui ont particip\u00e9 \u00e0 trois tournois diff\u00e9rents. Elle a \u00e9galement attir\u00e9 l'attention de plus de 80 000 fans du monde entier.&nbsp;<\/p>\n\n\n\n<p>Les Jeux mondiaux de plage de l'ACNO, cr\u00e9\u00e9s en 2019 par l'Association des comit\u00e9s nationaux olympiques, ont \u00e9galement inscrit le beach handball \u00e0 leur programme. L'\u00e9v\u00e9nement inaugural a vu s'affronter 12 \u00e9quipes masculines et 12 \u00e9quipes f\u00e9minines, repr\u00e9sentant des pays des cinq continents et confirmant l'int\u00e9r\u00eat international pour le beach handball.&nbsp;<\/p>\n\n\n\n<p>Le tournoi le plus m\u00e9diatis\u00e9 de ce sport \u00e0 ce jour a peut-\u00eatre \u00e9t\u00e9 les Jeux olympiques de la jeunesse de 2018. Plus de 200 jeunes athl\u00e8tes de 15 pays ont particip\u00e9 \u00e0 Buenos Aires, attirant l'attention internationale et apportant de nouveaux fans au sport. Les d\u00e9buts du beach handball aux Jeux olympiques de la jeunesse ont \u00e9galement suscit\u00e9 un int\u00e9r\u00eat suppl\u00e9mentaire pour l'ajout de ce sport au programme olympique senior.&nbsp;<\/p>\n\n\n\n<p>Le 11 f\u00e9vrier 2020, l'IHF a soumis une demande officielle au Comit\u00e9 international olympique pour inclure le beach handball aux Jeux olympiques d'\u00e9t\u00e9 de 2024 \u00e0 Paris, en France. Bien que le CIO ait finalement d\u00e9cid\u00e9 de ne pas l'inclure aux jeux de 2024 en raison de la pand\u00e9mie de COVID-19, il y a encore un espoir qu'il puisse \u00eatre inclus en 2028 aux Jeux olympiques de Los Angeles. Le CIO a particuli\u00e8rement not\u00e9 la popularit\u00e9 croissante de ce sport, ainsi que son succ\u00e8s aux Jeux olympiques de la jeunesse de 2018.&nbsp;<\/p>\n\n\n\n<p><strong>L'avenir du beach handball&nbsp;<\/strong><\/p>\n\n\n\n<p>M\u00eame si les fans n'auront pas l'occasion de voir du beach handball aux Jeux de Paris en 2024, il y a encore des tournois majeurs \u00e0 venir.&nbsp;<\/p>\n\n\n\n<p>Les championnats du monde de beach handball masculin et f\u00e9minin 2022 et les championnats du monde de beach handball jeunesse seront annonc\u00e9s en novembre 2021. Des dizaines d'\u00e9quipes du monde entier sont attendues pour concourir.&nbsp;&nbsp;<\/p>\n\n\n\n<p>Les Jeux mondiaux de Birmingham, aux \u00c9tats-Unis, en juillet 2022, accueilleront le beach handball pour la quatri\u00e8me fois, tandis que les Jeux olympiques de la jeunesse de Dakar 2026 (initialement pr\u00e9vus en 2022) mettront \u00e9galement ce sport \u00e0 l'honneur. Ces deux \u00e9v\u00e9nements sont susceptibles d'accro\u00eetre la popularit\u00e9 du beach handball et d'attirer de nouveaux fans.<\/p>\n\n\n\n<p>Le sport du beach handball a parcouru un long chemin depuis ses origines sur une petite \u00eele en Italie. Il est d\u00e9sormais pratiqu\u00e9 dans le monde entier par des milliers d'athl\u00e8tes, repr\u00e9sentant diff\u00e9rents pays, groupes d'\u00e2ge et niveaux de jeu. L'avenir de ce sport est prometteur, car les comp\u00e9titions de haut niveau et les ambitions olympiques attirent de nouveaux fans du monde entier.&nbsp;<\/p>","protected":false},"excerpt":{"rendered":"<p>Over the last three decades, beach handball has exploded in popularity. From its emergence in Italy in the early 1990s to its appearance at the 2018 Youth Olympic Games, people [&hellip;]<\/p>\n","protected":false},"author":6,"featured_media":1023,"parent":0,"menu_order":0,"comment_status":"closed","ping_status":"closed","template":"","meta":{"content-type":"","footnotes":""},"class_list":["post-1022","page","type-page","status-publish","has-post-thumbnail","hentry"],"yoast_head":"<!-- This site is optimized with the Yoast SEO Premium plugin v17.8 (Yoast SEO v27.5) - https:\/\/yoast.com\/product\/yoast-seo-premium-wordpress\/ -->\n<title>The History of Beach Handball - Beach Handball News<\/title>\n<meta name=\"robots\" content=\"index, follow, max-snippet:-1, max-image-preview:large, max-video-preview:-1\" \/>\n<link rel=\"canonical\" href=\"https:\/\/beachhandballnews.com\/fr\/the-history-of-beach-handball\/\" \/>\n<meta property=\"og:locale\" content=\"fr_FR\" \/>\n<meta property=\"og:type\" content=\"article\" \/>\n<meta property=\"og:title\" content=\"The History of Beach Handball\" \/>\n<meta property=\"og:description\" content=\"Over the last three decades, beach handball has exploded in popularity. From its emergence in Italy in the early 1990s to its appearance at the 2018 Youth Olympic Games, people [&hellip;]\" \/>\n<meta property=\"og:url\" content=\"https:\/\/beachhandballnews.com\/fr\/the-history-of-beach-handball\/\" \/>\n<meta property=\"og:site_name\" content=\"Beach Handball News\" \/>\n<meta property=\"article:publisher\" content=\"https:\/\/www.facebook.com\/beachhandballnews\" \/>\n<meta property=\"article:modified_time\" content=\"2021-11-21T06:50:36+00:00\" \/>\n<meta property=\"og:image\" content=\"https:\/\/beachhandballnews.com\/wp-content\/uploads\/2021\/11\/handball_1400.jpg\" \/>\n\t<meta property=\"og:image:width\" content=\"1400\" \/>\n\t<meta property=\"og:image:height\" content=\"933\" \/>\n\t<meta property=\"og:image:type\" content=\"image\/jpeg\" \/>\n<meta name=\"twitter:card\" content=\"summary_large_image\" \/>\n<meta name=\"twitter:site\" content=\"@beachandbalnews\" \/>\n<meta name=\"twitter:label1\" content=\"Dur\u00e9e de lecture estim\u00e9e\" \/>\n\t<meta name=\"twitter:data1\" content=\"5 minutes\" \/>\n<script type=\"application\/ld+json\" class=\"yoast-schema-graph\">{\"@context\":\"https:\\\/\\\/schema.org\",\"@graph\":[{\"@type\":\"WebPage\",\"@id\":\"https:\\\/\\\/beachhandballnews.com\\\/the-history-of-beach-handball\\\/\",\"url\":\"https:\\\/\\\/beachhandballnews.com\\\/the-history-of-beach-handball\\\/\",\"name\":\"The History of Beach Handball - Beach Handball News\",\"isPartOf\":{\"@id\":\"https:\\\/\\\/beachhandballnews.com\\\/#website\"},\"primaryImageOfPage\":{\"@id\":\"https:\\\/\\\/beachhandballnews.com\\\/the-history-of-beach-handball\\\/#primaryimage\"},\"image\":{\"@id\":\"https:\\\/\\\/beachhandballnews.com\\\/the-history-of-beach-handball\\\/#primaryimage\"},\"thumbnailUrl\":\"https:\\\/\\\/beachhandballnews.com\\\/wp-content\\\/uploads\\\/2021\\\/11\\\/handball_1400.jpg\",\"datePublished\":\"2021-11-12T05:21:28+00:00\",\"dateModified\":\"2021-11-21T06:50:36+00:00\",\"breadcrumb\":{\"@id\":\"https:\\\/\\\/beachhandballnews.com\\\/the-history-of-beach-handball\\\/#breadcrumb\"},\"inLanguage\":\"fr-FR\",\"potentialAction\":[{\"@type\":\"ReadAction\",\"target\":[\"https:\\\/\\\/beachhandballnews.com\\\/the-history-of-beach-handball\\\/\"]}]},{\"@type\":\"ImageObject\",\"inLanguage\":\"fr-FR\",\"@id\":\"https:\\\/\\\/beachhandballnews.com\\\/the-history-of-beach-handball\\\/#primaryimage\",\"url\":\"https:\\\/\\\/beachhandballnews.com\\\/wp-content\\\/uploads\\\/2021\\\/11\\\/handball_1400.jpg\",\"contentUrl\":\"https:\\\/\\\/beachhandballnews.com\\\/wp-content\\\/uploads\\\/2021\\\/11\\\/handball_1400.jpg\",\"width\":1400,\"height\":933,\"caption\":\"BUENOS AIRES, ARGENTINA - OCTOBER 13: Lynn Klesserof Netherlands takes a shot during a Women's Bronze Medal Match during day 7 of Buenos Aires 2018 Youth Olympic Games at Green Park on October 13, 2018 in Buenos Aires, Argentina. (Photo by Marcelo Endelli\\\/Getty Images)\"},{\"@type\":\"BreadcrumbList\",\"@id\":\"https:\\\/\\\/beachhandballnews.com\\\/the-history-of-beach-handball\\\/#breadcrumb\",\"itemListElement\":[{\"@type\":\"ListItem\",\"position\":1,\"name\":\"Home\",\"item\":\"https:\\\/\\\/beachhandballnews.com\\\/\"},{\"@type\":\"ListItem\",\"position\":2,\"name\":\"The History of Beach Handball\"}]},{\"@type\":\"WebSite\",\"@id\":\"https:\\\/\\\/beachhandballnews.com\\\/#website\",\"url\":\"https:\\\/\\\/beachhandballnews.com\\\/\",\"name\":\"Beach Handball News\",\"description\":\"Coming Soon\",\"publisher\":{\"@id\":\"https:\\\/\\\/beachhandballnews.com\\\/#organization\"},\"potentialAction\":[{\"@type\":\"SearchAction\",\"target\":{\"@type\":\"EntryPoint\",\"urlTemplate\":\"https:\\\/\\\/beachhandballnews.com\\\/?s={search_term_string}\"},\"query-input\":{\"@type\":\"PropertyValueSpecification\",\"valueRequired\":true,\"valueName\":\"search_term_string\"}}],\"inLanguage\":\"fr-FR\"},{\"@type\":\"Organization\",\"@id\":\"https:\\\/\\\/beachhandballnews.com\\\/#organization\",\"name\":\"Beach Handball News\",\"url\":\"https:\\\/\\\/beachhandballnews.com\\\/\",\"logo\":{\"@type\":\"ImageObject\",\"inLanguage\":\"fr-FR\",\"@id\":\"https:\\\/\\\/beachhandballnews.com\\\/#\\\/schema\\\/logo\\\/image\\\/\",\"url\":\"https:\\\/\\\/beachhandballnews.com\\\/wp-content\\\/uploads\\\/2022\\\/01\\\/wordpress-logo-bhn-footer.png\",\"contentUrl\":\"https:\\\/\\\/beachhandballnews.com\\\/wp-content\\\/uploads\\\/2022\\\/01\\\/wordpress-logo-bhn-footer.png\",\"width\":152,\"height\":80,\"caption\":\"Beach Handball News\"},\"image\":{\"@id\":\"https:\\\/\\\/beachhandballnews.com\\\/#\\\/schema\\\/logo\\\/image\\\/\"},\"sameAs\":[\"https:\\\/\\\/www.facebook.com\\\/beachhandballnews\",\"https:\\\/\\\/x.com\\\/beachandbalnews\",\"https:\\\/\\\/www.instagram.com\\\/beachhandballnews\\\/\",\"https:\\\/\\\/www.linkedin.com\\\/company\\\/beach-handball-news\"]}]}<\/script>\n<!-- \/ Yoast SEO Premium plugin. -->","yoast_head_json":{"title":"L'histoire du beach handball - Nouvelles du beach handball","robots":{"index":"index","follow":"follow","max-snippet":"max-snippet:-1","max-image-preview":"max-image-preview:large","max-video-preview":"max-video-preview:-1"},"canonical":"https:\/\/beachhandballnews.com\/fr\/the-history-of-beach-handball\/","og_locale":"fr_FR","og_type":"article","og_title":"The History of Beach Handball","og_description":"Over the last three decades, beach handball has exploded in popularity. From its emergence in Italy in the early 1990s to its appearance at the 2018 Youth Olympic Games, people [&hellip;]","og_url":"https:\/\/beachhandballnews.com\/fr\/the-history-of-beach-handball\/","og_site_name":"Beach Handball News","article_publisher":"https:\/\/www.facebook.com\/beachhandballnews","article_modified_time":"2021-11-21T06:50:36+00:00","og_image":[{"width":1400,"height":933,"url":"https:\/\/beachhandballnews.com\/wp-content\/uploads\/2021\/11\/handball_1400.jpg","type":"image\/jpeg"}],"twitter_card":"summary_large_image","twitter_site":"@beachandbalnews","twitter_misc":{"Dur\u00e9e de lecture estim\u00e9e":"5 minutes"},"schema":{"@context":"https:\/\/schema.org","@graph":[{"@type":"WebPage","@id":"https:\/\/beachhandballnews.com\/the-history-of-beach-handball\/","url":"https:\/\/beachhandballnews.com\/the-history-of-beach-handball\/","name":"L'histoire du beach handball - Nouvelles du beach handball","isPartOf":{"@id":"https:\/\/beachhandballnews.com\/#website"},"primaryImageOfPage":{"@id":"https:\/\/beachhandballnews.com\/the-history-of-beach-handball\/#primaryimage"},"image":{"@id":"https:\/\/beachhandballnews.com\/the-history-of-beach-handball\/#primaryimage"},"thumbnailUrl":"https:\/\/beachhandballnews.com\/wp-content\/uploads\/2021\/11\/handball_1400.jpg","datePublished":"2021-11-12T05:21:28+00:00","dateModified":"2021-11-21T06:50:36+00:00","breadcrumb":{"@id":"https:\/\/beachhandballnews.com\/the-history-of-beach-handball\/#breadcrumb"},"inLanguage":"fr-FR","potentialAction":[{"@type":"ReadAction","target":["https:\/\/beachhandballnews.com\/the-history-of-beach-handball\/"]}]},{"@type":"ImageObject","inLanguage":"fr-FR","@id":"https:\/\/beachhandballnews.com\/the-history-of-beach-handball\/#primaryimage","url":"https:\/\/beachhandballnews.com\/wp-content\/uploads\/2021\/11\/handball_1400.jpg","contentUrl":"https:\/\/beachhandballnews.com\/wp-content\/uploads\/2021\/11\/handball_1400.jpg","width":1400,"height":933,"caption":"BUENOS AIRES, ARGENTINA - OCTOBER 13: Lynn Klesserof Netherlands takes a shot during a Women's Bronze Medal Match during day 7 of Buenos Aires 2018 Youth Olympic Games at Green Park on October 13, 2018 in Buenos Aires, Argentina. (Photo by Marcelo Endelli\/Getty Images)"},{"@type":"BreadcrumbList","@id":"https:\/\/beachhandballnews.com\/the-history-of-beach-handball\/#breadcrumb","itemListElement":[{"@type":"ListItem","position":1,"name":"Home","item":"https:\/\/beachhandballnews.com\/"},{"@type":"ListItem","position":2,"name":"The History of Beach Handball"}]},{"@type":"WebSite","@id":"https:\/\/beachhandballnews.com\/#website","url":"https:\/\/beachhandballnews.com\/","name":"Nouvelles du Beach Handball","description":"Bient\u00f4t disponible","publisher":{"@id":"https:\/\/beachhandballnews.com\/#organization"},"potentialAction":[{"@type":"SearchAction","target":{"@type":"EntryPoint","urlTemplate":"https:\/\/beachhandballnews.com\/?s={search_term_string}"},"query-input":{"@type":"PropertyValueSpecification","valueRequired":true,"valueName":"search_term_string"}}],"inLanguage":"fr-FR"},{"@type":"Organization","@id":"https:\/\/beachhandballnews.com\/#organization","name":"Nouvelles du Beach Handball","url":"https:\/\/beachhandballnews.com\/","logo":{"@type":"ImageObject","inLanguage":"fr-FR","@id":"https:\/\/beachhandballnews.com\/#\/schema\/logo\/image\/","url":"https:\/\/beachhandballnews.com\/wp-content\/uploads\/2022\/01\/wordpress-logo-bhn-footer.png","contentUrl":"https:\/\/beachhandballnews.com\/wp-content\/uploads\/2022\/01\/wordpress-logo-bhn-footer.png","width":152,"height":80,"caption":"Beach Handball News"},"image":{"@id":"https:\/\/beachhandballnews.com\/#\/schema\/logo\/image\/"},"sameAs":["https:\/\/www.facebook.com\/beachhandballnews","https:\/\/x.com\/beachandbalnews","https:\/\/www.instagram.com\/beachhandballnews\/","https:\/\/www.linkedin.com\/company\/beach-handball-news"]}]}},"_links":{"self":[{"href":"https:\/\/beachhandballnews.com\/fr\/wp-json\/wp\/v2\/pages\/1022","targetHints":{"allow":["GET"]}}],"collection":[{"href":"https:\/\/beachhandballnews.com\/fr\/wp-json\/wp\/v2\/pages"}],"about":[{"href":"https:\/\/beachhandballnews.com\/fr\/wp-json\/wp\/v2\/types\/page"}],"author":[{"embeddable":true,"href":"https:\/\/beachhandballnews.com\/fr\/wp-json\/wp\/v2\/users\/6"}],"replies":[{"embeddable":true,"href":"https:\/\/beachhandballnews.com\/fr\/wp-json\/wp\/v2\/comments?post=1022"}],"version-history":[{"count":0,"href":"https:\/\/beachhandballnews.com\/fr\/wp-json\/wp\/v2\/pages\/1022\/revisions"}],"wp:featuredmedia":[{"embeddable":true,"href":"https:\/\/beachhandballnews.com\/fr\/wp-json\/wp\/v2\/media\/1023"}],"wp:attachment":[{"href":"https:\/\/beachhandballnews.com\/fr\/wp-json\/wp\/v2\/media?parent=1022"}],"curies":[{"name":"wp","href":"https:\/\/api.w.org\/{rel}","templated":true}]}}