{"id":1304,"date":"2021-12-10T22:30:17","date_gmt":"2021-12-11T06:30:17","guid":{"rendered":"https:\/\/beachhandballnews.com\/?page_id=1304"},"modified":"2021-12-10T22:30:20","modified_gmt":"2021-12-11T06:30:20","slug":"ehf-beach-handball-champions-cup-2021-mens-and-womens-winners","status":"publish","type":"page","link":"https:\/\/beachhandballnews.com\/fr\/moments\/ehf-beach-handball-champions-cup-2021-mens-and-womens-winners\/","title":{"rendered":"Les vainqueurs de la Coupe des Champions EHF de Beach Handball 2021, hommes et femmes !"},"content":{"rendered":"<figure class=\"wp-block-image size-large\"><img decoding=\"async\" data-src=\"https:\/\/beachhandballnews.com\/wp-content\/uploads\/2021\/10\/EHF_Beach_Handball_Champions_Cup_2021_Mens_and_Womens_winners.jpg\" alt=\"\" src=\"data:image\/svg+xml;base64,PHN2ZyB3aWR0aD0iMSIgaGVpZ2h0PSIxIiB4bWxucz0iaHR0cDovL3d3dy53My5vcmcvMjAwMC9zdmciPjwvc3ZnPg==\" class=\"lazyload\" style=\"--smush-placeholder-width: 1280px; --smush-placeholder-aspect-ratio: 1280\/800;\" \/><figcaption>CBMP Ciudad de Malaga (hommes) et HIR-SAT BHC (femmes) remportent l'or !<\/figcaption><\/figure>\n\n\n\n<p><a href=\"https:\/\/beach.eurohandball.com\/beach-news\/en\/iberians-split-beach-handball-champions-cup-titles\/\" rel=\"noreferrer noopener\" target=\"_blank\">Les Ib\u00e9riques se partagent le titre de la Beach Champions Cup<\/a><\/p>\n\n\n\n<p>Les \u00e9quipes ib\u00e9riques masculine et f\u00e9minine remportent l'or \u00e0 la Coupe des champions 2021 de la F\u00e9d\u00e9ration europ\u00e9enne de handball (EHF) !<br><\/p>\n\n\n\n<figure class=\"wp-block-table\"><table><tbody><tr><td>Dates des tournois<\/td><td>9 octobre 2021 - 10 octobre 2021<\/td><\/tr><tr><td>Lieu du tournoi<\/td><td>Palerme, Sicile, Italie<\/td><\/tr><tr><td>\u00c9quipe f\u00e9minine<\/td><td>GRD Leca - Carreaux d'amour<\/td><\/tr><tr><td>\u00c9quipe masculine<\/td><td>CBMP Ciudad de Malaga<\/td><\/tr><tr><td>Instagram<\/td><td><a href=\"https:\/\/www.instagram.com\/thehomeofhandball\/\" target=\"_blank\" rel=\"noreferrer noopener\">https:\/\/www.instagram.com\/thehomeofhandball\/<\/a><\/td><\/tr><\/tbody><\/table><\/figure>","protected":false},"excerpt":{"rendered":"<p>Iberians Split Beach Champions Cup Title Iberian men&#8217;s and women&#8217;s teams win gold at the European Handball Federation, EHF, Champions Cup 2021! Tournament Dates October 9th 2021 &#8211; October 10th [&hellip;]<\/p>\n","protected":false},"author":8,"featured_media":0,"parent":481,"menu_order":0,"comment_status":"closed","ping_status":"closed","template":"","meta":{"content-type":"","footnotes":""},"class_list":["post-1304","page","type-page","status-publish","hentry"],"yoast_head":"<!-- This site is optimized with the Yoast SEO Premium plugin v17.8 (Yoast SEO v27.5) - https:\/\/yoast.com\/product\/yoast-seo-premium-wordpress\/ -->\n<title>EHF Beach Handball Champions Cup 2021 Men&#039;s and Women&#039;s winners! - Beach Handball News<\/title>\n<meta name=\"robots\" content=\"index, follow, max-snippet:-1, max-image-preview:large, max-video-preview:-1\" \/>\n<link rel=\"canonical\" href=\"https:\/\/beachhandballnews.com\/fr\/moments\/ehf-beach-handball-champions-cup-2021-mens-and-womens-winners\/\" \/>\n<meta property=\"og:locale\" content=\"fr_FR\" \/>\n<meta property=\"og:type\" content=\"article\" \/>\n<meta property=\"og:title\" content=\"EHF Beach Handball Champions Cup 2021 Men&#039;s and Women&#039;s winners!\" \/>\n<meta property=\"og:description\" content=\"Iberians Split Beach Champions Cup Title Iberian men&#8217;s and women&#8217;s teams win gold at the European Handball Federation, EHF, Champions Cup 2021! Tournament Dates October 9th 2021 &#8211; October 10th [&hellip;]\" \/>\n<meta property=\"og:url\" content=\"https:\/\/beachhandballnews.com\/fr\/moments\/ehf-beach-handball-champions-cup-2021-mens-and-womens-winners\/\" \/>\n<meta property=\"og:site_name\" content=\"Beach Handball News\" \/>\n<meta property=\"article:publisher\" content=\"https:\/\/www.facebook.com\/beachhandballnews\" \/>\n<meta property=\"article:modified_time\" content=\"2021-12-11T06:30:20+00:00\" \/>\n<meta property=\"og:image\" content=\"https:\/\/beachhandballnews.com\/wp-content\/uploads\/2021\/10\/EHF_Beach_Handball_Champions_Cup_2021_Mens_and_Womens_winners.jpg\" \/>\n<meta name=\"twitter:card\" content=\"summary_large_image\" \/>\n<meta name=\"twitter:site\" content=\"@beachandbalnews\" \/>\n<meta name=\"twitter:label1\" content=\"Dur\u00e9e de lecture estim\u00e9e\" \/>\n\t<meta name=\"twitter:data1\" content=\"1 minute\" \/>\n<script type=\"application\/ld+json\" class=\"yoast-schema-graph\">{\"@context\":\"https:\\\/\\\/schema.org\",\"@graph\":[{\"@type\":\"WebPage\",\"@id\":\"https:\\\/\\\/beachhandballnews.com\\\/moments\\\/ehf-beach-handball-champions-cup-2021-mens-and-womens-winners\\\/\",\"url\":\"https:\\\/\\\/beachhandballnews.com\\\/moments\\\/ehf-beach-handball-champions-cup-2021-mens-and-womens-winners\\\/\",\"name\":\"EHF Beach Handball Champions Cup 2021 Men's and Women's winners! - Beach Handball News\",\"isPartOf\":{\"@id\":\"https:\\\/\\\/beachhandballnews.com\\\/#website\"},\"primaryImageOfPage\":{\"@id\":\"https:\\\/\\\/beachhandballnews.com\\\/moments\\\/ehf-beach-handball-champions-cup-2021-mens-and-womens-winners\\\/#primaryimage\"},\"image\":{\"@id\":\"https:\\\/\\\/beachhandballnews.com\\\/moments\\\/ehf-beach-handball-champions-cup-2021-mens-and-womens-winners\\\/#primaryimage\"},\"thumbnailUrl\":\"https:\\\/\\\/beachhandballnews.com\\\/wp-content\\\/uploads\\\/2021\\\/10\\\/EHF_Beach_Handball_Champions_Cup_2021_Mens_and_Womens_winners.jpg\",\"datePublished\":\"2021-12-11T06:30:17+00:00\",\"dateModified\":\"2021-12-11T06:30:20+00:00\",\"breadcrumb\":{\"@id\":\"https:\\\/\\\/beachhandballnews.com\\\/moments\\\/ehf-beach-handball-champions-cup-2021-mens-and-womens-winners\\\/#breadcrumb\"},\"inLanguage\":\"fr-FR\",\"potentialAction\":[{\"@type\":\"ReadAction\",\"target\":[\"https:\\\/\\\/beachhandballnews.com\\\/moments\\\/ehf-beach-handball-champions-cup-2021-mens-and-womens-winners\\\/\"]}]},{\"@type\":\"ImageObject\",\"inLanguage\":\"fr-FR\",\"@id\":\"https:\\\/\\\/beachhandballnews.com\\\/moments\\\/ehf-beach-handball-champions-cup-2021-mens-and-womens-winners\\\/#primaryimage\",\"url\":\"https:\\\/\\\/beachhandballnews.com\\\/wp-content\\\/uploads\\\/2021\\\/10\\\/EHF_Beach_Handball_Champions_Cup_2021_Mens_and_Womens_winners.jpg\",\"contentUrl\":\"https:\\\/\\\/beachhandballnews.com\\\/wp-content\\\/uploads\\\/2021\\\/10\\\/EHF_Beach_Handball_Champions_Cup_2021_Mens_and_Womens_winners.jpg\"},{\"@type\":\"BreadcrumbList\",\"@id\":\"https:\\\/\\\/beachhandballnews.com\\\/moments\\\/ehf-beach-handball-champions-cup-2021-mens-and-womens-winners\\\/#breadcrumb\",\"itemListElement\":[{\"@type\":\"ListItem\",\"position\":1,\"name\":\"Home\",\"item\":\"https:\\\/\\\/beachhandballnews.com\\\/\"},{\"@type\":\"ListItem\",\"position\":2,\"name\":\"Moments\",\"item\":\"https:\\\/\\\/beachhandballnews.com\\\/moments\\\/\"},{\"@type\":\"ListItem\",\"position\":3,\"name\":\"EHF Beach Handball Champions Cup 2021 Men&#8217;s and Women&#8217;s winners!\"}]},{\"@type\":\"WebSite\",\"@id\":\"https:\\\/\\\/beachhandballnews.com\\\/#website\",\"url\":\"https:\\\/\\\/beachhandballnews.com\\\/\",\"name\":\"Beach Handball News\",\"description\":\"Coming Soon\",\"publisher\":{\"@id\":\"https:\\\/\\\/beachhandballnews.com\\\/#organization\"},\"potentialAction\":[{\"@type\":\"SearchAction\",\"target\":{\"@type\":\"EntryPoint\",\"urlTemplate\":\"https:\\\/\\\/beachhandballnews.com\\\/?s={search_term_string}\"},\"query-input\":{\"@type\":\"PropertyValueSpecification\",\"valueRequired\":true,\"valueName\":\"search_term_string\"}}],\"inLanguage\":\"fr-FR\"},{\"@type\":\"Organization\",\"@id\":\"https:\\\/\\\/beachhandballnews.com\\\/#organization\",\"name\":\"Beach Handball News\",\"url\":\"https:\\\/\\\/beachhandballnews.com\\\/\",\"logo\":{\"@type\":\"ImageObject\",\"inLanguage\":\"fr-FR\",\"@id\":\"https:\\\/\\\/beachhandballnews.com\\\/#\\\/schema\\\/logo\\\/image\\\/\",\"url\":\"https:\\\/\\\/beachhandballnews.com\\\/wp-content\\\/uploads\\\/2022\\\/01\\\/wordpress-logo-bhn-footer.png\",\"contentUrl\":\"https:\\\/\\\/beachhandballnews.com\\\/wp-content\\\/uploads\\\/2022\\\/01\\\/wordpress-logo-bhn-footer.png\",\"width\":152,\"height\":80,\"caption\":\"Beach Handball News\"},\"image\":{\"@id\":\"https:\\\/\\\/beachhandballnews.com\\\/#\\\/schema\\\/logo\\\/image\\\/\"},\"sameAs\":[\"https:\\\/\\\/www.facebook.com\\\/beachhandballnews\",\"https:\\\/\\\/x.com\\\/beachandbalnews\",\"https:\\\/\\\/www.instagram.com\\\/beachhandballnews\\\/\",\"https:\\\/\\\/www.linkedin.com\\\/company\\\/beach-handball-news\"]}]}<\/script>\n<!-- \/ Yoast SEO Premium plugin. -->","yoast_head_json":{"title":"Les vainqueurs de la Coupe des Champions EHF de Beach Handball 2021, hommes et femmes ! - Nouvelles du Beach Handball","robots":{"index":"index","follow":"follow","max-snippet":"max-snippet:-1","max-image-preview":"max-image-preview:large","max-video-preview":"max-video-preview:-1"},"canonical":"https:\/\/beachhandballnews.com\/fr\/moments\/ehf-beach-handball-champions-cup-2021-mens-and-womens-winners\/","og_locale":"fr_FR","og_type":"article","og_title":"EHF Beach Handball Champions Cup 2021 Men's and Women's winners!","og_description":"Iberians Split Beach Champions Cup Title Iberian men&#8217;s and women&#8217;s teams win gold at the European Handball Federation, EHF, Champions Cup 2021! Tournament Dates October 9th 2021 &#8211; October 10th [&hellip;]","og_url":"https:\/\/beachhandballnews.com\/fr\/moments\/ehf-beach-handball-champions-cup-2021-mens-and-womens-winners\/","og_site_name":"Beach Handball News","article_publisher":"https:\/\/www.facebook.com\/beachhandballnews","article_modified_time":"2021-12-11T06:30:20+00:00","og_image":[{"url":"https:\/\/beachhandballnews.com\/wp-content\/uploads\/2021\/10\/EHF_Beach_Handball_Champions_Cup_2021_Mens_and_Womens_winners.jpg","type":"","width":"","height":""}],"twitter_card":"summary_large_image","twitter_site":"@beachandbalnews","twitter_misc":{"Dur\u00e9e de lecture estim\u00e9e":"1 minute"},"schema":{"@context":"https:\/\/schema.org","@graph":[{"@type":"WebPage","@id":"https:\/\/beachhandballnews.com\/moments\/ehf-beach-handball-champions-cup-2021-mens-and-womens-winners\/","url":"https:\/\/beachhandballnews.com\/moments\/ehf-beach-handball-champions-cup-2021-mens-and-womens-winners\/","name":"Les vainqueurs de la Coupe des Champions EHF de Beach Handball 2021, hommes et femmes ! - Nouvelles du Beach Handball","isPartOf":{"@id":"https:\/\/beachhandballnews.com\/#website"},"primaryImageOfPage":{"@id":"https:\/\/beachhandballnews.com\/moments\/ehf-beach-handball-champions-cup-2021-mens-and-womens-winners\/#primaryimage"},"image":{"@id":"https:\/\/beachhandballnews.com\/moments\/ehf-beach-handball-champions-cup-2021-mens-and-womens-winners\/#primaryimage"},"thumbnailUrl":"https:\/\/beachhandballnews.com\/wp-content\/uploads\/2021\/10\/EHF_Beach_Handball_Champions_Cup_2021_Mens_and_Womens_winners.jpg","datePublished":"2021-12-11T06:30:17+00:00","dateModified":"2021-12-11T06:30:20+00:00","breadcrumb":{"@id":"https:\/\/beachhandballnews.com\/moments\/ehf-beach-handball-champions-cup-2021-mens-and-womens-winners\/#breadcrumb"},"inLanguage":"fr-FR","potentialAction":[{"@type":"ReadAction","target":["https:\/\/beachhandballnews.com\/moments\/ehf-beach-handball-champions-cup-2021-mens-and-womens-winners\/"]}]},{"@type":"ImageObject","inLanguage":"fr-FR","@id":"https:\/\/beachhandballnews.com\/moments\/ehf-beach-handball-champions-cup-2021-mens-and-womens-winners\/#primaryimage","url":"https:\/\/beachhandballnews.com\/wp-content\/uploads\/2021\/10\/EHF_Beach_Handball_Champions_Cup_2021_Mens_and_Womens_winners.jpg","contentUrl":"https:\/\/beachhandballnews.com\/wp-content\/uploads\/2021\/10\/EHF_Beach_Handball_Champions_Cup_2021_Mens_and_Womens_winners.jpg"},{"@type":"BreadcrumbList","@id":"https:\/\/beachhandballnews.com\/moments\/ehf-beach-handball-champions-cup-2021-mens-and-womens-winners\/#breadcrumb","itemListElement":[{"@type":"ListItem","position":1,"name":"Home","item":"https:\/\/beachhandballnews.com\/"},{"@type":"ListItem","position":2,"name":"Moments","item":"https:\/\/beachhandballnews.com\/moments\/"},{"@type":"ListItem","position":3,"name":"EHF Beach Handball Champions Cup 2021 Men&#8217;s and Women&#8217;s winners!"}]},{"@type":"WebSite","@id":"https:\/\/beachhandballnews.com\/#website","url":"https:\/\/beachhandballnews.com\/","name":"Nouvelles du Beach Handball","description":"Bient\u00f4t disponible","publisher":{"@id":"https:\/\/beachhandballnews.com\/#organization"},"potentialAction":[{"@type":"SearchAction","target":{"@type":"EntryPoint","urlTemplate":"https:\/\/beachhandballnews.com\/?s={search_term_string}"},"query-input":{"@type":"PropertyValueSpecification","valueRequired":true,"valueName":"search_term_string"}}],"inLanguage":"fr-FR"},{"@type":"Organization","@id":"https:\/\/beachhandballnews.com\/#organization","name":"Nouvelles du Beach Handball","url":"https:\/\/beachhandballnews.com\/","logo":{"@type":"ImageObject","inLanguage":"fr-FR","@id":"https:\/\/beachhandballnews.com\/#\/schema\/logo\/image\/","url":"https:\/\/beachhandballnews.com\/wp-content\/uploads\/2022\/01\/wordpress-logo-bhn-footer.png","contentUrl":"https:\/\/beachhandballnews.com\/wp-content\/uploads\/2022\/01\/wordpress-logo-bhn-footer.png","width":152,"height":80,"caption":"Beach Handball News"},"image":{"@id":"https:\/\/beachhandballnews.com\/#\/schema\/logo\/image\/"},"sameAs":["https:\/\/www.facebook.com\/beachhandballnews","https:\/\/x.com\/beachandbalnews","https:\/\/www.instagram.com\/beachhandballnews\/","https:\/\/www.linkedin.com\/company\/beach-handball-news"]}]}},"_links":{"self":[{"href":"https:\/\/beachhandballnews.com\/fr\/wp-json\/wp\/v2\/pages\/1304","targetHints":{"allow":["GET"]}}],"collection":[{"href":"https:\/\/beachhandballnews.com\/fr\/wp-json\/wp\/v2\/pages"}],"about":[{"href":"https:\/\/beachhandballnews.com\/fr\/wp-json\/wp\/v2\/types\/page"}],"author":[{"embeddable":true,"href":"https:\/\/beachhandballnews.com\/fr\/wp-json\/wp\/v2\/users\/8"}],"replies":[{"embeddable":true,"href":"https:\/\/beachhandballnews.com\/fr\/wp-json\/wp\/v2\/comments?post=1304"}],"version-history":[{"count":0,"href":"https:\/\/beachhandballnews.com\/fr\/wp-json\/wp\/v2\/pages\/1304\/revisions"}],"up":[{"embeddable":true,"href":"https:\/\/beachhandballnews.com\/fr\/wp-json\/wp\/v2\/pages\/481"}],"wp:attachment":[{"href":"https:\/\/beachhandballnews.com\/fr\/wp-json\/wp\/v2\/media?parent=1304"}],"curies":[{"name":"wp","href":"https:\/\/api.w.org\/{rel}","templated":true}]}}