{"id":1022,"date":"2021-11-12T08:21:28","date_gmt":"2021-11-12T05:21:28","guid":{"rendered":"https:\/\/beachhandballnews.com\/?page_id=1022"},"modified":"2021-11-20T22:50:36","modified_gmt":"2021-11-21T06:50:36","slug":"the-history-of-beach-handball","status":"publish","type":"page","link":"https:\/\/beachhandballnews.com\/it\/the-history-of-beach-handball\/","title":{"rendered":"La storia del Beach Handball"},"content":{"rendered":"<p>Negli ultimi tre decenni, il beach handball \u00e8 esploso in popolarit\u00e0. Dalla sua comparsa in Italia nei primi anni '90 alla sua apparizione ai Giochi Olimpici Giovanili del 2018, le persone di tutto il mondo hanno imparato ad amare questo sport dal ritmo serrato. La sua crescente base di fan ha grandi obiettivi, e molti sperano che venga presto aggiunto al programma olimpico senior.&nbsp;<\/p>\n\n\n\n<p>Con i riflettori internazionali puntati sul beach handball, non c'\u00e8 mai stato un momento migliore per interessarsi. La sua ascesa da un gioco alla moda sulle spiagge d'Italia al palcoscenico olimpico \u00e8 davvero una delle storie sportive pi\u00f9 incredibili degli ultimi anni.&nbsp;<\/p>\n\n\n\n<p><strong>Gli inizi di un nuovo sport<\/strong><\/p>\n\n\n\n<p>Simonetta Montagni, un allenatore di pallamano italiano, \u00e8 stata una delle prime persone a riconoscere che giocare a pallamano sulla spiaggia poteva aggiungere fascino a questo sport. Ispirato dalla massiccia popolarit\u00e0 del beach volley alla fine degli anni '80, ha iniziato ad adattare le regole di gioco per la sabbia.&nbsp;<\/p>\n\n\n\n<p>Nel frattempo, anche altri giocatori in tutta Italia stavano considerando la possibilit\u00e0 di portare la pallamano sulla spiaggia.&nbsp;&nbsp;<\/p>\n\n\n\n<p>Per Gianni Buttarelli e Franco Schiano, la necessit\u00e0 fu la madre dell'invenzione. Erano i presidenti del club di pallamano locale sull'isola di Ponzo, una comunit\u00e0 di appena 3000 persone al largo della costa sarda, che stavano diventando sempre pi\u00f9 frustrati dalla mancanza di campi disponibili. Anche loro si resero conto che giocare sulla spiaggia poteva creare nuove opportunit\u00e0 per espandere la popolarit\u00e0 della pallamano.&nbsp;<\/p>\n\n\n\n<p>Nel 1990, Luciano Bartolini inizi\u00f2 a sviluppare il primo set di regole per il gioco su richiesta del neoeletto presidente della Federazione Italiana Pallamano. Bartolini approfitt\u00f2 dei campi da beach volley preesistenti e adatt\u00f2 le regole del gioco alle loro dimensioni. Il suo concetto utilizzava tre giocatori per squadra, pi\u00f9 un portiere, e rendeva l'area di sostituzione della stessa dimensione del campo.&nbsp;<\/p>\n\n\n\n<p><strong>Riconoscimento della IHF<\/strong><\/p>\n\n\n\n<p>La prima partita dimostrativa di beach handball fu giocata a Misano Adriatico nel 1992, e pi\u00f9 tardi nello stesso anno si tenne il primo torneo a Ponzo. Segu\u00ec presto un torneo internazionale, con altri paesi europei che avevano iniziato a giocare a pallamano sulla sabbia, tra cui Paesi Bassi, Germania, Portogallo e Russia, che gareggiarono contro squadre italiane a Teramo.&nbsp;<\/p>\n\n\n\n<p>Ralf Dejaco, il presidente della Federazione Italiana Pallamano, guid\u00f2 la campagna per riconoscere ufficialmente il beach handball come sport, utilizzando il sostegno finanziario del Comitato Olimpico Italiano. In una riunione a Formia, i rappresentanti delle federazioni di pallamano olandesi e italiane hanno concordato un insieme di regole comuni, e nel maggio del 1994, la Federazione Internazionale di Pallamano ha riconosciuto ufficialmente il beach handball.&nbsp;<\/p>\n\n\n\n<p><strong>Crescente popolarit\u00e0 internazionale&nbsp;<\/strong><\/p>\n\n\n\n<p>Nell'ottobre 1995, la Federazione Europea di Handball ha creato il gruppo di lavoro di Beach Handball con rappresentanti di Austria, Italia, Paesi Bassi e Spagna per continuare a testare e modificare il metodo di gioco. Un gruppo internazionale \u00e8 stato formato pochi mesi dopo, in riconoscimento della crescente popolarit\u00e0 del gioco in Sud America.&nbsp;<\/p>\n\n\n\n<p>Nel 1997, il beach handball veniva giocato in tutta Europa, con un calendario di eventi che si svolgevano in tutto il continente. Presto furono creati corsi per allenatori e arbitri di beach handball, stabilendo ulteriormente la crescente popolarit\u00e0 di questo sport.&nbsp;<\/p>\n\n\n\n<p>Il primo Campionato Panamericano maschile ha avuto luogo nel 1998, seguito dal primo Campionato Europeo due anni dopo. Nel 2003 \u00e8 stato istituito l'European Beach Handball Tour e l'anno successivo si sono svolti i primi campionati mondiali a El Gouna. Nel decennio successivo, altre competizioni si sono svolte nelle Americhe, in Europa e in Asia.&nbsp;<\/p>\n\n\n\n<p>Nei primi anni 2010, questo sport ha guadagnato nuova popolarit\u00e0 tra i bambini e i giovani, poich\u00e9 le categorie di et\u00e0 pi\u00f9 giovani sono state aggiunte ai campionati europei.&nbsp;<\/p>\n\n\n\n<p><strong>Sogni olimpici&nbsp;<\/strong><\/p>\n\n\n\n<p>Il beach handball continua a crescere in popolarit\u00e0, con competizioni internazionali che attirano decine di squadre da tutto il mondo e decine di migliaia di fan.&nbsp;<\/p>\n\n\n\n<p>Nel 2019, la PGNiG Sumer Superliga, ospitata annualmente dal 2017 dalla Federazione polacca di pallamano, ha attirato 1.000 atleti provenienti da otto paesi, che hanno partecipato a tre diversi tornei. Ha anche attirato l'attenzione di pi\u00f9 di 80.000 fan da tutto il mondo.&nbsp;<\/p>\n\n\n\n<p>Gli ANOC World Beach Games, istituiti nel 2019 dall'Associazione dei Comitati Olimpici Nazionali, includono anche il beach handball nel suo programma. L'evento inaugurale ha visto gareggiare 12 squadre maschili e 12 femminili, che rappresentano paesi di cinque continenti e confermano l'interesse internazionale per il beach handball.&nbsp;<\/p>\n\n\n\n<p>Forse il torneo di pi\u00f9 alto profilo di questo sport fino ad oggi sono stati i Giochi Olimpici Giovanili del 2018. Pi\u00f9 di 200 giovani atleti provenienti da 15 paesi hanno partecipato a Buenos Ares, attirando l'attenzione internazionale e portando nuovi fan a questo sport. Il debutto del beach handball ai Giochi Olimpici Giovanili ha anche creato ulteriore interesse per l'aggiunta di questo sport al programma olimpico senior.&nbsp;<\/p>\n\n\n\n<p>L'11 febbraio 2020, la IHF ha presentato una richiesta formale al Comitato Olimpico Internazionale per includere il beach handball ai Giochi Olimpici estivi 2024 a Parigi, Francia. Mentre il CIO alla fine ha deciso di non includerlo ai giochi del 2024 a causa della pandemia di COVID-19, c'\u00e8 ancora speranza che possa essere incluso nel 2028 ai Giochi Olimpici di Los Angeles. Il CIO ha notato in particolare la crescente popolarit\u00e0 di questo sport e il suo successo ai giochi olimpici giovanili 2018.&nbsp;<\/p>\n\n\n\n<p><strong>Il futuro del beach handball&nbsp;<\/strong><\/p>\n\n\n\n<p>Anche se i fan non riusciranno a vedere il beach handball ai giochi di Parigi 2024, ci sono ancora alcuni grandi tornei in arrivo per guardare avanti.&nbsp;<\/p>\n\n\n\n<p>I campionati mondiali di beach handball maschile e femminile del 2022 e i campionati mondiali giovanili di beach handball saranno annunciati nel novembre 2021. Decine di squadre da tutto il mondo sono attese per competere.&nbsp;&nbsp;<\/p>\n\n\n\n<p>I Giochi Mondiali di Birmingham, USA, nel luglio 2022, presenteranno il beach handball per la quarta volta, mentre i Giochi Olimpici Giovanili di Dakar 2026 (originariamente previsti per il 2022) presenteranno nuovamente questo sport. Entrambi questi eventi probabilmente porteranno ulteriore popolarit\u00e0 e attireranno nuovi fan al beach handball.<\/p>\n\n\n\n<p>Lo sport del beach handball ha fatto molta strada dalle sue origini su una piccola isola in Italia. Ora \u00e8 giocato in tutto il mondo da migliaia di atleti, che rappresentano diversi paesi, gruppi di et\u00e0 e livelli di gioco. Il futuro di questo sport sembra luminoso, dato che le competizioni di alto profilo e le ambizioni olimpiche attirano nuovi fan da tutto il mondo verso questo sport.&nbsp;<\/p>","protected":false},"excerpt":{"rendered":"<p>Over the last three decades, beach handball has exploded in popularity. From its emergence in Italy in the early 1990s to its appearance at the 2018 Youth Olympic Games, people [&hellip;]<\/p>\n","protected":false},"author":6,"featured_media":1023,"parent":0,"menu_order":0,"comment_status":"closed","ping_status":"closed","template":"","meta":{"content-type":"","footnotes":""},"class_list":["post-1022","page","type-page","status-publish","has-post-thumbnail","hentry"],"yoast_head":"<!-- This site is optimized with the Yoast SEO Premium plugin v17.8 (Yoast SEO v27.5) - https:\/\/yoast.com\/product\/yoast-seo-premium-wordpress\/ -->\n<title>The History of Beach Handball - Beach Handball News<\/title>\n<meta name=\"robots\" content=\"index, follow, max-snippet:-1, max-image-preview:large, max-video-preview:-1\" \/>\n<link rel=\"canonical\" href=\"https:\/\/beachhandballnews.com\/it\/the-history-of-beach-handball\/\" \/>\n<meta property=\"og:locale\" content=\"it_IT\" \/>\n<meta property=\"og:type\" content=\"article\" \/>\n<meta property=\"og:title\" content=\"The History of Beach Handball\" \/>\n<meta property=\"og:description\" content=\"Over the last three decades, beach handball has exploded in popularity. From its emergence in Italy in the early 1990s to its appearance at the 2018 Youth Olympic Games, people [&hellip;]\" \/>\n<meta property=\"og:url\" content=\"https:\/\/beachhandballnews.com\/it\/the-history-of-beach-handball\/\" \/>\n<meta property=\"og:site_name\" content=\"Beach Handball News\" \/>\n<meta property=\"article:publisher\" content=\"https:\/\/www.facebook.com\/beachhandballnews\" \/>\n<meta property=\"article:modified_time\" content=\"2021-11-21T06:50:36+00:00\" \/>\n<meta property=\"og:image\" content=\"https:\/\/beachhandballnews.com\/wp-content\/uploads\/2021\/11\/handball_1400.jpg\" \/>\n\t<meta property=\"og:image:width\" content=\"1400\" \/>\n\t<meta property=\"og:image:height\" content=\"933\" \/>\n\t<meta property=\"og:image:type\" content=\"image\/jpeg\" \/>\n<meta name=\"twitter:card\" content=\"summary_large_image\" \/>\n<meta name=\"twitter:site\" content=\"@beachandbalnews\" \/>\n<meta name=\"twitter:label1\" content=\"Tempo di lettura stimato\" \/>\n\t<meta name=\"twitter:data1\" content=\"5 minuti\" \/>\n<script type=\"application\/ld+json\" class=\"yoast-schema-graph\">{\"@context\":\"https:\\\/\\\/schema.org\",\"@graph\":[{\"@type\":\"WebPage\",\"@id\":\"https:\\\/\\\/beachhandballnews.com\\\/the-history-of-beach-handball\\\/\",\"url\":\"https:\\\/\\\/beachhandballnews.com\\\/the-history-of-beach-handball\\\/\",\"name\":\"The History of Beach Handball - Beach Handball News\",\"isPartOf\":{\"@id\":\"https:\\\/\\\/beachhandballnews.com\\\/#website\"},\"primaryImageOfPage\":{\"@id\":\"https:\\\/\\\/beachhandballnews.com\\\/the-history-of-beach-handball\\\/#primaryimage\"},\"image\":{\"@id\":\"https:\\\/\\\/beachhandballnews.com\\\/the-history-of-beach-handball\\\/#primaryimage\"},\"thumbnailUrl\":\"https:\\\/\\\/beachhandballnews.com\\\/wp-content\\\/uploads\\\/2021\\\/11\\\/handball_1400.jpg\",\"datePublished\":\"2021-11-12T05:21:28+00:00\",\"dateModified\":\"2021-11-21T06:50:36+00:00\",\"breadcrumb\":{\"@id\":\"https:\\\/\\\/beachhandballnews.com\\\/the-history-of-beach-handball\\\/#breadcrumb\"},\"inLanguage\":\"it-IT\",\"potentialAction\":[{\"@type\":\"ReadAction\",\"target\":[\"https:\\\/\\\/beachhandballnews.com\\\/the-history-of-beach-handball\\\/\"]}]},{\"@type\":\"ImageObject\",\"inLanguage\":\"it-IT\",\"@id\":\"https:\\\/\\\/beachhandballnews.com\\\/the-history-of-beach-handball\\\/#primaryimage\",\"url\":\"https:\\\/\\\/beachhandballnews.com\\\/wp-content\\\/uploads\\\/2021\\\/11\\\/handball_1400.jpg\",\"contentUrl\":\"https:\\\/\\\/beachhandballnews.com\\\/wp-content\\\/uploads\\\/2021\\\/11\\\/handball_1400.jpg\",\"width\":1400,\"height\":933,\"caption\":\"BUENOS AIRES, ARGENTINA - OCTOBER 13: Lynn Klesserof Netherlands takes a shot during a Women's Bronze Medal Match during day 7 of Buenos Aires 2018 Youth Olympic Games at Green Park on October 13, 2018 in Buenos Aires, Argentina. (Photo by Marcelo Endelli\\\/Getty Images)\"},{\"@type\":\"BreadcrumbList\",\"@id\":\"https:\\\/\\\/beachhandballnews.com\\\/the-history-of-beach-handball\\\/#breadcrumb\",\"itemListElement\":[{\"@type\":\"ListItem\",\"position\":1,\"name\":\"Home\",\"item\":\"https:\\\/\\\/beachhandballnews.com\\\/\"},{\"@type\":\"ListItem\",\"position\":2,\"name\":\"The History of Beach Handball\"}]},{\"@type\":\"WebSite\",\"@id\":\"https:\\\/\\\/beachhandballnews.com\\\/#website\",\"url\":\"https:\\\/\\\/beachhandballnews.com\\\/\",\"name\":\"Beach Handball News\",\"description\":\"Coming Soon\",\"publisher\":{\"@id\":\"https:\\\/\\\/beachhandballnews.com\\\/#organization\"},\"potentialAction\":[{\"@type\":\"SearchAction\",\"target\":{\"@type\":\"EntryPoint\",\"urlTemplate\":\"https:\\\/\\\/beachhandballnews.com\\\/?s={search_term_string}\"},\"query-input\":{\"@type\":\"PropertyValueSpecification\",\"valueRequired\":true,\"valueName\":\"search_term_string\"}}],\"inLanguage\":\"it-IT\"},{\"@type\":\"Organization\",\"@id\":\"https:\\\/\\\/beachhandballnews.com\\\/#organization\",\"name\":\"Beach Handball News\",\"url\":\"https:\\\/\\\/beachhandballnews.com\\\/\",\"logo\":{\"@type\":\"ImageObject\",\"inLanguage\":\"it-IT\",\"@id\":\"https:\\\/\\\/beachhandballnews.com\\\/#\\\/schema\\\/logo\\\/image\\\/\",\"url\":\"https:\\\/\\\/beachhandballnews.com\\\/wp-content\\\/uploads\\\/2022\\\/01\\\/wordpress-logo-bhn-footer.png\",\"contentUrl\":\"https:\\\/\\\/beachhandballnews.com\\\/wp-content\\\/uploads\\\/2022\\\/01\\\/wordpress-logo-bhn-footer.png\",\"width\":152,\"height\":80,\"caption\":\"Beach Handball News\"},\"image\":{\"@id\":\"https:\\\/\\\/beachhandballnews.com\\\/#\\\/schema\\\/logo\\\/image\\\/\"},\"sameAs\":[\"https:\\\/\\\/www.facebook.com\\\/beachhandballnews\",\"https:\\\/\\\/x.com\\\/beachandbalnews\",\"https:\\\/\\\/www.instagram.com\\\/beachhandballnews\\\/\",\"https:\\\/\\\/www.linkedin.com\\\/company\\\/beach-handball-news\"]}]}<\/script>\n<!-- \/ Yoast SEO Premium plugin. -->","yoast_head_json":{"title":"La storia del beach handball - Notizie sul beach handball","robots":{"index":"index","follow":"follow","max-snippet":"max-snippet:-1","max-image-preview":"max-image-preview:large","max-video-preview":"max-video-preview:-1"},"canonical":"https:\/\/beachhandballnews.com\/it\/the-history-of-beach-handball\/","og_locale":"it_IT","og_type":"article","og_title":"The History of Beach Handball","og_description":"Over the last three decades, beach handball has exploded in popularity. From its emergence in Italy in the early 1990s to its appearance at the 2018 Youth Olympic Games, people [&hellip;]","og_url":"https:\/\/beachhandballnews.com\/it\/the-history-of-beach-handball\/","og_site_name":"Beach Handball News","article_publisher":"https:\/\/www.facebook.com\/beachhandballnews","article_modified_time":"2021-11-21T06:50:36+00:00","og_image":[{"width":1400,"height":933,"url":"https:\/\/beachhandballnews.com\/wp-content\/uploads\/2021\/11\/handball_1400.jpg","type":"image\/jpeg"}],"twitter_card":"summary_large_image","twitter_site":"@beachandbalnews","twitter_misc":{"Tempo di lettura stimato":"5 minuti"},"schema":{"@context":"https:\/\/schema.org","@graph":[{"@type":"WebPage","@id":"https:\/\/beachhandballnews.com\/the-history-of-beach-handball\/","url":"https:\/\/beachhandballnews.com\/the-history-of-beach-handball\/","name":"La storia del beach handball - Notizie sul beach handball","isPartOf":{"@id":"https:\/\/beachhandballnews.com\/#website"},"primaryImageOfPage":{"@id":"https:\/\/beachhandballnews.com\/the-history-of-beach-handball\/#primaryimage"},"image":{"@id":"https:\/\/beachhandballnews.com\/the-history-of-beach-handball\/#primaryimage"},"thumbnailUrl":"https:\/\/beachhandballnews.com\/wp-content\/uploads\/2021\/11\/handball_1400.jpg","datePublished":"2021-11-12T05:21:28+00:00","dateModified":"2021-11-21T06:50:36+00:00","breadcrumb":{"@id":"https:\/\/beachhandballnews.com\/the-history-of-beach-handball\/#breadcrumb"},"inLanguage":"it-IT","potentialAction":[{"@type":"ReadAction","target":["https:\/\/beachhandballnews.com\/the-history-of-beach-handball\/"]}]},{"@type":"ImageObject","inLanguage":"it-IT","@id":"https:\/\/beachhandballnews.com\/the-history-of-beach-handball\/#primaryimage","url":"https:\/\/beachhandballnews.com\/wp-content\/uploads\/2021\/11\/handball_1400.jpg","contentUrl":"https:\/\/beachhandballnews.com\/wp-content\/uploads\/2021\/11\/handball_1400.jpg","width":1400,"height":933,"caption":"BUENOS AIRES, ARGENTINA - OCTOBER 13: Lynn Klesserof Netherlands takes a shot during a Women's Bronze Medal Match during day 7 of Buenos Aires 2018 Youth Olympic Games at Green Park on October 13, 2018 in Buenos Aires, Argentina. (Photo by Marcelo Endelli\/Getty Images)"},{"@type":"BreadcrumbList","@id":"https:\/\/beachhandballnews.com\/the-history-of-beach-handball\/#breadcrumb","itemListElement":[{"@type":"ListItem","position":1,"name":"Home","item":"https:\/\/beachhandballnews.com\/"},{"@type":"ListItem","position":2,"name":"The History of Beach Handball"}]},{"@type":"WebSite","@id":"https:\/\/beachhandballnews.com\/#website","url":"https:\/\/beachhandballnews.com\/","name":"Notizie di Beach Handball","description":"In arrivo","publisher":{"@id":"https:\/\/beachhandballnews.com\/#organization"},"potentialAction":[{"@type":"SearchAction","target":{"@type":"EntryPoint","urlTemplate":"https:\/\/beachhandballnews.com\/?s={search_term_string}"},"query-input":{"@type":"PropertyValueSpecification","valueRequired":true,"valueName":"search_term_string"}}],"inLanguage":"it-IT"},{"@type":"Organization","@id":"https:\/\/beachhandballnews.com\/#organization","name":"Notizie di Beach Handball","url":"https:\/\/beachhandballnews.com\/","logo":{"@type":"ImageObject","inLanguage":"it-IT","@id":"https:\/\/beachhandballnews.com\/#\/schema\/logo\/image\/","url":"https:\/\/beachhandballnews.com\/wp-content\/uploads\/2022\/01\/wordpress-logo-bhn-footer.png","contentUrl":"https:\/\/beachhandballnews.com\/wp-content\/uploads\/2022\/01\/wordpress-logo-bhn-footer.png","width":152,"height":80,"caption":"Beach Handball News"},"image":{"@id":"https:\/\/beachhandballnews.com\/#\/schema\/logo\/image\/"},"sameAs":["https:\/\/www.facebook.com\/beachhandballnews","https:\/\/x.com\/beachandbalnews","https:\/\/www.instagram.com\/beachhandballnews\/","https:\/\/www.linkedin.com\/company\/beach-handball-news"]}]}},"_links":{"self":[{"href":"https:\/\/beachhandballnews.com\/it\/wp-json\/wp\/v2\/pages\/1022","targetHints":{"allow":["GET"]}}],"collection":[{"href":"https:\/\/beachhandballnews.com\/it\/wp-json\/wp\/v2\/pages"}],"about":[{"href":"https:\/\/beachhandballnews.com\/it\/wp-json\/wp\/v2\/types\/page"}],"author":[{"embeddable":true,"href":"https:\/\/beachhandballnews.com\/it\/wp-json\/wp\/v2\/users\/6"}],"replies":[{"embeddable":true,"href":"https:\/\/beachhandballnews.com\/it\/wp-json\/wp\/v2\/comments?post=1022"}],"version-history":[{"count":0,"href":"https:\/\/beachhandballnews.com\/it\/wp-json\/wp\/v2\/pages\/1022\/revisions"}],"wp:featuredmedia":[{"embeddable":true,"href":"https:\/\/beachhandballnews.com\/it\/wp-json\/wp\/v2\/media\/1023"}],"wp:attachment":[{"href":"https:\/\/beachhandballnews.com\/it\/wp-json\/wp\/v2\/media?parent=1022"}],"curies":[{"name":"wp","href":"https:\/\/api.w.org\/{rel}","templated":true}]}}