{"id":269,"date":"2021-09-19T21:06:59","date_gmt":"2021-09-19T18:06:59","guid":{"rendered":"https:\/\/beachhandballnews.com\/?page_id=269"},"modified":"2022-09-12T11:28:49","modified_gmt":"2022-09-12T18:28:49","slug":"purpose","status":"publish","type":"page","link":"https:\/\/beachhandballnews.com\/it\/purpose\/","title":{"rendered":"Unire le persone"},"content":{"rendered":"<p><strong>La nostra missione \u00e8 semplice:<\/strong> Unire le comunit\u00e0 di tutto il mondo attraverso lo sport, la cultura e le esperienze uniche.<\/p>\n\n\n\n<p><strong>Perch\u00e9?<\/strong> Perch\u00e9 <span style=\"color:#98261f\" class=\"has-inline-color\">amiamo la pallamano sulla spiaggia<\/span>\u00e8 cos\u00ec semplice. Crediamo che il Beach Handball sia uno sport che il mondo pu\u00f2 abbracciare e apprezzare veramente tutto, dalle culture, alle persone, alle belle spiagge su cui si gioca.<\/p>\n\n\n\n<p>Ma seguire lo sport pu\u00f2 richiedere molto impegno. Significa cercare in pi\u00f9 lingue e seguire centinaia di account sui social media. Inoltre, ogni torneo ha il suo modo di creare un'esperienza da fan, quindi pu\u00f2 essere difficile godersi le partite e imparare di pi\u00f9 sulle nostre squadre preferite.<\/p>\n\n\n\n<p>Se fosse pi\u00f9 facile essere un fan del beach handball, ancora pi\u00f9 persone potrebbero far parte di questa incredibile comunit\u00e0. Abbiamo pensato che sarebbe fantastico se ci fosse un posto dove le persone di tutto il mondo che amano il beach handball potessero connettersi con giocatori e squadre locali e internazionali, e trovare notizie e aggiornamenti sui tornei in una lingua che capiscono.<\/p>\n\n\n\n<p>Cos\u00ec abbiamo iniziato un <a href=\"https:\/\/www.instagram.com\/beachhandballnews\/\" target=\"_blank\" rel=\"noreferrer noopener\">Pagina Instagram<\/a> dove potevamo condividere contenuti globali sul beach handball e riunire giocatori e fan. \u00c8 cresciuto rapidamente, e presto, abbiamo avuto un gruppo di seguaci molto impegnati che erano entusiasti del futuro del beach handball. Questo era un buon inizio, ma sapevamo di poter fare di pi\u00f9, cos\u00ec abbiamo creato questo sito web per portare il nostro marchio al livello successivo.<\/p>\n\n\n\n<p><strong>Come?<\/strong> Il nostro sito web \u00e8 la sede di una comunit\u00e0 globale di persone che amano il beach handball. Qui troverai contenuti creati in collaborazione con i giocatori, notizie sulle tue squadre preferite e un gruppo di persone che condividono il tuo amore per il beach handball. Puoi anche inviare i tuoi contenuti per essere presentati!<\/p>\n\n\n\n<p>Tutti sono i benvenuti qui, e siamo entusiasti di vedere questa comunit\u00e0 crescere con l'aiuto dei fan, dei giocatori e delle squadre che rendono grande questo sport.<\/p>\n\n\n\n<p>Grazie per essere parte della comunit\u00e0.<\/p>\n\n\n\n<p><\/p>\n\n\n\n<h2 class=\"wp-block-heading\" id=\"h-community-leaders\">Leader della comunit\u00e0<\/h2>\n\n\n\n<p>Beach Handball News non \u00e8 nulla senza le persone che dedicano innumerevoli ore ad aiutarlo a raggiungere il suo pieno potenziale, perch\u00e9 vedono il potenziale di ci\u00f2 che possiamo costruire insieme. Se sei interessato a diventare un leader della comunit\u00e0, contattaci per sapere quale ruolo ti senti di ricoprire. Siamo sempre alla ricerca di nuovi modi per ampliare il nostro team.<\/p>\n\n\n\n<figure id=\"community-leaders\" class=\"wp-block-table is-style-regular has-medium-font-size\"><table><thead><tr><th><\/th><th class=\"has-text-align-left\" data-align=\"left\">Nome<\/th><th class=\"has-text-align-left\" data-align=\"left\">Paese<\/th><th class=\"has-text-align-left\" data-align=\"left\">Titolo<\/th><\/tr><\/thead><tbody><tr><td><img decoding=\"async\" width=\"150\" height=\"147\" class=\"wp-image-19307 lazyload\" style=\"--smush-placeholder-width: 150px; --smush-placeholder-aspect-ratio: 150\/147;width: 150px;\" data-src=\"https:\/\/beachhandballnews.com\/wp-content\/uploads\/2022\/09\/Eduardo-Villasana.png\" alt=\"Eduardo Villasana\" data-srcset=\"https:\/\/beachhandballnews.com\/wp-content\/uploads\/2022\/09\/Eduardo-Villasana.png 1342w, https:\/\/beachhandballnews.com\/wp-content\/uploads\/2022\/09\/Eduardo-Villasana-300x293.png 300w, https:\/\/beachhandballnews.com\/wp-content\/uploads\/2022\/09\/Eduardo-Villasana-1024x1001.png 1024w, https:\/\/beachhandballnews.com\/wp-content\/uploads\/2022\/09\/Eduardo-Villasana-768x751.png 768w, https:\/\/beachhandballnews.com\/wp-content\/uploads\/2022\/09\/Eduardo-Villasana-12x12.png 12w\" data-sizes=\"(max-width: 150px) 100vw, 150px\" src=\"data:image\/svg+xml;base64,PHN2ZyB3aWR0aD0iMSIgaGVpZ2h0PSIxIiB4bWxucz0iaHR0cDovL3d3dy53My5vcmcvMjAwMC9zdmciPjwvc3ZnPg==\" \/><\/td><td class=\"has-text-align-left\" data-align=\"left\">Eduardo Villasana<\/td><td class=\"has-text-align-left\" data-align=\"left\">Messico<\/td><td class=\"has-text-align-left\" data-align=\"left\">Produttore di podcast<\/td><\/tr><tr><td><img decoding=\"async\" width=\"150\" height=\"136\" class=\"wp-image-19306 lazyload\" style=\"--smush-placeholder-width: 150px; --smush-placeholder-aspect-ratio: 150\/136;width: 150px;\" data-src=\"https:\/\/beachhandballnews.com\/wp-content\/uploads\/2022\/09\/Alan-Cisneros-Fierro.png\" alt=\"Alan Cisneros Fierro\" data-srcset=\"https:\/\/beachhandballnews.com\/wp-content\/uploads\/2022\/09\/Alan-Cisneros-Fierro.png 1310w, https:\/\/beachhandballnews.com\/wp-content\/uploads\/2022\/09\/Alan-Cisneros-Fierro-300x273.png 300w, https:\/\/beachhandballnews.com\/wp-content\/uploads\/2022\/09\/Alan-Cisneros-Fierro-1024x932.png 1024w, https:\/\/beachhandballnews.com\/wp-content\/uploads\/2022\/09\/Alan-Cisneros-Fierro-768x699.png 768w, https:\/\/beachhandballnews.com\/wp-content\/uploads\/2022\/09\/Alan-Cisneros-Fierro-13x12.png 13w\" data-sizes=\"(max-width: 150px) 100vw, 150px\" src=\"data:image\/svg+xml;base64,PHN2ZyB3aWR0aD0iMSIgaGVpZ2h0PSIxIiB4bWxucz0iaHR0cDovL3d3dy53My5vcmcvMjAwMC9zdmciPjwvc3ZnPg==\" \/><\/td><td class=\"has-text-align-left\" data-align=\"left\">Alan Cisneros Fierro<\/td><td class=\"has-text-align-left\" data-align=\"left\">Messico<\/td><td class=\"has-text-align-left\" data-align=\"left\">Produttore di podcast<\/td><\/tr><tr><td><img decoding=\"async\" width=\"150\" height=\"148\" class=\"wp-image-19333 lazyload\" style=\"--smush-placeholder-width: 150px; --smush-placeholder-aspect-ratio: 150\/148;width: 150px;\" data-src=\"https:\/\/beachhandballnews.com\/wp-content\/uploads\/2022\/09\/Alma-Richart.png\" alt=\"Alma Richart\" data-srcset=\"https:\/\/beachhandballnews.com\/wp-content\/uploads\/2022\/09\/Alma-Richart.png 866w, https:\/\/beachhandballnews.com\/wp-content\/uploads\/2022\/09\/Alma-Richart-300x296.png 300w, https:\/\/beachhandballnews.com\/wp-content\/uploads\/2022\/09\/Alma-Richart-768x757.png 768w, https:\/\/beachhandballnews.com\/wp-content\/uploads\/2022\/09\/Alma-Richart-12x12.png 12w, https:\/\/beachhandballnews.com\/wp-content\/uploads\/2022\/09\/Alma-Richart-80x80.png 80w\" data-sizes=\"(max-width: 150px) 100vw, 150px\" src=\"data:image\/svg+xml;base64,PHN2ZyB3aWR0aD0iMSIgaGVpZ2h0PSIxIiB4bWxucz0iaHR0cDovL3d3dy53My5vcmcvMjAwMC9zdmciPjwvc3ZnPg==\" \/><\/td><td class=\"has-text-align-left\" data-align=\"left\">Alma Mayo<\/td><td class=\"has-text-align-left\" data-align=\"left\">Spagna<\/td><td class=\"has-text-align-left\" data-align=\"left\">Coordinatore della comunit\u00e0<\/td><\/tr><tr><td><img decoding=\"async\" width=\"150\" height=\"176\" class=\"wp-image-19329 lazyload\" style=\"--smush-placeholder-width: 150px; --smush-placeholder-aspect-ratio: 150\/176;width: 150px;\" data-src=\"https:\/\/beachhandballnews.com\/wp-content\/uploads\/2022\/09\/Chalmers-Brown.png\" alt=\"Chalmers Brown\" data-srcset=\"https:\/\/beachhandballnews.com\/wp-content\/uploads\/2022\/09\/Chalmers-Brown.png 458w, https:\/\/beachhandballnews.com\/wp-content\/uploads\/2022\/09\/Chalmers-Brown-255x300.png 255w, https:\/\/beachhandballnews.com\/wp-content\/uploads\/2022\/09\/Chalmers-Brown-10x12.png 10w\" data-sizes=\"(max-width: 150px) 100vw, 150px\" src=\"data:image\/svg+xml;base64,PHN2ZyB3aWR0aD0iMSIgaGVpZ2h0PSIxIiB4bWxucz0iaHR0cDovL3d3dy53My5vcmcvMjAwMC9zdmciPjwvc3ZnPg==\" \/><\/td><td class=\"has-text-align-left\" data-align=\"left\">Chalmers Brown<\/td><td class=\"has-text-align-left\" data-align=\"left\">STATI UNITI D'AMERICA<\/td><td class=\"has-text-align-left\" data-align=\"left\">Notizie di Beach Handball Proprietario<\/td><\/tr><\/tbody><\/table><\/figure>","protected":false},"excerpt":{"rendered":"<p>Our mission is simple: To unite communities around the world through sport, culture, and unique experiences. Why? Because we love beach handball, it\u2019s that simple. We believe Beach Handball is [&hellip;]<\/p>\n","protected":false},"author":1,"featured_media":0,"parent":0,"menu_order":0,"comment_status":"closed","ping_status":"closed","template":"page-fullwidth.php","meta":{"content-type":"","footnotes":""},"class_list":["post-269","page","type-page","status-publish","hentry"],"yoast_head":"<!-- This site is optimized with the Yoast SEO Premium plugin v17.8 (Yoast SEO v27.5) - https:\/\/yoast.com\/product\/yoast-seo-premium-wordpress\/ -->\n<title>Purpose - Beach Handball News<\/title>\n<meta name=\"description\" content=\"Our mission is to unite global communities through sport, culture, and unique experiences. Everyone is welcome here.\" \/>\n<meta name=\"robots\" content=\"index, follow, max-snippet:-1, max-image-preview:large, max-video-preview:-1\" \/>\n<link rel=\"canonical\" href=\"https:\/\/beachhandballnews.com\/it\/purpose\/\" \/>\n<meta property=\"og:locale\" content=\"it_IT\" \/>\n<meta property=\"og:type\" content=\"article\" \/>\n<meta property=\"og:title\" content=\"Uniting People\" \/>\n<meta property=\"og:description\" content=\"Our mission is to unite global communities through sport, culture, and unique experiences. Everyone is welcome here.\" \/>\n<meta property=\"og:url\" content=\"https:\/\/beachhandballnews.com\/it\/purpose\/\" \/>\n<meta property=\"og:site_name\" content=\"Beach Handball News\" \/>\n<meta property=\"article:publisher\" content=\"https:\/\/www.facebook.com\/beachhandballnews\" \/>\n<meta property=\"article:modified_time\" content=\"2022-09-12T18:28:49+00:00\" \/>\n<meta property=\"og:image\" content=\"https:\/\/beachhandballnews.com\/wp-content\/uploads\/2022\/09\/Eduardo-Villasana.png\" \/>\n<meta name=\"twitter:card\" content=\"summary_large_image\" \/>\n<meta name=\"twitter:site\" content=\"@beachandbalnews\" \/>\n<meta name=\"twitter:label1\" content=\"Tempo di lettura stimato\" \/>\n\t<meta name=\"twitter:data1\" content=\"3 minuti\" \/>\n<script type=\"application\/ld+json\" class=\"yoast-schema-graph\">{\"@context\":\"https:\\\/\\\/schema.org\",\"@graph\":[{\"@type\":\"WebPage\",\"@id\":\"https:\\\/\\\/beachhandballnews.com\\\/purpose\\\/\",\"url\":\"https:\\\/\\\/beachhandballnews.com\\\/purpose\\\/\",\"name\":\"Purpose - Beach Handball News\",\"isPartOf\":{\"@id\":\"https:\\\/\\\/beachhandballnews.com\\\/#website\"},\"primaryImageOfPage\":{\"@id\":\"https:\\\/\\\/beachhandballnews.com\\\/purpose\\\/#primaryimage\"},\"image\":{\"@id\":\"https:\\\/\\\/beachhandballnews.com\\\/purpose\\\/#primaryimage\"},\"thumbnailUrl\":\"https:\\\/\\\/beachhandballnews.com\\\/wp-content\\\/uploads\\\/2022\\\/09\\\/Eduardo-Villasana.png\",\"datePublished\":\"2021-09-19T18:06:59+00:00\",\"dateModified\":\"2022-09-12T18:28:49+00:00\",\"description\":\"Our mission is to unite global communities through sport, culture, and unique experiences. Everyone is welcome here.\",\"breadcrumb\":{\"@id\":\"https:\\\/\\\/beachhandballnews.com\\\/purpose\\\/#breadcrumb\"},\"inLanguage\":\"it-IT\",\"potentialAction\":[{\"@type\":\"ReadAction\",\"target\":[\"https:\\\/\\\/beachhandballnews.com\\\/purpose\\\/\"]}]},{\"@type\":\"ImageObject\",\"inLanguage\":\"it-IT\",\"@id\":\"https:\\\/\\\/beachhandballnews.com\\\/purpose\\\/#primaryimage\",\"url\":\"https:\\\/\\\/beachhandballnews.com\\\/wp-content\\\/uploads\\\/2022\\\/09\\\/Eduardo-Villasana.png\",\"contentUrl\":\"https:\\\/\\\/beachhandballnews.com\\\/wp-content\\\/uploads\\\/2022\\\/09\\\/Eduardo-Villasana.png\"},{\"@type\":\"BreadcrumbList\",\"@id\":\"https:\\\/\\\/beachhandballnews.com\\\/purpose\\\/#breadcrumb\",\"itemListElement\":[{\"@type\":\"ListItem\",\"position\":1,\"name\":\"Home\",\"item\":\"https:\\\/\\\/beachhandballnews.com\\\/\"},{\"@type\":\"ListItem\",\"position\":2,\"name\":\"Uniting People\"}]},{\"@type\":\"WebSite\",\"@id\":\"https:\\\/\\\/beachhandballnews.com\\\/#website\",\"url\":\"https:\\\/\\\/beachhandballnews.com\\\/\",\"name\":\"Beach Handball News\",\"description\":\"Coming Soon\",\"publisher\":{\"@id\":\"https:\\\/\\\/beachhandballnews.com\\\/#organization\"},\"potentialAction\":[{\"@type\":\"SearchAction\",\"target\":{\"@type\":\"EntryPoint\",\"urlTemplate\":\"https:\\\/\\\/beachhandballnews.com\\\/?s={search_term_string}\"},\"query-input\":{\"@type\":\"PropertyValueSpecification\",\"valueRequired\":true,\"valueName\":\"search_term_string\"}}],\"inLanguage\":\"it-IT\"},{\"@type\":\"Organization\",\"@id\":\"https:\\\/\\\/beachhandballnews.com\\\/#organization\",\"name\":\"Beach Handball News\",\"url\":\"https:\\\/\\\/beachhandballnews.com\\\/\",\"logo\":{\"@type\":\"ImageObject\",\"inLanguage\":\"it-IT\",\"@id\":\"https:\\\/\\\/beachhandballnews.com\\\/#\\\/schema\\\/logo\\\/image\\\/\",\"url\":\"https:\\\/\\\/beachhandballnews.com\\\/wp-content\\\/uploads\\\/2022\\\/01\\\/wordpress-logo-bhn-footer.png\",\"contentUrl\":\"https:\\\/\\\/beachhandballnews.com\\\/wp-content\\\/uploads\\\/2022\\\/01\\\/wordpress-logo-bhn-footer.png\",\"width\":152,\"height\":80,\"caption\":\"Beach Handball News\"},\"image\":{\"@id\":\"https:\\\/\\\/beachhandballnews.com\\\/#\\\/schema\\\/logo\\\/image\\\/\"},\"sameAs\":[\"https:\\\/\\\/www.facebook.com\\\/beachhandballnews\",\"https:\\\/\\\/x.com\\\/beachandbalnews\",\"https:\\\/\\\/www.instagram.com\\\/beachhandballnews\\\/\",\"https:\\\/\\\/www.linkedin.com\\\/company\\\/beach-handball-news\"]}]}<\/script>\n<!-- \/ Yoast SEO Premium plugin. -->","yoast_head_json":{"title":"Scopo - Notizie di Beach Handball","description":"La nostra missione \u00e8 quella di unire le comunit\u00e0 globali attraverso lo sport, la cultura e le esperienze uniche. Qui tutti sono i benvenuti.","robots":{"index":"index","follow":"follow","max-snippet":"max-snippet:-1","max-image-preview":"max-image-preview:large","max-video-preview":"max-video-preview:-1"},"canonical":"https:\/\/beachhandballnews.com\/it\/purpose\/","og_locale":"it_IT","og_type":"article","og_title":"Uniting People","og_description":"Our mission is to unite global communities through sport, culture, and unique experiences. Everyone is welcome here.","og_url":"https:\/\/beachhandballnews.com\/it\/purpose\/","og_site_name":"Beach Handball News","article_publisher":"https:\/\/www.facebook.com\/beachhandballnews","article_modified_time":"2022-09-12T18:28:49+00:00","og_image":[{"url":"https:\/\/beachhandballnews.com\/wp-content\/uploads\/2022\/09\/Eduardo-Villasana.png","type":"","width":"","height":""}],"twitter_card":"summary_large_image","twitter_site":"@beachandbalnews","twitter_misc":{"Tempo di lettura stimato":"3 minuti"},"schema":{"@context":"https:\/\/schema.org","@graph":[{"@type":"WebPage","@id":"https:\/\/beachhandballnews.com\/purpose\/","url":"https:\/\/beachhandballnews.com\/purpose\/","name":"Scopo - Notizie di Beach Handball","isPartOf":{"@id":"https:\/\/beachhandballnews.com\/#website"},"primaryImageOfPage":{"@id":"https:\/\/beachhandballnews.com\/purpose\/#primaryimage"},"image":{"@id":"https:\/\/beachhandballnews.com\/purpose\/#primaryimage"},"thumbnailUrl":"https:\/\/beachhandballnews.com\/wp-content\/uploads\/2022\/09\/Eduardo-Villasana.png","datePublished":"2021-09-19T18:06:59+00:00","dateModified":"2022-09-12T18:28:49+00:00","description":"La nostra missione \u00e8 quella di unire le comunit\u00e0 globali attraverso lo sport, la cultura e le esperienze uniche. Qui tutti sono i benvenuti.","breadcrumb":{"@id":"https:\/\/beachhandballnews.com\/purpose\/#breadcrumb"},"inLanguage":"it-IT","potentialAction":[{"@type":"ReadAction","target":["https:\/\/beachhandballnews.com\/purpose\/"]}]},{"@type":"ImageObject","inLanguage":"it-IT","@id":"https:\/\/beachhandballnews.com\/purpose\/#primaryimage","url":"https:\/\/beachhandballnews.com\/wp-content\/uploads\/2022\/09\/Eduardo-Villasana.png","contentUrl":"https:\/\/beachhandballnews.com\/wp-content\/uploads\/2022\/09\/Eduardo-Villasana.png"},{"@type":"BreadcrumbList","@id":"https:\/\/beachhandballnews.com\/purpose\/#breadcrumb","itemListElement":[{"@type":"ListItem","position":1,"name":"Home","item":"https:\/\/beachhandballnews.com\/"},{"@type":"ListItem","position":2,"name":"Uniting People"}]},{"@type":"WebSite","@id":"https:\/\/beachhandballnews.com\/#website","url":"https:\/\/beachhandballnews.com\/","name":"Notizie di Beach Handball","description":"In arrivo","publisher":{"@id":"https:\/\/beachhandballnews.com\/#organization"},"potentialAction":[{"@type":"SearchAction","target":{"@type":"EntryPoint","urlTemplate":"https:\/\/beachhandballnews.com\/?s={search_term_string}"},"query-input":{"@type":"PropertyValueSpecification","valueRequired":true,"valueName":"search_term_string"}}],"inLanguage":"it-IT"},{"@type":"Organization","@id":"https:\/\/beachhandballnews.com\/#organization","name":"Notizie di Beach Handball","url":"https:\/\/beachhandballnews.com\/","logo":{"@type":"ImageObject","inLanguage":"it-IT","@id":"https:\/\/beachhandballnews.com\/#\/schema\/logo\/image\/","url":"https:\/\/beachhandballnews.com\/wp-content\/uploads\/2022\/01\/wordpress-logo-bhn-footer.png","contentUrl":"https:\/\/beachhandballnews.com\/wp-content\/uploads\/2022\/01\/wordpress-logo-bhn-footer.png","width":152,"height":80,"caption":"Beach Handball News"},"image":{"@id":"https:\/\/beachhandballnews.com\/#\/schema\/logo\/image\/"},"sameAs":["https:\/\/www.facebook.com\/beachhandballnews","https:\/\/x.com\/beachandbalnews","https:\/\/www.instagram.com\/beachhandballnews\/","https:\/\/www.linkedin.com\/company\/beach-handball-news"]}]}},"_links":{"self":[{"href":"https:\/\/beachhandballnews.com\/it\/wp-json\/wp\/v2\/pages\/269","targetHints":{"allow":["GET"]}}],"collection":[{"href":"https:\/\/beachhandballnews.com\/it\/wp-json\/wp\/v2\/pages"}],"about":[{"href":"https:\/\/beachhandballnews.com\/it\/wp-json\/wp\/v2\/types\/page"}],"author":[{"embeddable":true,"href":"https:\/\/beachhandballnews.com\/it\/wp-json\/wp\/v2\/users\/1"}],"replies":[{"embeddable":true,"href":"https:\/\/beachhandballnews.com\/it\/wp-json\/wp\/v2\/comments?post=269"}],"version-history":[{"count":0,"href":"https:\/\/beachhandballnews.com\/it\/wp-json\/wp\/v2\/pages\/269\/revisions"}],"wp:attachment":[{"href":"https:\/\/beachhandballnews.com\/it\/wp-json\/wp\/v2\/media?parent=269"}],"curies":[{"name":"wp","href":"https:\/\/api.w.org\/{rel}","templated":true}]}}