{"id":1022,"date":"2021-11-12T08:21:28","date_gmt":"2021-11-12T05:21:28","guid":{"rendered":"https:\/\/beachhandballnews.com\/?page_id=1022"},"modified":"2021-11-20T22:50:36","modified_gmt":"2021-11-21T06:50:36","slug":"the-history-of-beach-handball","status":"publish","type":"page","link":"https:\/\/beachhandballnews.com\/pl\/the-history-of-beach-handball\/","title":{"rendered":"Historia pla\u017cowej pi\u0142ki r\u0119cznej"},"content":{"rendered":"<p>W ci\u0105gu ostatnich trzech dekad pi\u0142ka r\u0119czna pla\u017cowa zyska\u0142a ogromn\u0105 popularno\u015b\u0107. Od momentu powstania we W\u0142oszech na pocz\u0105tku lat 90. ubieg\u0142ego wieku po pojawienie si\u0119 na M\u0142odzie\u017cowych Igrzyskach Olimpijskich w 2018 roku ludzie na ca\u0142ym \u015bwiecie pokochali ten szybki sport. Rosn\u0105ca liczba fan\u00f3w tej dyscypliny ma wielkie cele i wielu ma nadziej\u0119, \u017ce wkr\u00f3tce zostanie ona w\u0142\u0105czona do programu Igrzysk Olimpijskich dla senior\u00f3w.&nbsp;<\/p>\n\n\n\n<p>Pi\u0142ka r\u0119czna pla\u017cowa jest obecnie w centrum uwagi ca\u0142ego \u015bwiata, dlatego nigdy nie by\u0142o lepszego momentu, aby si\u0119 ni\u0105 zainteresowa\u0107. Jej awans z modnej gry na w\u0142oskich pla\u017cach na scen\u0119 olimpijsk\u0105 to jedna z najbardziej niezwyk\u0142ych historii sportu ostatnich lat.&nbsp;<\/p>\n\n\n\n<p><strong>Pocz\u0105tki nowego sportu<\/strong><\/p>\n\n\n\n<p>Simonetta Montagni, w\u0142oski trener pi\u0142ki r\u0119cznej, by\u0142 jedn\u0105 z pierwszych os\u00f3b, kt\u00f3re dostrzeg\u0142y, \u017ce gra w pi\u0142k\u0119 r\u0119czn\u0105 na pla\u017cy mo\u017ce by\u0107 atrakcyjna dla tego sportu. Zainspirowany ogromn\u0105 popularno\u015bci\u0105 siatk\u00f3wki pla\u017cowej pod koniec lat 80. ubieg\u0142ego wieku, zacz\u0105\u0142 dostosowywa\u0107 zasady gry do gry na piasku.&nbsp;<\/p>\n\n\n\n<p>W mi\u0119dzyczasie inni gracze z ca\u0142ych W\u0142och r\u00f3wnie\u017c rozwa\u017cali mo\u017cliwo\u015b\u0107 przeniesienia pi\u0142ki r\u0119cznej na pla\u017c\u0119.&nbsp;&nbsp;<\/p>\n\n\n\n<p>Dla Gianniego Buttarelli i Franco Schiano konieczno\u015b\u0107 by\u0142a matk\u0105 wynalazku. Byli oni prezesami lokalnego klubu pi\u0142ki r\u0119cznej na wyspie Ponzo, licz\u0105cej zaledwie 3000 mieszka\u0144c\u00f3w u wybrze\u017cy Sardynii, kt\u00f3rzy byli coraz bardziej sfrustrowani brakiem dost\u0119pnych boisk. Oni tak\u017ce zdawali sobie spraw\u0119, \u017ce gra na pla\u017cy mo\u017ce stworzy\u0107 nowe mo\u017cliwo\u015bci zwi\u0119kszenia popularno\u015bci pi\u0142ki r\u0119cznej.&nbsp;<\/p>\n\n\n\n<p>W 1990 r. Luciano Bartolini rozpocz\u0105\u0142 opracowywanie pierwszego zbioru przepis\u00f3w gry na pro\u015bb\u0119 nowo wybranego prezesa W\u0142oskiej Federacji Pi\u0142ki R\u0119cznej. Bartolini wykorzysta\u0142 istniej\u0105ce wcze\u015bniej boiska do siatk\u00f3wki pla\u017cowej i dostosowa\u0142 zasady gry do ich wymiar\u00f3w. Jego koncepcja zak\u0142ada\u0142a gr\u0119 trzech zawodnik\u00f3w w ka\u017cdej dru\u017cynie oraz bramkarza, a pole zmian by\u0142o tej samej wielko\u015bci co boisko.&nbsp;<\/p>\n\n\n\n<p><strong>Uznanie przez IHF<\/strong><\/p>\n\n\n\n<p>Pierwszy pokazowy mecz pi\u0142ki r\u0119cznej pla\u017cowej rozegrano w Misano Adriatico w 1992 roku, a jeszcze tego samego roku na Ponzo odby\u0142 si\u0119 pierwszy turniej. Wkr\u00f3tce potem zorganizowano mi\u0119dzynarodowy turniej, w kt\u00f3rym inne kraje europejskie, kt\u00f3re r\u00f3wnie\u017c zacz\u0119\u0142y gra\u0107 w pi\u0142k\u0119 r\u0119czn\u0105 na piasku, w tym Holandia, Niemcy, Portugalia i Rosja, zmierzy\u0142y si\u0119 z w\u0142oskimi dru\u017cynami w Teramo.&nbsp;<\/p>\n\n\n\n<p>Ralf Dejaco, prezes W\u0142oskiej Federacji Pi\u0142ki R\u0119cznej, poprowadzi\u0142 kampani\u0119 na rzecz oficjalnego uznania pi\u0142ki r\u0119cznej pla\u017cowej za sport, korzystaj\u0105c ze wsparcia finansowego W\u0142oskiego Komitetu Olimpijskiego. Na spotkaniu w Formii przedstawiciele Holenderskiej i W\u0142oskiej Federacji Pi\u0142ki R\u0119cznej uzgodnili wsp\u00f3lny zbi\u00f3r przepis\u00f3w, a w maju 1994 roku Mi\u0119dzynarodowa Federacja Pi\u0142ki R\u0119cznej oficjalnie uzna\u0142a pi\u0142k\u0119 r\u0119czn\u0105 pla\u017cow\u0105.&nbsp;<\/p>\n\n\n\n<p><strong>Rosn\u0105ca mi\u0119dzynarodowa popularno\u015b\u0107&nbsp;<\/strong><\/p>\n\n\n\n<p>W pa\u017adzierniku 1995 r. Europejska Federacja Pi\u0142ki R\u0119cznej utworzy\u0142a Grup\u0119 Robocz\u0105 ds. Pi\u0142ki R\u0119cznej Pla\u017cowej, w sk\u0142ad kt\u00f3rej weszli przedstawiciele Austrii, W\u0142och, Holandii i Hiszpanii, aby kontynuowa\u0107 testowanie i modyfikowanie metody gry. Kilka miesi\u0119cy p\u00f3\u017aniej utworzono grup\u0119 mi\u0119dzynarodow\u0105, w zwi\u0105zku z rosn\u0105c\u0105 popularno\u015bci\u0105 tej gry w Ameryce Po\u0142udniowej.&nbsp;<\/p>\n\n\n\n<p>W 1997 r. w pi\u0142k\u0119 r\u0119czn\u0105 pla\u017cow\u0105 grano ju\u017c w ca\u0142ej Europie, a kalendarz imprez sportowych obejmowa\u0142 ca\u0142y kontynent. Wkr\u00f3tce zacz\u0119to organizowa\u0107 kursy dla trener\u00f3w i s\u0119dzi\u00f3w pi\u0142ki r\u0119cznej pla\u017cowej, co przyczyni\u0142o si\u0119 do wzrostu popularno\u015bci tego sportu.&nbsp;<\/p>\n\n\n\n<p>W 1998 roku odby\u0142y si\u0119 pierwsze Panameryka\u0144skie Mistrzostwa M\u0119\u017cczyzn, a dwa lata p\u00f3\u017aniej pierwsze Mistrzostwa Europy. W 2003 r. ustanowiono European Beach Handball Tour, a rok p\u00f3\u017aniej w El Gounie odby\u0142y si\u0119 pierwsze Mistrzostwa \u015awiata. W ci\u0105gu nast\u0119pnej dekady odby\u0142y si\u0119 kolejne zawody w obu Amerykach, Europie i Azji.&nbsp;<\/p>\n\n\n\n<p>Na pocz\u0105tku 2010 r. sport ten zyska\u0142 now\u0105 popularno\u015b\u0107 w\u015br\u00f3d dzieci i m\u0142odzie\u017cy, poniewa\u017c do mistrzostw EURO dodano m\u0142odsze kategorie wiekowe.&nbsp;<\/p>\n\n\n\n<p><strong>Marzenia olimpijskie&nbsp;<\/strong><\/p>\n\n\n\n<p>Pi\u0142ka r\u0119czna pla\u017cowa cieszy si\u0119 coraz wi\u0119ksz\u0105 popularno\u015bci\u0105, a mi\u0119dzynarodowe zawody przyci\u0105gaj\u0105 dziesi\u0105tki dru\u017cyn z ca\u0142ego \u015bwiata i dziesi\u0105tki tysi\u0119cy kibic\u00f3w.&nbsp;<\/p>\n\n\n\n<p>W 2019 roku PGNiG Superliga Sumer, kt\u00f3rej gospodarzem od 2017 roku jest corocznie Zwi\u0105zek Pi\u0142ki R\u0119cznej w Polsce, przyci\u0105gn\u0119\u0142a 1000 zawodnik\u00f3w z o\u015bmiu kraj\u00f3w, kt\u00f3rzy wzi\u0119li udzia\u0142 w trzech r\u00f3\u017cnych turniejach. Przyci\u0105gn\u0119\u0142a r\u00f3wnie\u017c uwag\u0119 ponad 80 000 kibic\u00f3w z ca\u0142ego \u015bwiata.&nbsp;<\/p>\n\n\n\n<p>W programie \u015awiatowych Igrzysk Pla\u017cowych ANOC, ustanowionych w 2019 r. przez Stowarzyszenie Narodowych Komitet\u00f3w Olimpijskich, znalaz\u0142a si\u0119 r\u00f3wnie\u017c pla\u017cowa pi\u0142ka r\u0119czna. W imprezie inauguracyjnej wzi\u0119\u0142o udzia\u0142 12 dru\u017cyn m\u0119skich i 12 dru\u017cyn \u017ce\u0144skich, reprezentuj\u0105cych kraje z pi\u0119ciu kontynent\u00f3w i potwierdzaj\u0105cych mi\u0119dzynarodowe zainteresowanie pi\u0142k\u0105 r\u0119czn\u0105 pla\u017cow\u0105.&nbsp;<\/p>\n\n\n\n<p>Prawdopodobnie najbardziej presti\u017cowym turniejem w tej dyscyplinie sportu by\u0142y M\u0142odzie\u017cowe Igrzyska Olimpijskie 2018. Ponad 200 m\u0142odych sportowc\u00f3w z 15 kraj\u00f3w wzi\u0119\u0142o udzia\u0142 w zawodach w Buenos Ares, przyci\u0105gaj\u0105c mi\u0119dzynarodow\u0105 uwag\u0119 i przyci\u0105gaj\u0105c do sportu nowych fan\u00f3w. Debiut pi\u0142ki r\u0119cznej pla\u017cowej na M\u0142odzie\u017cowych Igrzyskach Olimpijskich wzbudzi\u0142 r\u00f3wnie\u017c zainteresowanie w\u0142\u0105czeniem tej dyscypliny do programu Igrzysk Olimpijskich dla senior\u00f3w.&nbsp;<\/p>\n\n\n\n<p>11 lutego 2020 roku IHF z\u0142o\u017cy\u0142 oficjaln\u0105 pro\u015bb\u0119 do Mi\u0119dzynarodowego Komitetu Olimpijskiego o w\u0142\u0105czenie pi\u0142ki r\u0119cznej pla\u017cowej do programu Letnich Igrzysk Olimpijskich w 2024 roku w Pary\u017cu (Francja). Chocia\u017c MKOl ostatecznie zdecydowa\u0142, \u017ce nie zostanie ona w\u0142\u0105czona do programu igrzysk w 2024 roku z powodu pandemii COVID-19, wci\u0105\u017c istnieje nadzieja, \u017ce mo\u017ce zosta\u0107 w\u0142\u0105czona do programu igrzysk olimpijskich w Los Angeles w 2028 roku. MKOl zwr\u00f3ci\u0142 szczeg\u00f3ln\u0105 uwag\u0119 na rosn\u0105c\u0105 popularno\u015b\u0107 tej dyscypliny sportu oraz jej sukces podczas M\u0142odzie\u017cowych Igrzysk Olimpijskich w 2018 roku.&nbsp;<\/p>\n\n\n\n<p><strong>Przysz\u0142o\u015b\u0107 pla\u017cowej pi\u0142ki r\u0119cznej&nbsp;<\/strong><\/p>\n\n\n\n<p>Mimo \u017ce kibice nie zobacz\u0105 pi\u0142ki r\u0119cznej pla\u017cowej na igrzyskach w Pary\u017cu w 2024 roku, to i tak czeka ich kilka wa\u017cnych turniej\u00f3w.&nbsp;<\/p>\n\n\n\n<p>W listopadzie 2021 r. zostan\u0105 og\u0142oszone terminy Mistrzostw \u015awiata w Pi\u0142ce R\u0119cznej Pla\u017cowej M\u0119\u017cczyzn i Kobiet w 2022 r. oraz M\u0142odzie\u017cowych Mistrzostw \u015awiata w Pi\u0142ce R\u0119cznej Pla\u017cowej. Oczekuje si\u0119, \u017ce w zawodach we\u017amie udzia\u0142 kilkadziesi\u0105t dru\u017cyn z ca\u0142ego \u015bwiata.&nbsp;&nbsp;<\/p>\n\n\n\n<p>W lipcu 2022 r. w Birmingham (USA) po raz czwarty odb\u0119d\u0105 si\u0119 \u015awiatowe Igrzyska Sportowe w pi\u0142ce r\u0119cznej pla\u017cowej, a podczas M\u0142odzie\u017cowych Igrzysk Olimpijskich w Dakarze w 2026 r. (pierwotnie zaplanowanych na 2022 r.) po raz kolejny zostanie zaprezentowana ta dyscyplina sportu. Oba te wydarzenia prawdopodobnie przyczyni\u0105 si\u0119 do wzrostu popularno\u015bci pi\u0142ki r\u0119cznej pla\u017cowej i przyci\u0105gn\u0105 do niej nowych fan\u00f3w.<\/p>\n\n\n\n<p>Pi\u0142ka r\u0119czna pla\u017cowa przesz\u0142a d\u0142ug\u0105 drog\u0119 od swoich pocz\u0105tk\u00f3w na male\u0144kiej wyspie we W\u0142oszech. Obecnie uprawiaj\u0105 j\u0105 tysi\u0105ce sportowc\u00f3w z ca\u0142ego \u015bwiata, reprezentuj\u0105cych r\u00f3\u017cne kraje, grupy wiekowe i poziomy zaawansowania. Przysz\u0142o\u015b\u0107 tego sportu rysuje si\u0119 w jasnych barwach, poniewa\u017c presti\u017cowe zawody i ambicje olimpijskie przyci\u0105gaj\u0105 do niego nowych fan\u00f3w z ca\u0142ego \u015bwiata.&nbsp;<\/p>","protected":false},"excerpt":{"rendered":"<p>Over the last three decades, beach handball has exploded in popularity. From its emergence in Italy in the early 1990s to its appearance at the 2018 Youth Olympic Games, people [&hellip;]<\/p>\n","protected":false},"author":6,"featured_media":1023,"parent":0,"menu_order":0,"comment_status":"closed","ping_status":"closed","template":"","meta":{"content-type":"","footnotes":""},"class_list":["post-1022","page","type-page","status-publish","has-post-thumbnail","hentry"],"yoast_head":"<!-- This site is optimized with the Yoast SEO Premium plugin v17.8 (Yoast SEO v27.5) - https:\/\/yoast.com\/product\/yoast-seo-premium-wordpress\/ -->\n<title>The History of Beach Handball - Beach Handball News<\/title>\n<meta name=\"robots\" content=\"index, follow, max-snippet:-1, max-image-preview:large, max-video-preview:-1\" \/>\n<link rel=\"canonical\" href=\"https:\/\/beachhandballnews.com\/pl\/the-history-of-beach-handball\/\" \/>\n<meta property=\"og:locale\" content=\"pl_PL\" \/>\n<meta property=\"og:type\" content=\"article\" \/>\n<meta property=\"og:title\" content=\"The History of Beach Handball\" \/>\n<meta property=\"og:description\" content=\"Over the last three decades, beach handball has exploded in popularity. From its emergence in Italy in the early 1990s to its appearance at the 2018 Youth Olympic Games, people [&hellip;]\" \/>\n<meta property=\"og:url\" content=\"https:\/\/beachhandballnews.com\/pl\/the-history-of-beach-handball\/\" \/>\n<meta property=\"og:site_name\" content=\"Beach Handball News\" \/>\n<meta property=\"article:publisher\" content=\"https:\/\/www.facebook.com\/beachhandballnews\" \/>\n<meta property=\"article:modified_time\" content=\"2021-11-21T06:50:36+00:00\" \/>\n<meta property=\"og:image\" content=\"https:\/\/beachhandballnews.com\/wp-content\/uploads\/2021\/11\/handball_1400.jpg\" \/>\n\t<meta property=\"og:image:width\" content=\"1400\" \/>\n\t<meta property=\"og:image:height\" content=\"933\" \/>\n\t<meta property=\"og:image:type\" content=\"image\/jpeg\" \/>\n<meta name=\"twitter:card\" content=\"summary_large_image\" \/>\n<meta name=\"twitter:site\" content=\"@beachandbalnews\" \/>\n<meta name=\"twitter:label1\" content=\"Szacowany czas czytania\" \/>\n\t<meta name=\"twitter:data1\" content=\"5 minut\" \/>\n<script type=\"application\/ld+json\" class=\"yoast-schema-graph\">{\"@context\":\"https:\\\/\\\/schema.org\",\"@graph\":[{\"@type\":\"WebPage\",\"@id\":\"https:\\\/\\\/beachhandballnews.com\\\/the-history-of-beach-handball\\\/\",\"url\":\"https:\\\/\\\/beachhandballnews.com\\\/the-history-of-beach-handball\\\/\",\"name\":\"The History of Beach Handball - Beach Handball News\",\"isPartOf\":{\"@id\":\"https:\\\/\\\/beachhandballnews.com\\\/#website\"},\"primaryImageOfPage\":{\"@id\":\"https:\\\/\\\/beachhandballnews.com\\\/the-history-of-beach-handball\\\/#primaryimage\"},\"image\":{\"@id\":\"https:\\\/\\\/beachhandballnews.com\\\/the-history-of-beach-handball\\\/#primaryimage\"},\"thumbnailUrl\":\"https:\\\/\\\/beachhandballnews.com\\\/wp-content\\\/uploads\\\/2021\\\/11\\\/handball_1400.jpg\",\"datePublished\":\"2021-11-12T05:21:28+00:00\",\"dateModified\":\"2021-11-21T06:50:36+00:00\",\"breadcrumb\":{\"@id\":\"https:\\\/\\\/beachhandballnews.com\\\/the-history-of-beach-handball\\\/#breadcrumb\"},\"inLanguage\":\"pl-PL\",\"potentialAction\":[{\"@type\":\"ReadAction\",\"target\":[\"https:\\\/\\\/beachhandballnews.com\\\/the-history-of-beach-handball\\\/\"]}]},{\"@type\":\"ImageObject\",\"inLanguage\":\"pl-PL\",\"@id\":\"https:\\\/\\\/beachhandballnews.com\\\/the-history-of-beach-handball\\\/#primaryimage\",\"url\":\"https:\\\/\\\/beachhandballnews.com\\\/wp-content\\\/uploads\\\/2021\\\/11\\\/handball_1400.jpg\",\"contentUrl\":\"https:\\\/\\\/beachhandballnews.com\\\/wp-content\\\/uploads\\\/2021\\\/11\\\/handball_1400.jpg\",\"width\":1400,\"height\":933,\"caption\":\"BUENOS AIRES, ARGENTINA - OCTOBER 13: Lynn Klesserof Netherlands takes a shot during a Women's Bronze Medal Match during day 7 of Buenos Aires 2018 Youth Olympic Games at Green Park on October 13, 2018 in Buenos Aires, Argentina. (Photo by Marcelo Endelli\\\/Getty Images)\"},{\"@type\":\"BreadcrumbList\",\"@id\":\"https:\\\/\\\/beachhandballnews.com\\\/the-history-of-beach-handball\\\/#breadcrumb\",\"itemListElement\":[{\"@type\":\"ListItem\",\"position\":1,\"name\":\"Home\",\"item\":\"https:\\\/\\\/beachhandballnews.com\\\/\"},{\"@type\":\"ListItem\",\"position\":2,\"name\":\"The History of Beach Handball\"}]},{\"@type\":\"WebSite\",\"@id\":\"https:\\\/\\\/beachhandballnews.com\\\/#website\",\"url\":\"https:\\\/\\\/beachhandballnews.com\\\/\",\"name\":\"Beach Handball News\",\"description\":\"Coming Soon\",\"publisher\":{\"@id\":\"https:\\\/\\\/beachhandballnews.com\\\/#organization\"},\"potentialAction\":[{\"@type\":\"SearchAction\",\"target\":{\"@type\":\"EntryPoint\",\"urlTemplate\":\"https:\\\/\\\/beachhandballnews.com\\\/?s={search_term_string}\"},\"query-input\":{\"@type\":\"PropertyValueSpecification\",\"valueRequired\":true,\"valueName\":\"search_term_string\"}}],\"inLanguage\":\"pl-PL\"},{\"@type\":\"Organization\",\"@id\":\"https:\\\/\\\/beachhandballnews.com\\\/#organization\",\"name\":\"Beach Handball News\",\"url\":\"https:\\\/\\\/beachhandballnews.com\\\/\",\"logo\":{\"@type\":\"ImageObject\",\"inLanguage\":\"pl-PL\",\"@id\":\"https:\\\/\\\/beachhandballnews.com\\\/#\\\/schema\\\/logo\\\/image\\\/\",\"url\":\"https:\\\/\\\/beachhandballnews.com\\\/wp-content\\\/uploads\\\/2022\\\/01\\\/wordpress-logo-bhn-footer.png\",\"contentUrl\":\"https:\\\/\\\/beachhandballnews.com\\\/wp-content\\\/uploads\\\/2022\\\/01\\\/wordpress-logo-bhn-footer.png\",\"width\":152,\"height\":80,\"caption\":\"Beach Handball News\"},\"image\":{\"@id\":\"https:\\\/\\\/beachhandballnews.com\\\/#\\\/schema\\\/logo\\\/image\\\/\"},\"sameAs\":[\"https:\\\/\\\/www.facebook.com\\\/beachhandballnews\",\"https:\\\/\\\/x.com\\\/beachandbalnews\",\"https:\\\/\\\/www.instagram.com\\\/beachhandballnews\\\/\",\"https:\\\/\\\/www.linkedin.com\\\/company\\\/beach-handball-news\"]}]}<\/script>\n<!-- \/ Yoast SEO Premium plugin. -->","yoast_head_json":{"title":"Historia pi\u0142ki r\u0119cznej pla\u017cowej - Aktualno\u015bci o pi\u0142ce r\u0119cznej pla\u017cowej","robots":{"index":"index","follow":"follow","max-snippet":"max-snippet:-1","max-image-preview":"max-image-preview:large","max-video-preview":"max-video-preview:-1"},"canonical":"https:\/\/beachhandballnews.com\/pl\/the-history-of-beach-handball\/","og_locale":"pl_PL","og_type":"article","og_title":"The History of Beach Handball","og_description":"Over the last three decades, beach handball has exploded in popularity. From its emergence in Italy in the early 1990s to its appearance at the 2018 Youth Olympic Games, people [&hellip;]","og_url":"https:\/\/beachhandballnews.com\/pl\/the-history-of-beach-handball\/","og_site_name":"Beach Handball News","article_publisher":"https:\/\/www.facebook.com\/beachhandballnews","article_modified_time":"2021-11-21T06:50:36+00:00","og_image":[{"width":1400,"height":933,"url":"https:\/\/beachhandballnews.com\/wp-content\/uploads\/2021\/11\/handball_1400.jpg","type":"image\/jpeg"}],"twitter_card":"summary_large_image","twitter_site":"@beachandbalnews","twitter_misc":{"Szacowany czas czytania":"5 minut"},"schema":{"@context":"https:\/\/schema.org","@graph":[{"@type":"WebPage","@id":"https:\/\/beachhandballnews.com\/the-history-of-beach-handball\/","url":"https:\/\/beachhandballnews.com\/the-history-of-beach-handball\/","name":"Historia pi\u0142ki r\u0119cznej pla\u017cowej - Aktualno\u015bci o pi\u0142ce r\u0119cznej pla\u017cowej","isPartOf":{"@id":"https:\/\/beachhandballnews.com\/#website"},"primaryImageOfPage":{"@id":"https:\/\/beachhandballnews.com\/the-history-of-beach-handball\/#primaryimage"},"image":{"@id":"https:\/\/beachhandballnews.com\/the-history-of-beach-handball\/#primaryimage"},"thumbnailUrl":"https:\/\/beachhandballnews.com\/wp-content\/uploads\/2021\/11\/handball_1400.jpg","datePublished":"2021-11-12T05:21:28+00:00","dateModified":"2021-11-21T06:50:36+00:00","breadcrumb":{"@id":"https:\/\/beachhandballnews.com\/the-history-of-beach-handball\/#breadcrumb"},"inLanguage":"pl-PL","potentialAction":[{"@type":"ReadAction","target":["https:\/\/beachhandballnews.com\/the-history-of-beach-handball\/"]}]},{"@type":"ImageObject","inLanguage":"pl-PL","@id":"https:\/\/beachhandballnews.com\/the-history-of-beach-handball\/#primaryimage","url":"https:\/\/beachhandballnews.com\/wp-content\/uploads\/2021\/11\/handball_1400.jpg","contentUrl":"https:\/\/beachhandballnews.com\/wp-content\/uploads\/2021\/11\/handball_1400.jpg","width":1400,"height":933,"caption":"BUENOS AIRES, ARGENTINA - OCTOBER 13: Lynn Klesserof Netherlands takes a shot during a Women's Bronze Medal Match during day 7 of Buenos Aires 2018 Youth Olympic Games at Green Park on October 13, 2018 in Buenos Aires, Argentina. (Photo by Marcelo Endelli\/Getty Images)"},{"@type":"BreadcrumbList","@id":"https:\/\/beachhandballnews.com\/the-history-of-beach-handball\/#breadcrumb","itemListElement":[{"@type":"ListItem","position":1,"name":"Home","item":"https:\/\/beachhandballnews.com\/"},{"@type":"ListItem","position":2,"name":"The History of Beach Handball"}]},{"@type":"WebSite","@id":"https:\/\/beachhandballnews.com\/#website","url":"https:\/\/beachhandballnews.com\/","name":"Pi\u0142ka r\u0119czna pla\u017cowa Aktualno\u015bci","description":"Ju\u017c wkr\u00f3tce","publisher":{"@id":"https:\/\/beachhandballnews.com\/#organization"},"potentialAction":[{"@type":"SearchAction","target":{"@type":"EntryPoint","urlTemplate":"https:\/\/beachhandballnews.com\/?s={search_term_string}"},"query-input":{"@type":"PropertyValueSpecification","valueRequired":true,"valueName":"search_term_string"}}],"inLanguage":"pl-PL"},{"@type":"Organization","@id":"https:\/\/beachhandballnews.com\/#organization","name":"Pi\u0142ka r\u0119czna pla\u017cowa Aktualno\u015bci","url":"https:\/\/beachhandballnews.com\/","logo":{"@type":"ImageObject","inLanguage":"pl-PL","@id":"https:\/\/beachhandballnews.com\/#\/schema\/logo\/image\/","url":"https:\/\/beachhandballnews.com\/wp-content\/uploads\/2022\/01\/wordpress-logo-bhn-footer.png","contentUrl":"https:\/\/beachhandballnews.com\/wp-content\/uploads\/2022\/01\/wordpress-logo-bhn-footer.png","width":152,"height":80,"caption":"Beach Handball News"},"image":{"@id":"https:\/\/beachhandballnews.com\/#\/schema\/logo\/image\/"},"sameAs":["https:\/\/www.facebook.com\/beachhandballnews","https:\/\/x.com\/beachandbalnews","https:\/\/www.instagram.com\/beachhandballnews\/","https:\/\/www.linkedin.com\/company\/beach-handball-news"]}]}},"_links":{"self":[{"href":"https:\/\/beachhandballnews.com\/pl\/wp-json\/wp\/v2\/pages\/1022","targetHints":{"allow":["GET"]}}],"collection":[{"href":"https:\/\/beachhandballnews.com\/pl\/wp-json\/wp\/v2\/pages"}],"about":[{"href":"https:\/\/beachhandballnews.com\/pl\/wp-json\/wp\/v2\/types\/page"}],"author":[{"embeddable":true,"href":"https:\/\/beachhandballnews.com\/pl\/wp-json\/wp\/v2\/users\/6"}],"replies":[{"embeddable":true,"href":"https:\/\/beachhandballnews.com\/pl\/wp-json\/wp\/v2\/comments?post=1022"}],"version-history":[{"count":0,"href":"https:\/\/beachhandballnews.com\/pl\/wp-json\/wp\/v2\/pages\/1022\/revisions"}],"wp:featuredmedia":[{"embeddable":true,"href":"https:\/\/beachhandballnews.com\/pl\/wp-json\/wp\/v2\/media\/1023"}],"wp:attachment":[{"href":"https:\/\/beachhandballnews.com\/pl\/wp-json\/wp\/v2\/media?parent=1022"}],"curies":[{"name":"wp","href":"https:\/\/api.w.org\/{rel}","templated":true}]}}