{"id":1240,"date":"2021-12-07T22:29:02","date_gmt":"2021-12-08T06:29:02","guid":{"rendered":"https:\/\/beachhandballnews.com\/?page_id=1240"},"modified":"2021-12-10T21:39:39","modified_gmt":"2021-12-11T05:39:39","slug":"norwegian-womens-beach-handball-team-fined-for-not-playing-in-bikinis","status":"publish","type":"page","link":"https:\/\/beachhandballnews.com\/pl\/moments\/norwegian-womens-beach-handball-team-fined-for-not-playing-in-bikinis\/","title":{"rendered":"Norweska dru\u017cyna kobiet w pi\u0142ce r\u0119cznej pla\u017cowej ukarana grzywn\u0105 za brak gry w bikini"},"content":{"rendered":"<figure class=\"wp-block-image size-large\"><img decoding=\"async\" data-src=\"https:\/\/beachhandballnews.com\/wp-content\/uploads\/2021\/10\/norway-handball-02.jpg\" alt=\"\" src=\"data:image\/svg+xml;base64,PHN2ZyB3aWR0aD0iMSIgaGVpZ2h0PSIxIiB4bWxucz0iaHR0cDovL3d3dy53My5vcmcvMjAwMC9zdmciPjwvc3ZnPg==\" class=\"lazyload\" style=\"--smush-placeholder-width: 2000px; --smush-placeholder-aspect-ratio: 2000\/1333;\" \/><figcaption>Norweska reprezentacja kobiet w pi\u0142ce r\u0119cznej pla\u017cowej nies\u0142usznie ukarana za stroje.<\/figcaption><\/figure>\n\n\n\n<hr class=\"wp-block-separator\"\/>\n\n\n\n<p>Reprezentacja Norwegii w pi\u0142ce r\u0119cznej pla\u017cowej kobiet zosta\u0142a ukarana grzywn\u0105 za odmow\u0119 gry w spodniach bikini. Europejska Federacja Pi\u0142ki R\u0119cznej (EHF) zgodzi\u0142a si\u0119 zap\u0142aci\u0107 kar\u0119 w imieniu norweskiej dru\u017cyny. W zwi\u0105zku z tymi wydarzeniami zmieniono oficjalne przepisy dotycz\u0105ce stroj\u00f3w.<\/p>\n\n\n\n<figure class=\"wp-block-table\"><table><tbody><tr><td>Zesp\u00f3\u0142<\/td><td>Reprezentacja Norwegii kobiet<\/td><\/tr><tr><td>Instagram<\/td><td><a href=\"https:\/\/www.instagram.com\/norwaybeachhandballwomen\/\">https:\/\/www.instagram.com\/norwaybeachhandballwomen\/<\/a><\/td><\/tr><\/tbody><\/table><\/figure>","protected":false},"excerpt":{"rendered":"<p>The Norwegian women\u2019s beach handball team was fined for refusing to play in bikini bottoms. The European Handball Federation, EHF, has since agreed to pay the fine on behalf of [&hellip;]<\/p>\n","protected":false},"author":6,"featured_media":0,"parent":481,"menu_order":0,"comment_status":"closed","ping_status":"closed","template":"","meta":{"content-type":"","footnotes":""},"class_list":["post-1240","page","type-page","status-publish","hentry"],"yoast_head":"<!-- This site is optimized with the Yoast SEO Premium plugin v17.8 (Yoast SEO v27.5) - https:\/\/yoast.com\/product\/yoast-seo-premium-wordpress\/ -->\n<title>Norwegian women&#039;s beach handball team fined for not playing in bikinis - Beach Handball News<\/title>\n<meta name=\"robots\" content=\"index, follow, max-snippet:-1, max-image-preview:large, max-video-preview:-1\" \/>\n<link rel=\"canonical\" href=\"https:\/\/beachhandballnews.com\/pl\/moments\/norwegian-womens-beach-handball-team-fined-for-not-playing-in-bikinis\/\" \/>\n<meta property=\"og:locale\" content=\"pl_PL\" \/>\n<meta property=\"og:type\" content=\"article\" \/>\n<meta property=\"og:title\" content=\"Norwegian women&#039;s beach handball team fined for not playing in bikinis\" \/>\n<meta property=\"og:description\" content=\"The Norwegian women\u2019s beach handball team was fined for refusing to play in bikini bottoms. The European Handball Federation, EHF, has since agreed to pay the fine on behalf of [&hellip;]\" \/>\n<meta property=\"og:url\" content=\"https:\/\/beachhandballnews.com\/pl\/moments\/norwegian-womens-beach-handball-team-fined-for-not-playing-in-bikinis\/\" \/>\n<meta property=\"og:site_name\" content=\"Beach Handball News\" \/>\n<meta property=\"article:publisher\" content=\"https:\/\/www.facebook.com\/beachhandballnews\" \/>\n<meta property=\"article:modified_time\" content=\"2021-12-11T05:39:39+00:00\" \/>\n<meta property=\"og:image\" content=\"https:\/\/beachhandballnews.com\/wp-content\/uploads\/2021\/10\/norway-handball-02.jpg\" \/>\n<meta name=\"twitter:card\" content=\"summary_large_image\" \/>\n<meta name=\"twitter:site\" content=\"@beachandbalnews\" \/>\n<meta name=\"twitter:label1\" content=\"Szacowany czas czytania\" \/>\n\t<meta name=\"twitter:data1\" content=\"1 minuta\" \/>\n<script type=\"application\/ld+json\" class=\"yoast-schema-graph\">{\"@context\":\"https:\\\/\\\/schema.org\",\"@graph\":[{\"@type\":\"WebPage\",\"@id\":\"https:\\\/\\\/beachhandballnews.com\\\/moments\\\/norwegian-womens-beach-handball-team-fined-for-not-playing-in-bikinis\\\/\",\"url\":\"https:\\\/\\\/beachhandballnews.com\\\/moments\\\/norwegian-womens-beach-handball-team-fined-for-not-playing-in-bikinis\\\/\",\"name\":\"Norwegian women's beach handball team fined for not playing in bikinis - Beach Handball News\",\"isPartOf\":{\"@id\":\"https:\\\/\\\/beachhandballnews.com\\\/#website\"},\"primaryImageOfPage\":{\"@id\":\"https:\\\/\\\/beachhandballnews.com\\\/moments\\\/norwegian-womens-beach-handball-team-fined-for-not-playing-in-bikinis\\\/#primaryimage\"},\"image\":{\"@id\":\"https:\\\/\\\/beachhandballnews.com\\\/moments\\\/norwegian-womens-beach-handball-team-fined-for-not-playing-in-bikinis\\\/#primaryimage\"},\"thumbnailUrl\":\"https:\\\/\\\/beachhandballnews.com\\\/wp-content\\\/uploads\\\/2021\\\/10\\\/norway-handball-02.jpg\",\"datePublished\":\"2021-12-08T06:29:02+00:00\",\"dateModified\":\"2021-12-11T05:39:39+00:00\",\"breadcrumb\":{\"@id\":\"https:\\\/\\\/beachhandballnews.com\\\/moments\\\/norwegian-womens-beach-handball-team-fined-for-not-playing-in-bikinis\\\/#breadcrumb\"},\"inLanguage\":\"pl-PL\",\"potentialAction\":[{\"@type\":\"ReadAction\",\"target\":[\"https:\\\/\\\/beachhandballnews.com\\\/moments\\\/norwegian-womens-beach-handball-team-fined-for-not-playing-in-bikinis\\\/\"]}]},{\"@type\":\"ImageObject\",\"inLanguage\":\"pl-PL\",\"@id\":\"https:\\\/\\\/beachhandballnews.com\\\/moments\\\/norwegian-womens-beach-handball-team-fined-for-not-playing-in-bikinis\\\/#primaryimage\",\"url\":\"https:\\\/\\\/beachhandballnews.com\\\/wp-content\\\/uploads\\\/2021\\\/10\\\/norway-handball-02.jpg\",\"contentUrl\":\"https:\\\/\\\/beachhandballnews.com\\\/wp-content\\\/uploads\\\/2021\\\/10\\\/norway-handball-02.jpg\"},{\"@type\":\"BreadcrumbList\",\"@id\":\"https:\\\/\\\/beachhandballnews.com\\\/moments\\\/norwegian-womens-beach-handball-team-fined-for-not-playing-in-bikinis\\\/#breadcrumb\",\"itemListElement\":[{\"@type\":\"ListItem\",\"position\":1,\"name\":\"Home\",\"item\":\"https:\\\/\\\/beachhandballnews.com\\\/\"},{\"@type\":\"ListItem\",\"position\":2,\"name\":\"Moments\",\"item\":\"https:\\\/\\\/beachhandballnews.com\\\/moments\\\/\"},{\"@type\":\"ListItem\",\"position\":3,\"name\":\"Norwegian women&#8217;s beach handball team fined for not playing in bikinis\"}]},{\"@type\":\"WebSite\",\"@id\":\"https:\\\/\\\/beachhandballnews.com\\\/#website\",\"url\":\"https:\\\/\\\/beachhandballnews.com\\\/\",\"name\":\"Beach Handball News\",\"description\":\"Coming Soon\",\"publisher\":{\"@id\":\"https:\\\/\\\/beachhandballnews.com\\\/#organization\"},\"potentialAction\":[{\"@type\":\"SearchAction\",\"target\":{\"@type\":\"EntryPoint\",\"urlTemplate\":\"https:\\\/\\\/beachhandballnews.com\\\/?s={search_term_string}\"},\"query-input\":{\"@type\":\"PropertyValueSpecification\",\"valueRequired\":true,\"valueName\":\"search_term_string\"}}],\"inLanguage\":\"pl-PL\"},{\"@type\":\"Organization\",\"@id\":\"https:\\\/\\\/beachhandballnews.com\\\/#organization\",\"name\":\"Beach Handball News\",\"url\":\"https:\\\/\\\/beachhandballnews.com\\\/\",\"logo\":{\"@type\":\"ImageObject\",\"inLanguage\":\"pl-PL\",\"@id\":\"https:\\\/\\\/beachhandballnews.com\\\/#\\\/schema\\\/logo\\\/image\\\/\",\"url\":\"https:\\\/\\\/beachhandballnews.com\\\/wp-content\\\/uploads\\\/2022\\\/01\\\/wordpress-logo-bhn-footer.png\",\"contentUrl\":\"https:\\\/\\\/beachhandballnews.com\\\/wp-content\\\/uploads\\\/2022\\\/01\\\/wordpress-logo-bhn-footer.png\",\"width\":152,\"height\":80,\"caption\":\"Beach Handball News\"},\"image\":{\"@id\":\"https:\\\/\\\/beachhandballnews.com\\\/#\\\/schema\\\/logo\\\/image\\\/\"},\"sameAs\":[\"https:\\\/\\\/www.facebook.com\\\/beachhandballnews\",\"https:\\\/\\\/x.com\\\/beachandbalnews\",\"https:\\\/\\\/www.instagram.com\\\/beachhandballnews\\\/\",\"https:\\\/\\\/www.linkedin.com\\\/company\\\/beach-handball-news\"]}]}<\/script>\n<!-- \/ Yoast SEO Premium plugin. -->","yoast_head_json":{"title":"Norweska dru\u017cyna kobiet w pi\u0142ce r\u0119cznej pla\u017cowej ukarana za brak gry w bikini - Beach Handball News","robots":{"index":"index","follow":"follow","max-snippet":"max-snippet:-1","max-image-preview":"max-image-preview:large","max-video-preview":"max-video-preview:-1"},"canonical":"https:\/\/beachhandballnews.com\/pl\/moments\/norwegian-womens-beach-handball-team-fined-for-not-playing-in-bikinis\/","og_locale":"pl_PL","og_type":"article","og_title":"Norwegian women's beach handball team fined for not playing in bikinis","og_description":"The Norwegian women\u2019s beach handball team was fined for refusing to play in bikini bottoms. The European Handball Federation, EHF, has since agreed to pay the fine on behalf of [&hellip;]","og_url":"https:\/\/beachhandballnews.com\/pl\/moments\/norwegian-womens-beach-handball-team-fined-for-not-playing-in-bikinis\/","og_site_name":"Beach Handball News","article_publisher":"https:\/\/www.facebook.com\/beachhandballnews","article_modified_time":"2021-12-11T05:39:39+00:00","og_image":[{"url":"https:\/\/beachhandballnews.com\/wp-content\/uploads\/2021\/10\/norway-handball-02.jpg","type":"","width":"","height":""}],"twitter_card":"summary_large_image","twitter_site":"@beachandbalnews","twitter_misc":{"Szacowany czas czytania":"1 minuta"},"schema":{"@context":"https:\/\/schema.org","@graph":[{"@type":"WebPage","@id":"https:\/\/beachhandballnews.com\/moments\/norwegian-womens-beach-handball-team-fined-for-not-playing-in-bikinis\/","url":"https:\/\/beachhandballnews.com\/moments\/norwegian-womens-beach-handball-team-fined-for-not-playing-in-bikinis\/","name":"Norweska dru\u017cyna kobiet w pi\u0142ce r\u0119cznej pla\u017cowej ukarana za brak gry w bikini - Beach Handball News","isPartOf":{"@id":"https:\/\/beachhandballnews.com\/#website"},"primaryImageOfPage":{"@id":"https:\/\/beachhandballnews.com\/moments\/norwegian-womens-beach-handball-team-fined-for-not-playing-in-bikinis\/#primaryimage"},"image":{"@id":"https:\/\/beachhandballnews.com\/moments\/norwegian-womens-beach-handball-team-fined-for-not-playing-in-bikinis\/#primaryimage"},"thumbnailUrl":"https:\/\/beachhandballnews.com\/wp-content\/uploads\/2021\/10\/norway-handball-02.jpg","datePublished":"2021-12-08T06:29:02+00:00","dateModified":"2021-12-11T05:39:39+00:00","breadcrumb":{"@id":"https:\/\/beachhandballnews.com\/moments\/norwegian-womens-beach-handball-team-fined-for-not-playing-in-bikinis\/#breadcrumb"},"inLanguage":"pl-PL","potentialAction":[{"@type":"ReadAction","target":["https:\/\/beachhandballnews.com\/moments\/norwegian-womens-beach-handball-team-fined-for-not-playing-in-bikinis\/"]}]},{"@type":"ImageObject","inLanguage":"pl-PL","@id":"https:\/\/beachhandballnews.com\/moments\/norwegian-womens-beach-handball-team-fined-for-not-playing-in-bikinis\/#primaryimage","url":"https:\/\/beachhandballnews.com\/wp-content\/uploads\/2021\/10\/norway-handball-02.jpg","contentUrl":"https:\/\/beachhandballnews.com\/wp-content\/uploads\/2021\/10\/norway-handball-02.jpg"},{"@type":"BreadcrumbList","@id":"https:\/\/beachhandballnews.com\/moments\/norwegian-womens-beach-handball-team-fined-for-not-playing-in-bikinis\/#breadcrumb","itemListElement":[{"@type":"ListItem","position":1,"name":"Home","item":"https:\/\/beachhandballnews.com\/"},{"@type":"ListItem","position":2,"name":"Moments","item":"https:\/\/beachhandballnews.com\/moments\/"},{"@type":"ListItem","position":3,"name":"Norwegian women&#8217;s beach handball team fined for not playing in bikinis"}]},{"@type":"WebSite","@id":"https:\/\/beachhandballnews.com\/#website","url":"https:\/\/beachhandballnews.com\/","name":"Pi\u0142ka r\u0119czna pla\u017cowa Aktualno\u015bci","description":"Ju\u017c wkr\u00f3tce","publisher":{"@id":"https:\/\/beachhandballnews.com\/#organization"},"potentialAction":[{"@type":"SearchAction","target":{"@type":"EntryPoint","urlTemplate":"https:\/\/beachhandballnews.com\/?s={search_term_string}"},"query-input":{"@type":"PropertyValueSpecification","valueRequired":true,"valueName":"search_term_string"}}],"inLanguage":"pl-PL"},{"@type":"Organization","@id":"https:\/\/beachhandballnews.com\/#organization","name":"Pi\u0142ka r\u0119czna pla\u017cowa Aktualno\u015bci","url":"https:\/\/beachhandballnews.com\/","logo":{"@type":"ImageObject","inLanguage":"pl-PL","@id":"https:\/\/beachhandballnews.com\/#\/schema\/logo\/image\/","url":"https:\/\/beachhandballnews.com\/wp-content\/uploads\/2022\/01\/wordpress-logo-bhn-footer.png","contentUrl":"https:\/\/beachhandballnews.com\/wp-content\/uploads\/2022\/01\/wordpress-logo-bhn-footer.png","width":152,"height":80,"caption":"Beach Handball News"},"image":{"@id":"https:\/\/beachhandballnews.com\/#\/schema\/logo\/image\/"},"sameAs":["https:\/\/www.facebook.com\/beachhandballnews","https:\/\/x.com\/beachandbalnews","https:\/\/www.instagram.com\/beachhandballnews\/","https:\/\/www.linkedin.com\/company\/beach-handball-news"]}]}},"_links":{"self":[{"href":"https:\/\/beachhandballnews.com\/pl\/wp-json\/wp\/v2\/pages\/1240","targetHints":{"allow":["GET"]}}],"collection":[{"href":"https:\/\/beachhandballnews.com\/pl\/wp-json\/wp\/v2\/pages"}],"about":[{"href":"https:\/\/beachhandballnews.com\/pl\/wp-json\/wp\/v2\/types\/page"}],"author":[{"embeddable":true,"href":"https:\/\/beachhandballnews.com\/pl\/wp-json\/wp\/v2\/users\/6"}],"replies":[{"embeddable":true,"href":"https:\/\/beachhandballnews.com\/pl\/wp-json\/wp\/v2\/comments?post=1240"}],"version-history":[{"count":0,"href":"https:\/\/beachhandballnews.com\/pl\/wp-json\/wp\/v2\/pages\/1240\/revisions"}],"up":[{"embeddable":true,"href":"https:\/\/beachhandballnews.com\/pl\/wp-json\/wp\/v2\/pages\/481"}],"wp:attachment":[{"href":"https:\/\/beachhandballnews.com\/pl\/wp-json\/wp\/v2\/media?parent=1240"}],"curies":[{"name":"wp","href":"https:\/\/api.w.org\/{rel}","templated":true}]}}