{"id":1300,"date":"2021-12-10T22:13:47","date_gmt":"2021-12-11T06:13:47","guid":{"rendered":"https:\/\/beachhandballnews.com\/?page_id=1300"},"modified":"2021-12-10T22:13:50","modified_gmt":"2021-12-11T06:13:50","slug":"arena-handball-tours-xxii-spanish-beach-handball-championship-2021","status":"publish","type":"page","link":"https:\/\/beachhandballnews.com\/pl\/moments\/arena-handball-tours-xxii-spanish-beach-handball-championship-2021\/","title":{"rendered":"Arena Handball Tour XXII Mistrzostwa Hiszpanii w Pi\u0142ce R\u0119cznej Pla\u017cowej 2021 r."},"content":{"rendered":"<figure class=\"wp-block-image size-large\"><img decoding=\"async\" data-src=\"https:\/\/beachhandballnews.com\/wp-content\/uploads\/2021\/10\/Arena_Handball_Tour_XXII_Spanish_Beach_Handball_Championship_Valencia_2021-1.jpg\" alt=\"\" src=\"data:image\/svg+xml;base64,PHN2ZyB3aWR0aD0iMSIgaGVpZ2h0PSIxIiB4bWxucz0iaHR0cDovL3d3dy53My5vcmcvMjAwMC9zdmciPjwvc3ZnPg==\" class=\"lazyload\" style=\"--smush-placeholder-width: 1080px; --smush-placeholder-aspect-ratio: 1080\/809;\" \/><figcaption>Arena Handball Tour Mistrzostwa Hiszpanii w Walencji 2021<\/figcaption><\/figure>\n\n\n\n<p>Ekscytuj\u0105ce rozgrywki odbywaj\u0105 si\u0119 w ramach letniego cyklu Arena Handball Tour!<\/p>\n\n\n\n<figure class=\"wp-block-table\"><table><tbody><tr><td>Daty turniej\u00f3w<\/td><td>13 sierpnia 2021 r. do 15 sierpnia 2021 r.<\/td><\/tr><tr><td><meta charset=\"utf-8\">Lokalizacja turnieju<\/td><td><meta charset=\"utf-8\">Walencja, Hiszpania<\/td><\/tr><tr><td>Zesp\u00f3\u0142<\/td><td>Koty AM TEAM<\/td><\/tr><tr><td>Instagram<\/td><td><a href=\"https:\/\/www.instagram.com\/arenahandballtour\/\">https:\/\/www.instagram.com\/arenahandballtour\/<\/a><\/td><\/tr><\/tbody><\/table><\/figure>","protected":false},"excerpt":{"rendered":"<p>Exciting games take place as part of the summer-long Arena Handball Tour! Tournament Dates August 13 2021 to August 15 2021 Tournament Location Valencia, Spain Team Cats AM TEAM Instagram [&hellip;]<\/p>\n","protected":false},"author":8,"featured_media":0,"parent":481,"menu_order":0,"comment_status":"closed","ping_status":"closed","template":"","meta":{"content-type":"","footnotes":""},"class_list":["post-1300","page","type-page","status-publish","hentry"],"yoast_head":"<!-- This site is optimized with the Yoast SEO Premium plugin v17.8 (Yoast SEO v27.5) - https:\/\/yoast.com\/product\/yoast-seo-premium-wordpress\/ -->\n<title>Arena Handball Tour&#039;s XXII Spanish Beach Handball Championship 2021 - Beach Handball News<\/title>\n<meta name=\"robots\" content=\"index, follow, max-snippet:-1, max-image-preview:large, max-video-preview:-1\" \/>\n<link rel=\"canonical\" href=\"https:\/\/beachhandballnews.com\/pl\/moments\/arena-handball-tours-xxii-spanish-beach-handball-championship-2021\/\" \/>\n<meta property=\"og:locale\" content=\"pl_PL\" \/>\n<meta property=\"og:type\" content=\"article\" \/>\n<meta property=\"og:title\" content=\"Arena Handball Tour&#039;s XXII Spanish Beach Handball Championship 2021\" \/>\n<meta property=\"og:description\" content=\"Exciting games take place as part of the summer-long Arena Handball Tour! Tournament Dates August 13 2021 to August 15 2021 Tournament Location Valencia, Spain Team Cats AM TEAM Instagram [&hellip;]\" \/>\n<meta property=\"og:url\" content=\"https:\/\/beachhandballnews.com\/pl\/moments\/arena-handball-tours-xxii-spanish-beach-handball-championship-2021\/\" \/>\n<meta property=\"og:site_name\" content=\"Beach Handball News\" \/>\n<meta property=\"article:publisher\" content=\"https:\/\/www.facebook.com\/beachhandballnews\" \/>\n<meta property=\"article:modified_time\" content=\"2021-12-11T06:13:50+00:00\" \/>\n<meta property=\"og:image\" content=\"https:\/\/beachhandballnews.com\/wp-content\/uploads\/2021\/10\/Arena_Handball_Tour_XXII_Spanish_Beach_Handball_Championship_Valencia_2021-1.jpg\" \/>\n<meta name=\"twitter:card\" content=\"summary_large_image\" \/>\n<meta name=\"twitter:site\" content=\"@beachandbalnews\" \/>\n<meta name=\"twitter:label1\" content=\"Szacowany czas czytania\" \/>\n\t<meta name=\"twitter:data1\" content=\"1 minuta\" \/>\n<script type=\"application\/ld+json\" class=\"yoast-schema-graph\">{\"@context\":\"https:\\\/\\\/schema.org\",\"@graph\":[{\"@type\":\"WebPage\",\"@id\":\"https:\\\/\\\/beachhandballnews.com\\\/moments\\\/arena-handball-tours-xxii-spanish-beach-handball-championship-2021\\\/\",\"url\":\"https:\\\/\\\/beachhandballnews.com\\\/moments\\\/arena-handball-tours-xxii-spanish-beach-handball-championship-2021\\\/\",\"name\":\"Arena Handball Tour's XXII Spanish Beach Handball Championship 2021 - Beach Handball News\",\"isPartOf\":{\"@id\":\"https:\\\/\\\/beachhandballnews.com\\\/#website\"},\"primaryImageOfPage\":{\"@id\":\"https:\\\/\\\/beachhandballnews.com\\\/moments\\\/arena-handball-tours-xxii-spanish-beach-handball-championship-2021\\\/#primaryimage\"},\"image\":{\"@id\":\"https:\\\/\\\/beachhandballnews.com\\\/moments\\\/arena-handball-tours-xxii-spanish-beach-handball-championship-2021\\\/#primaryimage\"},\"thumbnailUrl\":\"https:\\\/\\\/beachhandballnews.com\\\/wp-content\\\/uploads\\\/2021\\\/10\\\/Arena_Handball_Tour_XXII_Spanish_Beach_Handball_Championship_Valencia_2021-1.jpg\",\"datePublished\":\"2021-12-11T06:13:47+00:00\",\"dateModified\":\"2021-12-11T06:13:50+00:00\",\"breadcrumb\":{\"@id\":\"https:\\\/\\\/beachhandballnews.com\\\/moments\\\/arena-handball-tours-xxii-spanish-beach-handball-championship-2021\\\/#breadcrumb\"},\"inLanguage\":\"pl-PL\",\"potentialAction\":[{\"@type\":\"ReadAction\",\"target\":[\"https:\\\/\\\/beachhandballnews.com\\\/moments\\\/arena-handball-tours-xxii-spanish-beach-handball-championship-2021\\\/\"]}]},{\"@type\":\"ImageObject\",\"inLanguage\":\"pl-PL\",\"@id\":\"https:\\\/\\\/beachhandballnews.com\\\/moments\\\/arena-handball-tours-xxii-spanish-beach-handball-championship-2021\\\/#primaryimage\",\"url\":\"https:\\\/\\\/beachhandballnews.com\\\/wp-content\\\/uploads\\\/2021\\\/10\\\/Arena_Handball_Tour_XXII_Spanish_Beach_Handball_Championship_Valencia_2021-1.jpg\",\"contentUrl\":\"https:\\\/\\\/beachhandballnews.com\\\/wp-content\\\/uploads\\\/2021\\\/10\\\/Arena_Handball_Tour_XXII_Spanish_Beach_Handball_Championship_Valencia_2021-1.jpg\"},{\"@type\":\"BreadcrumbList\",\"@id\":\"https:\\\/\\\/beachhandballnews.com\\\/moments\\\/arena-handball-tours-xxii-spanish-beach-handball-championship-2021\\\/#breadcrumb\",\"itemListElement\":[{\"@type\":\"ListItem\",\"position\":1,\"name\":\"Home\",\"item\":\"https:\\\/\\\/beachhandballnews.com\\\/\"},{\"@type\":\"ListItem\",\"position\":2,\"name\":\"Moments\",\"item\":\"https:\\\/\\\/beachhandballnews.com\\\/moments\\\/\"},{\"@type\":\"ListItem\",\"position\":3,\"name\":\"Arena Handball Tour&#8217;s XXII Spanish Beach Handball Championship 2021\"}]},{\"@type\":\"WebSite\",\"@id\":\"https:\\\/\\\/beachhandballnews.com\\\/#website\",\"url\":\"https:\\\/\\\/beachhandballnews.com\\\/\",\"name\":\"Beach Handball News\",\"description\":\"Coming Soon\",\"publisher\":{\"@id\":\"https:\\\/\\\/beachhandballnews.com\\\/#organization\"},\"potentialAction\":[{\"@type\":\"SearchAction\",\"target\":{\"@type\":\"EntryPoint\",\"urlTemplate\":\"https:\\\/\\\/beachhandballnews.com\\\/?s={search_term_string}\"},\"query-input\":{\"@type\":\"PropertyValueSpecification\",\"valueRequired\":true,\"valueName\":\"search_term_string\"}}],\"inLanguage\":\"pl-PL\"},{\"@type\":\"Organization\",\"@id\":\"https:\\\/\\\/beachhandballnews.com\\\/#organization\",\"name\":\"Beach Handball News\",\"url\":\"https:\\\/\\\/beachhandballnews.com\\\/\",\"logo\":{\"@type\":\"ImageObject\",\"inLanguage\":\"pl-PL\",\"@id\":\"https:\\\/\\\/beachhandballnews.com\\\/#\\\/schema\\\/logo\\\/image\\\/\",\"url\":\"https:\\\/\\\/beachhandballnews.com\\\/wp-content\\\/uploads\\\/2022\\\/01\\\/wordpress-logo-bhn-footer.png\",\"contentUrl\":\"https:\\\/\\\/beachhandballnews.com\\\/wp-content\\\/uploads\\\/2022\\\/01\\\/wordpress-logo-bhn-footer.png\",\"width\":152,\"height\":80,\"caption\":\"Beach Handball News\"},\"image\":{\"@id\":\"https:\\\/\\\/beachhandballnews.com\\\/#\\\/schema\\\/logo\\\/image\\\/\"},\"sameAs\":[\"https:\\\/\\\/www.facebook.com\\\/beachhandballnews\",\"https:\\\/\\\/x.com\\\/beachandbalnews\",\"https:\\\/\\\/www.instagram.com\\\/beachhandballnews\\\/\",\"https:\\\/\\\/www.linkedin.com\\\/company\\\/beach-handball-news\"]}]}<\/script>\n<!-- \/ Yoast SEO Premium plugin. -->","yoast_head_json":{"title":"Arena Handball Tour's XXII Mistrzostwa Hiszpanii w Pi\u0142ce R\u0119cznej Pla\u017cowej 2021 - Wiadomo\u015bci o pi\u0142ce r\u0119cznej pla\u017cowej","robots":{"index":"index","follow":"follow","max-snippet":"max-snippet:-1","max-image-preview":"max-image-preview:large","max-video-preview":"max-video-preview:-1"},"canonical":"https:\/\/beachhandballnews.com\/pl\/moments\/arena-handball-tours-xxii-spanish-beach-handball-championship-2021\/","og_locale":"pl_PL","og_type":"article","og_title":"Arena Handball Tour's XXII Spanish Beach Handball Championship 2021","og_description":"Exciting games take place as part of the summer-long Arena Handball Tour! Tournament Dates August 13 2021 to August 15 2021 Tournament Location Valencia, Spain Team Cats AM TEAM Instagram [&hellip;]","og_url":"https:\/\/beachhandballnews.com\/pl\/moments\/arena-handball-tours-xxii-spanish-beach-handball-championship-2021\/","og_site_name":"Beach Handball News","article_publisher":"https:\/\/www.facebook.com\/beachhandballnews","article_modified_time":"2021-12-11T06:13:50+00:00","og_image":[{"url":"https:\/\/beachhandballnews.com\/wp-content\/uploads\/2021\/10\/Arena_Handball_Tour_XXII_Spanish_Beach_Handball_Championship_Valencia_2021-1.jpg","type":"","width":"","height":""}],"twitter_card":"summary_large_image","twitter_site":"@beachandbalnews","twitter_misc":{"Szacowany czas czytania":"1 minuta"},"schema":{"@context":"https:\/\/schema.org","@graph":[{"@type":"WebPage","@id":"https:\/\/beachhandballnews.com\/moments\/arena-handball-tours-xxii-spanish-beach-handball-championship-2021\/","url":"https:\/\/beachhandballnews.com\/moments\/arena-handball-tours-xxii-spanish-beach-handball-championship-2021\/","name":"Arena Handball Tour's XXII Mistrzostwa Hiszpanii w Pi\u0142ce R\u0119cznej Pla\u017cowej 2021 - Wiadomo\u015bci o pi\u0142ce r\u0119cznej pla\u017cowej","isPartOf":{"@id":"https:\/\/beachhandballnews.com\/#website"},"primaryImageOfPage":{"@id":"https:\/\/beachhandballnews.com\/moments\/arena-handball-tours-xxii-spanish-beach-handball-championship-2021\/#primaryimage"},"image":{"@id":"https:\/\/beachhandballnews.com\/moments\/arena-handball-tours-xxii-spanish-beach-handball-championship-2021\/#primaryimage"},"thumbnailUrl":"https:\/\/beachhandballnews.com\/wp-content\/uploads\/2021\/10\/Arena_Handball_Tour_XXII_Spanish_Beach_Handball_Championship_Valencia_2021-1.jpg","datePublished":"2021-12-11T06:13:47+00:00","dateModified":"2021-12-11T06:13:50+00:00","breadcrumb":{"@id":"https:\/\/beachhandballnews.com\/moments\/arena-handball-tours-xxii-spanish-beach-handball-championship-2021\/#breadcrumb"},"inLanguage":"pl-PL","potentialAction":[{"@type":"ReadAction","target":["https:\/\/beachhandballnews.com\/moments\/arena-handball-tours-xxii-spanish-beach-handball-championship-2021\/"]}]},{"@type":"ImageObject","inLanguage":"pl-PL","@id":"https:\/\/beachhandballnews.com\/moments\/arena-handball-tours-xxii-spanish-beach-handball-championship-2021\/#primaryimage","url":"https:\/\/beachhandballnews.com\/wp-content\/uploads\/2021\/10\/Arena_Handball_Tour_XXII_Spanish_Beach_Handball_Championship_Valencia_2021-1.jpg","contentUrl":"https:\/\/beachhandballnews.com\/wp-content\/uploads\/2021\/10\/Arena_Handball_Tour_XXII_Spanish_Beach_Handball_Championship_Valencia_2021-1.jpg"},{"@type":"BreadcrumbList","@id":"https:\/\/beachhandballnews.com\/moments\/arena-handball-tours-xxii-spanish-beach-handball-championship-2021\/#breadcrumb","itemListElement":[{"@type":"ListItem","position":1,"name":"Home","item":"https:\/\/beachhandballnews.com\/"},{"@type":"ListItem","position":2,"name":"Moments","item":"https:\/\/beachhandballnews.com\/moments\/"},{"@type":"ListItem","position":3,"name":"Arena Handball Tour&#8217;s XXII Spanish Beach Handball Championship 2021"}]},{"@type":"WebSite","@id":"https:\/\/beachhandballnews.com\/#website","url":"https:\/\/beachhandballnews.com\/","name":"Pi\u0142ka r\u0119czna pla\u017cowa Aktualno\u015bci","description":"Ju\u017c wkr\u00f3tce","publisher":{"@id":"https:\/\/beachhandballnews.com\/#organization"},"potentialAction":[{"@type":"SearchAction","target":{"@type":"EntryPoint","urlTemplate":"https:\/\/beachhandballnews.com\/?s={search_term_string}"},"query-input":{"@type":"PropertyValueSpecification","valueRequired":true,"valueName":"search_term_string"}}],"inLanguage":"pl-PL"},{"@type":"Organization","@id":"https:\/\/beachhandballnews.com\/#organization","name":"Pi\u0142ka r\u0119czna pla\u017cowa Aktualno\u015bci","url":"https:\/\/beachhandballnews.com\/","logo":{"@type":"ImageObject","inLanguage":"pl-PL","@id":"https:\/\/beachhandballnews.com\/#\/schema\/logo\/image\/","url":"https:\/\/beachhandballnews.com\/wp-content\/uploads\/2022\/01\/wordpress-logo-bhn-footer.png","contentUrl":"https:\/\/beachhandballnews.com\/wp-content\/uploads\/2022\/01\/wordpress-logo-bhn-footer.png","width":152,"height":80,"caption":"Beach Handball News"},"image":{"@id":"https:\/\/beachhandballnews.com\/#\/schema\/logo\/image\/"},"sameAs":["https:\/\/www.facebook.com\/beachhandballnews","https:\/\/x.com\/beachandbalnews","https:\/\/www.instagram.com\/beachhandballnews\/","https:\/\/www.linkedin.com\/company\/beach-handball-news"]}]}},"_links":{"self":[{"href":"https:\/\/beachhandballnews.com\/pl\/wp-json\/wp\/v2\/pages\/1300","targetHints":{"allow":["GET"]}}],"collection":[{"href":"https:\/\/beachhandballnews.com\/pl\/wp-json\/wp\/v2\/pages"}],"about":[{"href":"https:\/\/beachhandballnews.com\/pl\/wp-json\/wp\/v2\/types\/page"}],"author":[{"embeddable":true,"href":"https:\/\/beachhandballnews.com\/pl\/wp-json\/wp\/v2\/users\/8"}],"replies":[{"embeddable":true,"href":"https:\/\/beachhandballnews.com\/pl\/wp-json\/wp\/v2\/comments?post=1300"}],"version-history":[{"count":0,"href":"https:\/\/beachhandballnews.com\/pl\/wp-json\/wp\/v2\/pages\/1300\/revisions"}],"up":[{"embeddable":true,"href":"https:\/\/beachhandballnews.com\/pl\/wp-json\/wp\/v2\/pages\/481"}],"wp:attachment":[{"href":"https:\/\/beachhandballnews.com\/pl\/wp-json\/wp\/v2\/media?parent=1300"}],"curies":[{"name":"wp","href":"https:\/\/api.w.org\/{rel}","templated":true}]}}