{"id":1022,"date":"2021-11-12T08:21:28","date_gmt":"2021-11-12T05:21:28","guid":{"rendered":"https:\/\/beachhandballnews.com\/?page_id=1022"},"modified":"2021-11-20T22:50:36","modified_gmt":"2021-11-21T06:50:36","slug":"the-history-of-beach-handball","status":"publish","type":"page","link":"https:\/\/beachhandballnews.com\/pt_br\/the-history-of-beach-handball\/","title":{"rendered":"A hist\u00f3ria do handebol de praia"},"content":{"rendered":"<p>Durante as \u00faltimas tr\u00eas d\u00e9cadas, o handebol de praia explodiu em popularidade. Desde seu surgimento na It\u00e1lia no in\u00edcio dos anos 90 at\u00e9 sua apari\u00e7\u00e3o nos Jogos Ol\u00edmpicos da Juventude de 2018, pessoas em todo o mundo passaram a amar este esporte de ritmo acelerado. Sua crescente base de f\u00e3s tem grandes objetivos, e muitos esperam que em breve ele seja adicionado ao programa ol\u00edmpico s\u00eanior.&nbsp;<\/p>\n\n\n\n<p>Com os holofotes internacionais agora no handebol de praia, nunca houve um momento melhor para se interessar. Sua ascens\u00e3o de um jogo da moda nas praias da It\u00e1lia para o palco ol\u00edmpico \u00e9 verdadeiramente uma das hist\u00f3rias esportivas mais incr\u00edveis dos \u00faltimos anos.&nbsp;<\/p>\n\n\n\n<p><strong>O in\u00edcio de um novo esporte<\/strong><\/p>\n\n\n\n<p>Simonetta Montagni, uma t\u00e9cnica italiana de handebol, foi uma das primeiras pessoas a reconhecer que jogar handebol na praia poderia acrescentar apelo ao esporte. Inspirado pela popularidade maci\u00e7a do v\u00f4lei de praia no final dos anos 80, ele come\u00e7ou a adaptar as regras de jogo para a areia.&nbsp;<\/p>\n\n\n\n<p>Enquanto isso, outros jogadores em toda a It\u00e1lia tamb\u00e9m estavam considerando a possibilidade de trazer o handebol para a praia.&nbsp;&nbsp;<\/p>\n\n\n\n<p>Para Gianni Buttarelli e Franco Schiano, a necessidade era a m\u00e3e da inven\u00e7\u00e3o. Eles eram presidentes de clubes locais de handebol na ilha de Ponzo, uma comunidade de apenas 3000 pessoas na costa da Sardenha, que estavam cada vez mais frustrados com a falta de quadras dispon\u00edveis. Eles tamb\u00e9m perceberam que jogar na praia poderia criar novas oportunidades para expandir a popularidade do handebol.&nbsp;<\/p>\n\n\n\n<p>Em 1990, Luciano Bartolini come\u00e7ou a desenvolver o primeiro conjunto de regras para o jogo a pedido do rec\u00e9m-eleito presidente da Federa\u00e7\u00e3o Italiana de Handebol. Bartolini aproveitou as quadras de v\u00f4lei de praia pr\u00e9-existentes e adaptou as regras do jogo para caber dentro de suas dimens\u00f5es. Seu conceito utilizou tr\u00eas jogadores por equipe, mais um goleiro, e tornou a \u00e1rea de substitui\u00e7\u00e3o do mesmo tamanho que a quadra.&nbsp;<\/p>\n\n\n\n<p><strong>Reconhecimento pelo IHF<\/strong><\/p>\n\n\n\n<p>A primeira partida de demonstra\u00e7\u00e3o de handebol de praia foi disputada em Misano Adriatico em 1992 e, mais tarde naquele ano, o primeiro torneio foi realizado em Ponzo. Logo se seguiu um torneio internacional, com outros pa\u00edses da Europa que tamb\u00e9m tinham come\u00e7ado a jogar handebol na areia, incluindo a Holanda, Alemanha, Portugal e R\u00fassia, competindo contra equipes italianas em Teramo.&nbsp;<\/p>\n\n\n\n<p>Ralf Dejaco, presidente da Federa\u00e7\u00e3o Italiana de Handebol, liderou a campanha para reconhecer oficialmente o handebol de praia como um esporte, utilizando o apoio financeiro do Comit\u00ea Ol\u00edmpico Italiano. Em uma reuni\u00e3o em Formia, representantes das Federa\u00e7\u00f5es Holandesa e Italiana de Handebol acordaram um conjunto comum de regras e, em maio de 1994, a Federa\u00e7\u00e3o Internacional de Handebol de Praia reconheceu oficialmente o handebol de praia.&nbsp;<\/p>\n\n\n\n<p><strong>Popularidade Internacional Crescente&nbsp;<\/strong><\/p>\n\n\n\n<p>Em outubro de 1995, a Federa\u00e7\u00e3o Europ\u00e9ia de Handebol de Praia criou o Grupo de Trabalho de Handebol de Praia com representantes da \u00c1ustria, It\u00e1lia, Holanda e Espanha para continuar testando e modificando o m\u00e9todo de jogo. Alguns meses depois, foi formado um grupo internacional, em reconhecimento \u00e0 crescente popularidade do jogo na Am\u00e9rica do Sul.&nbsp;<\/p>\n\n\n\n<p>Em 1997, o handebol de praia estava sendo jogado em toda a Europa, com um calend\u00e1rio de eventos que acontecia em todo o continente. Logo, foram criados cursos para treinadores e \u00e1rbitros de handebol de praia, estabelecendo ainda mais a crescente popularidade do esporte.&nbsp;<\/p>\n\n\n\n<p>O primeiro Campeonato Pan-Americano Masculino aconteceu em 1998, seguido pelo primeiro Campeonato Europeu dois anos mais tarde. Em 2003, foi estabelecido o European Beach Handball Tour, e no ano seguinte, o primeiro Campeonato Mundial foi realizado em El Gouna. Durante a d\u00e9cada seguinte, outras competi\u00e7\u00f5es foram realizadas nas Am\u00e9ricas, Europa e \u00c1sia.&nbsp;<\/p>\n\n\n\n<p>No in\u00edcio dos anos 2010, o esporte ganhou nova popularidade entre crian\u00e7as e jovens, \u00e0 medida que categorias de idade mais jovens foram adicionadas aos campeonatos da Euro.&nbsp;<\/p>\n\n\n\n<p><strong>Sonhos Ol\u00edmpicos&nbsp;<\/strong><\/p>\n\n\n\n<p>O handebol de praia continua a crescer em popularidade, com competi\u00e7\u00f5es internacionais atraindo dezenas de equipes de todo o mundo e dezenas de milhares de torcedores.&nbsp;<\/p>\n\n\n\n<p>Em 2019, a PGNiG Sumer Superliga, sediada anualmente desde 2017 pela Federa\u00e7\u00e3o Polonesa de Handebol, atraiu 1.000 atletas de oito pa\u00edses, que participaram de tr\u00eas torneios diferentes. Tamb\u00e9m atraiu a aten\u00e7\u00e3o de mais de 80.000 torcedores de todo o mundo.&nbsp;<\/p>\n\n\n\n<p>Os Jogos Mundiais de Praia da ANOC, estabelecidos em 2019 pela Associa\u00e7\u00e3o dos Comit\u00eas Ol\u00edmpicos Nacionais, tamb\u00e9m incluem o handebol de praia em seu programa. O evento inaugural viu 12 equipes masculinas e 12 femininas competindo, representando pa\u00edses dos cinco continentes e confirmando o interesse internacional pelo handebol de praia.&nbsp;<\/p>\n\n\n\n<p>Talvez o torneio mais importante do esporte at\u00e9 hoje tenha sido os Jogos Ol\u00edmpicos da Juventude de 2018. Mais de 200 jovens atletas de 15 pa\u00edses participaram de Buenos Ares, atraindo a aten\u00e7\u00e3o internacional e trazendo novos adeptos para o esporte. A estr\u00e9ia do handebol de praia nos Jogos Ol\u00edmpicos da Juventude tamb\u00e9m criou um maior interesse em adicionar o esporte ao programa ol\u00edmpico s\u00eanior.&nbsp;<\/p>\n\n\n\n<p>Em 11 de fevereiro de 2020, a IHF apresentou um pedido formal ao Comit\u00ea Ol\u00edmpico Internacional para incluir o handebol de praia nos Jogos Ol\u00edmpicos de Ver\u00e3o de 2024 em Paris, Fran\u00e7a. Embora o COI tenha finalmente decidido n\u00e3o inclu\u00ed-lo nos Jogos de 2024 como resultado da pandemia da COVID-19, ainda h\u00e1 esperan\u00e7a de que ele possa ser inclu\u00eddo em 2028 nos Jogos Ol\u00edmpicos de Los Angeles. O COI notou particularmente a crescente popularidade do esporte e seu sucesso nos Jogos Ol\u00edmpicos da Juventude de 2018.&nbsp;<\/p>\n\n\n\n<p><strong>O Futuro do Handebol de Praia&nbsp;<\/strong><\/p>\n\n\n\n<p>Embora os f\u00e3s n\u00e3o possam ver o handebol de praia nos jogos de 2024 em Paris, ainda h\u00e1 alguns grandes torneios a serem disputados.&nbsp;<\/p>\n\n\n\n<p>O Campeonato Mundial de Handebol de Praia Masculino e Feminino de 2022 e o Campeonato Mundial de Handebol de Praia Juvenil ser\u00e3o anunciados em novembro de 2021. Espera-se que dezenas de equipes de todo o mundo disputem o campeonato.&nbsp;&nbsp;<\/p>\n\n\n\n<p>Os Jogos Mundiais de Birmingham, EUA, em julho de 2022, apresentar\u00e3o o handebol de praia pela quarta vez, enquanto os Jogos Ol\u00edmpicos da Juventude Dakar 2026 (originalmente programados para 2022) tamb\u00e9m apresentar\u00e3o mais uma vez o esporte. Ambos os eventos provavelmente trar\u00e3o mais popularidade e atrair\u00e3o novos f\u00e3s para o handebol de praia.<\/p>\n\n\n\n<p>O esporte do handebol de praia percorreu um longo caminho desde suas origens em uma pequena ilha na It\u00e1lia. Atualmente \u00e9 praticado em todo o mundo por milhares de atletas, representando diferentes pa\u00edses, faixas et\u00e1rias e n\u00edveis de jogo. O futuro do esporte parece brilhante, pois competi\u00e7\u00f5es de alto n\u00edvel e ambi\u00e7\u00f5es ol\u00edmpicas atraem novos adeptos de todo o mundo para o esporte.&nbsp;<\/p>","protected":false},"excerpt":{"rendered":"<p>Over the last three decades, beach handball has exploded in popularity. From its emergence in Italy in the early 1990s to its appearance at the 2018 Youth Olympic Games, people [&hellip;]<\/p>\n","protected":false},"author":6,"featured_media":1023,"parent":0,"menu_order":0,"comment_status":"closed","ping_status":"closed","template":"","meta":{"content-type":"","footnotes":""},"class_list":["post-1022","page","type-page","status-publish","has-post-thumbnail","hentry"],"yoast_head":"<!-- This site is optimized with the Yoast SEO Premium plugin v17.8 (Yoast SEO v27.5) - https:\/\/yoast.com\/product\/yoast-seo-premium-wordpress\/ -->\n<title>The History of Beach Handball - Beach Handball News<\/title>\n<meta name=\"robots\" content=\"index, follow, max-snippet:-1, max-image-preview:large, max-video-preview:-1\" \/>\n<link rel=\"canonical\" href=\"https:\/\/beachhandballnews.com\/pt_br\/the-history-of-beach-handball\/\" \/>\n<meta property=\"og:locale\" content=\"pt_BR\" \/>\n<meta property=\"og:type\" content=\"article\" \/>\n<meta property=\"og:title\" content=\"The History of Beach Handball\" \/>\n<meta property=\"og:description\" content=\"Over the last three decades, beach handball has exploded in popularity. From its emergence in Italy in the early 1990s to its appearance at the 2018 Youth Olympic Games, people [&hellip;]\" \/>\n<meta property=\"og:url\" content=\"https:\/\/beachhandballnews.com\/pt_br\/the-history-of-beach-handball\/\" \/>\n<meta property=\"og:site_name\" content=\"Beach Handball News\" \/>\n<meta property=\"article:publisher\" content=\"https:\/\/www.facebook.com\/beachhandballnews\" \/>\n<meta property=\"article:modified_time\" content=\"2021-11-21T06:50:36+00:00\" \/>\n<meta property=\"og:image\" content=\"https:\/\/beachhandballnews.com\/wp-content\/uploads\/2021\/11\/handball_1400.jpg\" \/>\n\t<meta property=\"og:image:width\" content=\"1400\" \/>\n\t<meta property=\"og:image:height\" content=\"933\" \/>\n\t<meta property=\"og:image:type\" content=\"image\/jpeg\" \/>\n<meta name=\"twitter:card\" content=\"summary_large_image\" \/>\n<meta name=\"twitter:site\" content=\"@beachandbalnews\" \/>\n<meta name=\"twitter:label1\" content=\"Est. tempo de leitura\" \/>\n\t<meta name=\"twitter:data1\" content=\"5 minutos\" \/>\n<script type=\"application\/ld+json\" class=\"yoast-schema-graph\">{\"@context\":\"https:\\\/\\\/schema.org\",\"@graph\":[{\"@type\":\"WebPage\",\"@id\":\"https:\\\/\\\/beachhandballnews.com\\\/the-history-of-beach-handball\\\/\",\"url\":\"https:\\\/\\\/beachhandballnews.com\\\/the-history-of-beach-handball\\\/\",\"name\":\"The History of Beach Handball - Beach Handball News\",\"isPartOf\":{\"@id\":\"https:\\\/\\\/beachhandballnews.com\\\/#website\"},\"primaryImageOfPage\":{\"@id\":\"https:\\\/\\\/beachhandballnews.com\\\/the-history-of-beach-handball\\\/#primaryimage\"},\"image\":{\"@id\":\"https:\\\/\\\/beachhandballnews.com\\\/the-history-of-beach-handball\\\/#primaryimage\"},\"thumbnailUrl\":\"https:\\\/\\\/beachhandballnews.com\\\/wp-content\\\/uploads\\\/2021\\\/11\\\/handball_1400.jpg\",\"datePublished\":\"2021-11-12T05:21:28+00:00\",\"dateModified\":\"2021-11-21T06:50:36+00:00\",\"breadcrumb\":{\"@id\":\"https:\\\/\\\/beachhandballnews.com\\\/the-history-of-beach-handball\\\/#breadcrumb\"},\"inLanguage\":\"pt-BR\",\"potentialAction\":[{\"@type\":\"ReadAction\",\"target\":[\"https:\\\/\\\/beachhandballnews.com\\\/the-history-of-beach-handball\\\/\"]}]},{\"@type\":\"ImageObject\",\"inLanguage\":\"pt-BR\",\"@id\":\"https:\\\/\\\/beachhandballnews.com\\\/the-history-of-beach-handball\\\/#primaryimage\",\"url\":\"https:\\\/\\\/beachhandballnews.com\\\/wp-content\\\/uploads\\\/2021\\\/11\\\/handball_1400.jpg\",\"contentUrl\":\"https:\\\/\\\/beachhandballnews.com\\\/wp-content\\\/uploads\\\/2021\\\/11\\\/handball_1400.jpg\",\"width\":1400,\"height\":933,\"caption\":\"BUENOS AIRES, ARGENTINA - OCTOBER 13: Lynn Klesserof Netherlands takes a shot during a Women's Bronze Medal Match during day 7 of Buenos Aires 2018 Youth Olympic Games at Green Park on October 13, 2018 in Buenos Aires, Argentina. (Photo by Marcelo Endelli\\\/Getty Images)\"},{\"@type\":\"BreadcrumbList\",\"@id\":\"https:\\\/\\\/beachhandballnews.com\\\/the-history-of-beach-handball\\\/#breadcrumb\",\"itemListElement\":[{\"@type\":\"ListItem\",\"position\":1,\"name\":\"Home\",\"item\":\"https:\\\/\\\/beachhandballnews.com\\\/\"},{\"@type\":\"ListItem\",\"position\":2,\"name\":\"The History of Beach Handball\"}]},{\"@type\":\"WebSite\",\"@id\":\"https:\\\/\\\/beachhandballnews.com\\\/#website\",\"url\":\"https:\\\/\\\/beachhandballnews.com\\\/\",\"name\":\"Beach Handball News\",\"description\":\"Coming Soon\",\"publisher\":{\"@id\":\"https:\\\/\\\/beachhandballnews.com\\\/#organization\"},\"potentialAction\":[{\"@type\":\"SearchAction\",\"target\":{\"@type\":\"EntryPoint\",\"urlTemplate\":\"https:\\\/\\\/beachhandballnews.com\\\/?s={search_term_string}\"},\"query-input\":{\"@type\":\"PropertyValueSpecification\",\"valueRequired\":true,\"valueName\":\"search_term_string\"}}],\"inLanguage\":\"pt-BR\"},{\"@type\":\"Organization\",\"@id\":\"https:\\\/\\\/beachhandballnews.com\\\/#organization\",\"name\":\"Beach Handball News\",\"url\":\"https:\\\/\\\/beachhandballnews.com\\\/\",\"logo\":{\"@type\":\"ImageObject\",\"inLanguage\":\"pt-BR\",\"@id\":\"https:\\\/\\\/beachhandballnews.com\\\/#\\\/schema\\\/logo\\\/image\\\/\",\"url\":\"https:\\\/\\\/beachhandballnews.com\\\/wp-content\\\/uploads\\\/2022\\\/01\\\/wordpress-logo-bhn-footer.png\",\"contentUrl\":\"https:\\\/\\\/beachhandballnews.com\\\/wp-content\\\/uploads\\\/2022\\\/01\\\/wordpress-logo-bhn-footer.png\",\"width\":152,\"height\":80,\"caption\":\"Beach Handball News\"},\"image\":{\"@id\":\"https:\\\/\\\/beachhandballnews.com\\\/#\\\/schema\\\/logo\\\/image\\\/\"},\"sameAs\":[\"https:\\\/\\\/www.facebook.com\\\/beachhandballnews\",\"https:\\\/\\\/x.com\\\/beachandbalnews\",\"https:\\\/\\\/www.instagram.com\\\/beachhandballnews\\\/\",\"https:\\\/\\\/www.linkedin.com\\\/company\\\/beach-handball-news\"]}]}<\/script>\n<!-- \/ Yoast SEO Premium plugin. -->","yoast_head_json":{"title":"A Hist\u00f3ria do Handebol de Praia - Beach Handball News","robots":{"index":"index","follow":"follow","max-snippet":"max-snippet:-1","max-image-preview":"max-image-preview:large","max-video-preview":"max-video-preview:-1"},"canonical":"https:\/\/beachhandballnews.com\/pt_br\/the-history-of-beach-handball\/","og_locale":"pt_BR","og_type":"article","og_title":"The History of Beach Handball","og_description":"Over the last three decades, beach handball has exploded in popularity. From its emergence in Italy in the early 1990s to its appearance at the 2018 Youth Olympic Games, people [&hellip;]","og_url":"https:\/\/beachhandballnews.com\/pt_br\/the-history-of-beach-handball\/","og_site_name":"Beach Handball News","article_publisher":"https:\/\/www.facebook.com\/beachhandballnews","article_modified_time":"2021-11-21T06:50:36+00:00","og_image":[{"width":1400,"height":933,"url":"https:\/\/beachhandballnews.com\/wp-content\/uploads\/2021\/11\/handball_1400.jpg","type":"image\/jpeg"}],"twitter_card":"summary_large_image","twitter_site":"@beachandbalnews","twitter_misc":{"Est. tempo de leitura":"5 minutos"},"schema":{"@context":"https:\/\/schema.org","@graph":[{"@type":"WebPage","@id":"https:\/\/beachhandballnews.com\/the-history-of-beach-handball\/","url":"https:\/\/beachhandballnews.com\/the-history-of-beach-handball\/","name":"A Hist\u00f3ria do Handebol de Praia - Beach Handball News","isPartOf":{"@id":"https:\/\/beachhandballnews.com\/#website"},"primaryImageOfPage":{"@id":"https:\/\/beachhandballnews.com\/the-history-of-beach-handball\/#primaryimage"},"image":{"@id":"https:\/\/beachhandballnews.com\/the-history-of-beach-handball\/#primaryimage"},"thumbnailUrl":"https:\/\/beachhandballnews.com\/wp-content\/uploads\/2021\/11\/handball_1400.jpg","datePublished":"2021-11-12T05:21:28+00:00","dateModified":"2021-11-21T06:50:36+00:00","breadcrumb":{"@id":"https:\/\/beachhandballnews.com\/the-history-of-beach-handball\/#breadcrumb"},"inLanguage":"pt-BR","potentialAction":[{"@type":"ReadAction","target":["https:\/\/beachhandballnews.com\/the-history-of-beach-handball\/"]}]},{"@type":"ImageObject","inLanguage":"pt-BR","@id":"https:\/\/beachhandballnews.com\/the-history-of-beach-handball\/#primaryimage","url":"https:\/\/beachhandballnews.com\/wp-content\/uploads\/2021\/11\/handball_1400.jpg","contentUrl":"https:\/\/beachhandballnews.com\/wp-content\/uploads\/2021\/11\/handball_1400.jpg","width":1400,"height":933,"caption":"BUENOS AIRES, ARGENTINA - OCTOBER 13: Lynn Klesserof Netherlands takes a shot during a Women's Bronze Medal Match during day 7 of Buenos Aires 2018 Youth Olympic Games at Green Park on October 13, 2018 in Buenos Aires, Argentina. (Photo by Marcelo Endelli\/Getty Images)"},{"@type":"BreadcrumbList","@id":"https:\/\/beachhandballnews.com\/the-history-of-beach-handball\/#breadcrumb","itemListElement":[{"@type":"ListItem","position":1,"name":"Home","item":"https:\/\/beachhandballnews.com\/"},{"@type":"ListItem","position":2,"name":"The History of Beach Handball"}]},{"@type":"WebSite","@id":"https:\/\/beachhandballnews.com\/#website","url":"https:\/\/beachhandballnews.com\/","name":"Not\u00edcias de Handebol de Praia","description":"Em breve","publisher":{"@id":"https:\/\/beachhandballnews.com\/#organization"},"potentialAction":[{"@type":"SearchAction","target":{"@type":"EntryPoint","urlTemplate":"https:\/\/beachhandballnews.com\/?s={search_term_string}"},"query-input":{"@type":"PropertyValueSpecification","valueRequired":true,"valueName":"search_term_string"}}],"inLanguage":"pt-BR"},{"@type":"Organization","@id":"https:\/\/beachhandballnews.com\/#organization","name":"Not\u00edcias de Handebol de Praia","url":"https:\/\/beachhandballnews.com\/","logo":{"@type":"ImageObject","inLanguage":"pt-BR","@id":"https:\/\/beachhandballnews.com\/#\/schema\/logo\/image\/","url":"https:\/\/beachhandballnews.com\/wp-content\/uploads\/2022\/01\/wordpress-logo-bhn-footer.png","contentUrl":"https:\/\/beachhandballnews.com\/wp-content\/uploads\/2022\/01\/wordpress-logo-bhn-footer.png","width":152,"height":80,"caption":"Beach Handball News"},"image":{"@id":"https:\/\/beachhandballnews.com\/#\/schema\/logo\/image\/"},"sameAs":["https:\/\/www.facebook.com\/beachhandballnews","https:\/\/x.com\/beachandbalnews","https:\/\/www.instagram.com\/beachhandballnews\/","https:\/\/www.linkedin.com\/company\/beach-handball-news"]}]}},"_links":{"self":[{"href":"https:\/\/beachhandballnews.com\/pt_br\/wp-json\/wp\/v2\/pages\/1022","targetHints":{"allow":["GET"]}}],"collection":[{"href":"https:\/\/beachhandballnews.com\/pt_br\/wp-json\/wp\/v2\/pages"}],"about":[{"href":"https:\/\/beachhandballnews.com\/pt_br\/wp-json\/wp\/v2\/types\/page"}],"author":[{"embeddable":true,"href":"https:\/\/beachhandballnews.com\/pt_br\/wp-json\/wp\/v2\/users\/6"}],"replies":[{"embeddable":true,"href":"https:\/\/beachhandballnews.com\/pt_br\/wp-json\/wp\/v2\/comments?post=1022"}],"version-history":[{"count":0,"href":"https:\/\/beachhandballnews.com\/pt_br\/wp-json\/wp\/v2\/pages\/1022\/revisions"}],"wp:featuredmedia":[{"embeddable":true,"href":"https:\/\/beachhandballnews.com\/pt_br\/wp-json\/wp\/v2\/media\/1023"}],"wp:attachment":[{"href":"https:\/\/beachhandballnews.com\/pt_br\/wp-json\/wp\/v2\/media?parent=1022"}],"curies":[{"name":"wp","href":"https:\/\/api.w.org\/{rel}","templated":true}]}}