{"id":269,"date":"2021-09-19T21:06:59","date_gmt":"2021-09-19T18:06:59","guid":{"rendered":"https:\/\/beachhandballnews.com\/?page_id=269"},"modified":"2022-09-12T11:28:49","modified_gmt":"2022-09-12T18:28:49","slug":"purpose","status":"publish","type":"page","link":"https:\/\/beachhandballnews.com\/pt_br\/purpose\/","title":{"rendered":"Unindo as pessoas"},"content":{"rendered":"<p><strong>Nossa miss\u00e3o \u00e9 simples:<\/strong> Unir comunidades ao redor do mundo atrav\u00e9s do esporte, da cultura e de experi\u00eancias \u00fanicas.<\/p>\n\n\n\n<p><strong>Por qu\u00ea?<\/strong> Porque <span style=\"color:#98261f\" class=\"has-inline-color\">adoramos handebol de praia<\/span>\u00e9 t\u00e3o simples quanto isso. Acreditamos que o Handebol de Praia \u00e9 um esporte que o mundo pode abra\u00e7ar e realmente apreciar tudo, desde as culturas, at\u00e9 as pessoas, at\u00e9 as belas praias onde ele \u00e9 praticado.<\/p>\n\n\n\n<p>Mas seguir o esporte pode exigir muito esfor\u00e7o. Significa pesquisar em v\u00e1rios idiomas e seguir centenas de relatos de m\u00eddia social. Al\u00e9m disso, cada torneio tem sua pr\u00f3pria maneira de criar uma experi\u00eancia de f\u00e3, por isso pode ser dif\u00edcil desfrutar dos jogos e aprender mais sobre nossos times favoritos.<\/p>\n\n\n\n<p>Se fosse mais f\u00e1cil ser f\u00e3 do handebol de praia, ainda mais pessoas poderiam fazer parte desta incr\u00edvel comunidade. Achamos que seria incr\u00edvel se houvesse um lugar onde pessoas de todo o mundo que amam o handebol de praia pudessem se conectar com jogadores e equipes locais e internacionais, e encontrar not\u00edcias e atualiza\u00e7\u00f5es do torneio em um idioma que entendessem.<\/p>\n\n\n\n<p>Ent\u00e3o come\u00e7amos um <a href=\"https:\/\/www.instagram.com\/beachhandballnews\/\" target=\"_blank\" rel=\"noreferrer noopener\">P\u00e1gina Instagram<\/a> onde poder\u00edamos compartilhar conte\u00fado global sobre handebol de praia e reunir jogadores e torcedores. Cresceu rapidamente, e logo tivemos um grupo de seguidores altamente engajados que estavam entusiasmados com o futuro do handebol de praia. Este foi um bom come\u00e7o, mas sab\u00edamos que poder\u00edamos fazer mais, por isso criamos este site para levar nossa marca ao pr\u00f3ximo n\u00edvel.<\/p>\n\n\n\n<p><strong>Como?<\/strong> Nosso site \u00e9 o lar de uma comunidade global de pessoas que amam o handebol de praia. Aqui, voc\u00ea encontrar\u00e1 conte\u00fado criado em colabora\u00e7\u00e3o com jogadores, not\u00edcias sobre seus times favoritos e um grupo de pessoas que compartilham seu amor pelo handebol de praia. Voc\u00ea pode at\u00e9 mesmo enviar seu pr\u00f3prio conte\u00fado para ser apresentado!<\/p>\n\n\n\n<p>Todos s\u00e3o bem-vindos aqui, e estamos muito animados em ver esta comunidade crescer com a ajuda dos torcedores, jogadores e equipes que tornam este esporte grandioso.<\/p>\n\n\n\n<p>Obrigado por fazer parte da comunidade.<\/p>\n\n\n\n<p><\/p>\n\n\n\n<h2 class=\"wp-block-heading\" id=\"h-community-leaders\">L\u00edderes comunit\u00e1rios<\/h2>\n\n\n\n<p>Beach Handball News n\u00e3o \u00e9 nada sem os indiv\u00edduos que dedicam in\u00fameras horas para ajud\u00e1-lo a atingir seu potencial m\u00e1ximo, porque eles v\u00eaem o potencial no que podemos construir juntos. Se voc\u00ea estiver interessado em ser um l\u00edder comunit\u00e1rio, entre em contato conosco sobre um papel que voc\u00ea se v\u00ea preenchendo. Estamos sempre \u00e0 procura de novas maneiras de expandir nossa equipe.<\/p>\n\n\n\n<figure id=\"community-leaders\" class=\"wp-block-table is-style-regular has-medium-font-size\"><table><thead><tr><th><\/th><th class=\"has-text-align-left\" data-align=\"left\">Nome<\/th><th class=\"has-text-align-left\" data-align=\"left\">Pa\u00eds<\/th><th class=\"has-text-align-left\" data-align=\"left\">T\u00edtulo<\/th><\/tr><\/thead><tbody><tr><td><img decoding=\"async\" width=\"150\" height=\"147\" class=\"wp-image-19307 lazyload\" style=\"--smush-placeholder-width: 150px; --smush-placeholder-aspect-ratio: 150\/147;width: 150px;\" data-src=\"https:\/\/beachhandballnews.com\/wp-content\/uploads\/2022\/09\/Eduardo-Villasana.png\" alt=\"Eduardo Villasana\" data-srcset=\"https:\/\/beachhandballnews.com\/wp-content\/uploads\/2022\/09\/Eduardo-Villasana.png 1342w, https:\/\/beachhandballnews.com\/wp-content\/uploads\/2022\/09\/Eduardo-Villasana-300x293.png 300w, https:\/\/beachhandballnews.com\/wp-content\/uploads\/2022\/09\/Eduardo-Villasana-1024x1001.png 1024w, https:\/\/beachhandballnews.com\/wp-content\/uploads\/2022\/09\/Eduardo-Villasana-768x751.png 768w, https:\/\/beachhandballnews.com\/wp-content\/uploads\/2022\/09\/Eduardo-Villasana-12x12.png 12w\" data-sizes=\"(max-width: 150px) 100vw, 150px\" src=\"data:image\/svg+xml;base64,PHN2ZyB3aWR0aD0iMSIgaGVpZ2h0PSIxIiB4bWxucz0iaHR0cDovL3d3dy53My5vcmcvMjAwMC9zdmciPjwvc3ZnPg==\" \/><\/td><td class=\"has-text-align-left\" data-align=\"left\">Eduardo Villasana<\/td><td class=\"has-text-align-left\" data-align=\"left\">M\u00e9xico<\/td><td class=\"has-text-align-left\" data-align=\"left\">Produtor de podcasts<\/td><\/tr><tr><td><img decoding=\"async\" width=\"150\" height=\"136\" class=\"wp-image-19306 lazyload\" style=\"--smush-placeholder-width: 150px; --smush-placeholder-aspect-ratio: 150\/136;width: 150px;\" data-src=\"https:\/\/beachhandballnews.com\/wp-content\/uploads\/2022\/09\/Alan-Cisneros-Fierro.png\" alt=\"Alan Cisneros Fierro\" data-srcset=\"https:\/\/beachhandballnews.com\/wp-content\/uploads\/2022\/09\/Alan-Cisneros-Fierro.png 1310w, https:\/\/beachhandballnews.com\/wp-content\/uploads\/2022\/09\/Alan-Cisneros-Fierro-300x273.png 300w, https:\/\/beachhandballnews.com\/wp-content\/uploads\/2022\/09\/Alan-Cisneros-Fierro-1024x932.png 1024w, https:\/\/beachhandballnews.com\/wp-content\/uploads\/2022\/09\/Alan-Cisneros-Fierro-768x699.png 768w, https:\/\/beachhandballnews.com\/wp-content\/uploads\/2022\/09\/Alan-Cisneros-Fierro-13x12.png 13w\" data-sizes=\"(max-width: 150px) 100vw, 150px\" src=\"data:image\/svg+xml;base64,PHN2ZyB3aWR0aD0iMSIgaGVpZ2h0PSIxIiB4bWxucz0iaHR0cDovL3d3dy53My5vcmcvMjAwMC9zdmciPjwvc3ZnPg==\" \/><\/td><td class=\"has-text-align-left\" data-align=\"left\">Alan Cisneros Fierro<\/td><td class=\"has-text-align-left\" data-align=\"left\">M\u00e9xico<\/td><td class=\"has-text-align-left\" data-align=\"left\">Produtor de podcasts<\/td><\/tr><tr><td><img decoding=\"async\" width=\"150\" height=\"148\" class=\"wp-image-19333 lazyload\" style=\"--smush-placeholder-width: 150px; --smush-placeholder-aspect-ratio: 150\/148;width: 150px;\" data-src=\"https:\/\/beachhandballnews.com\/wp-content\/uploads\/2022\/09\/Alma-Richart.png\" alt=\"Alma Richart\" data-srcset=\"https:\/\/beachhandballnews.com\/wp-content\/uploads\/2022\/09\/Alma-Richart.png 866w, https:\/\/beachhandballnews.com\/wp-content\/uploads\/2022\/09\/Alma-Richart-300x296.png 300w, https:\/\/beachhandballnews.com\/wp-content\/uploads\/2022\/09\/Alma-Richart-768x757.png 768w, https:\/\/beachhandballnews.com\/wp-content\/uploads\/2022\/09\/Alma-Richart-12x12.png 12w, https:\/\/beachhandballnews.com\/wp-content\/uploads\/2022\/09\/Alma-Richart-80x80.png 80w\" data-sizes=\"(max-width: 150px) 100vw, 150px\" src=\"data:image\/svg+xml;base64,PHN2ZyB3aWR0aD0iMSIgaGVpZ2h0PSIxIiB4bWxucz0iaHR0cDovL3d3dy53My5vcmcvMjAwMC9zdmciPjwvc3ZnPg==\" \/><\/td><td class=\"has-text-align-left\" data-align=\"left\">Alma Mayo<\/td><td class=\"has-text-align-left\" data-align=\"left\">Espanha<\/td><td class=\"has-text-align-left\" data-align=\"left\">Coordenador Comunit\u00e1rio<\/td><\/tr><tr><td><img decoding=\"async\" width=\"150\" height=\"176\" class=\"wp-image-19329 lazyload\" style=\"--smush-placeholder-width: 150px; --smush-placeholder-aspect-ratio: 150\/176;width: 150px;\" data-src=\"https:\/\/beachhandballnews.com\/wp-content\/uploads\/2022\/09\/Chalmers-Brown.png\" alt=\"Chalmers Brown\" data-srcset=\"https:\/\/beachhandballnews.com\/wp-content\/uploads\/2022\/09\/Chalmers-Brown.png 458w, https:\/\/beachhandballnews.com\/wp-content\/uploads\/2022\/09\/Chalmers-Brown-255x300.png 255w, https:\/\/beachhandballnews.com\/wp-content\/uploads\/2022\/09\/Chalmers-Brown-10x12.png 10w\" data-sizes=\"(max-width: 150px) 100vw, 150px\" src=\"data:image\/svg+xml;base64,PHN2ZyB3aWR0aD0iMSIgaGVpZ2h0PSIxIiB4bWxucz0iaHR0cDovL3d3dy53My5vcmcvMjAwMC9zdmciPjwvc3ZnPg==\" \/><\/td><td class=\"has-text-align-left\" data-align=\"left\">Chalmers Brown<\/td><td class=\"has-text-align-left\" data-align=\"left\">EUA<\/td><td class=\"has-text-align-left\" data-align=\"left\">Propriet\u00e1rio de Not\u00edcias de Handebol de Praia<\/td><\/tr><\/tbody><\/table><\/figure>","protected":false},"excerpt":{"rendered":"<p>Our mission is simple: To unite communities around the world through sport, culture, and unique experiences. Why? Because we love beach handball, it\u2019s that simple. We believe Beach Handball is [&hellip;]<\/p>\n","protected":false},"author":1,"featured_media":0,"parent":0,"menu_order":0,"comment_status":"closed","ping_status":"closed","template":"page-fullwidth.php","meta":{"content-type":"","footnotes":""},"class_list":["post-269","page","type-page","status-publish","hentry"],"yoast_head":"<!-- This site is optimized with the Yoast SEO Premium plugin v17.8 (Yoast SEO v27.5) - https:\/\/yoast.com\/product\/yoast-seo-premium-wordpress\/ -->\n<title>Purpose - Beach Handball News<\/title>\n<meta name=\"description\" content=\"Our mission is to unite global communities through sport, culture, and unique experiences. Everyone is welcome here.\" \/>\n<meta name=\"robots\" content=\"index, follow, max-snippet:-1, max-image-preview:large, max-video-preview:-1\" \/>\n<link rel=\"canonical\" href=\"https:\/\/beachhandballnews.com\/pt_br\/purpose\/\" \/>\n<meta property=\"og:locale\" content=\"pt_BR\" \/>\n<meta property=\"og:type\" content=\"article\" \/>\n<meta property=\"og:title\" content=\"Uniting People\" \/>\n<meta property=\"og:description\" content=\"Our mission is to unite global communities through sport, culture, and unique experiences. Everyone is welcome here.\" \/>\n<meta property=\"og:url\" content=\"https:\/\/beachhandballnews.com\/pt_br\/purpose\/\" \/>\n<meta property=\"og:site_name\" content=\"Beach Handball News\" \/>\n<meta property=\"article:publisher\" content=\"https:\/\/www.facebook.com\/beachhandballnews\" \/>\n<meta property=\"article:modified_time\" content=\"2022-09-12T18:28:49+00:00\" \/>\n<meta property=\"og:image\" content=\"https:\/\/beachhandballnews.com\/wp-content\/uploads\/2022\/09\/Eduardo-Villasana.png\" \/>\n<meta name=\"twitter:card\" content=\"summary_large_image\" \/>\n<meta name=\"twitter:site\" content=\"@beachandbalnews\" \/>\n<meta name=\"twitter:label1\" content=\"Est. tempo de leitura\" \/>\n\t<meta name=\"twitter:data1\" content=\"3 minutos\" \/>\n<script type=\"application\/ld+json\" class=\"yoast-schema-graph\">{\"@context\":\"https:\\\/\\\/schema.org\",\"@graph\":[{\"@type\":\"WebPage\",\"@id\":\"https:\\\/\\\/beachhandballnews.com\\\/purpose\\\/\",\"url\":\"https:\\\/\\\/beachhandballnews.com\\\/purpose\\\/\",\"name\":\"Purpose - Beach Handball News\",\"isPartOf\":{\"@id\":\"https:\\\/\\\/beachhandballnews.com\\\/#website\"},\"primaryImageOfPage\":{\"@id\":\"https:\\\/\\\/beachhandballnews.com\\\/purpose\\\/#primaryimage\"},\"image\":{\"@id\":\"https:\\\/\\\/beachhandballnews.com\\\/purpose\\\/#primaryimage\"},\"thumbnailUrl\":\"https:\\\/\\\/beachhandballnews.com\\\/wp-content\\\/uploads\\\/2022\\\/09\\\/Eduardo-Villasana.png\",\"datePublished\":\"2021-09-19T18:06:59+00:00\",\"dateModified\":\"2022-09-12T18:28:49+00:00\",\"description\":\"Our mission is to unite global communities through sport, culture, and unique experiences. Everyone is welcome here.\",\"breadcrumb\":{\"@id\":\"https:\\\/\\\/beachhandballnews.com\\\/purpose\\\/#breadcrumb\"},\"inLanguage\":\"pt-BR\",\"potentialAction\":[{\"@type\":\"ReadAction\",\"target\":[\"https:\\\/\\\/beachhandballnews.com\\\/purpose\\\/\"]}]},{\"@type\":\"ImageObject\",\"inLanguage\":\"pt-BR\",\"@id\":\"https:\\\/\\\/beachhandballnews.com\\\/purpose\\\/#primaryimage\",\"url\":\"https:\\\/\\\/beachhandballnews.com\\\/wp-content\\\/uploads\\\/2022\\\/09\\\/Eduardo-Villasana.png\",\"contentUrl\":\"https:\\\/\\\/beachhandballnews.com\\\/wp-content\\\/uploads\\\/2022\\\/09\\\/Eduardo-Villasana.png\"},{\"@type\":\"BreadcrumbList\",\"@id\":\"https:\\\/\\\/beachhandballnews.com\\\/purpose\\\/#breadcrumb\",\"itemListElement\":[{\"@type\":\"ListItem\",\"position\":1,\"name\":\"Home\",\"item\":\"https:\\\/\\\/beachhandballnews.com\\\/\"},{\"@type\":\"ListItem\",\"position\":2,\"name\":\"Uniting People\"}]},{\"@type\":\"WebSite\",\"@id\":\"https:\\\/\\\/beachhandballnews.com\\\/#website\",\"url\":\"https:\\\/\\\/beachhandballnews.com\\\/\",\"name\":\"Beach Handball News\",\"description\":\"Coming Soon\",\"publisher\":{\"@id\":\"https:\\\/\\\/beachhandballnews.com\\\/#organization\"},\"potentialAction\":[{\"@type\":\"SearchAction\",\"target\":{\"@type\":\"EntryPoint\",\"urlTemplate\":\"https:\\\/\\\/beachhandballnews.com\\\/?s={search_term_string}\"},\"query-input\":{\"@type\":\"PropertyValueSpecification\",\"valueRequired\":true,\"valueName\":\"search_term_string\"}}],\"inLanguage\":\"pt-BR\"},{\"@type\":\"Organization\",\"@id\":\"https:\\\/\\\/beachhandballnews.com\\\/#organization\",\"name\":\"Beach Handball News\",\"url\":\"https:\\\/\\\/beachhandballnews.com\\\/\",\"logo\":{\"@type\":\"ImageObject\",\"inLanguage\":\"pt-BR\",\"@id\":\"https:\\\/\\\/beachhandballnews.com\\\/#\\\/schema\\\/logo\\\/image\\\/\",\"url\":\"https:\\\/\\\/beachhandballnews.com\\\/wp-content\\\/uploads\\\/2022\\\/01\\\/wordpress-logo-bhn-footer.png\",\"contentUrl\":\"https:\\\/\\\/beachhandballnews.com\\\/wp-content\\\/uploads\\\/2022\\\/01\\\/wordpress-logo-bhn-footer.png\",\"width\":152,\"height\":80,\"caption\":\"Beach Handball News\"},\"image\":{\"@id\":\"https:\\\/\\\/beachhandballnews.com\\\/#\\\/schema\\\/logo\\\/image\\\/\"},\"sameAs\":[\"https:\\\/\\\/www.facebook.com\\\/beachhandballnews\",\"https:\\\/\\\/x.com\\\/beachandbalnews\",\"https:\\\/\\\/www.instagram.com\\\/beachhandballnews\\\/\",\"https:\\\/\\\/www.linkedin.com\\\/company\\\/beach-handball-news\"]}]}<\/script>\n<!-- \/ Yoast SEO Premium plugin. -->","yoast_head_json":{"title":"Objetivo - Beach Handball News","description":"Nossa miss\u00e3o \u00e9 unir comunidades globais atrav\u00e9s do esporte, da cultura e de experi\u00eancias \u00fanicas. Todos s\u00e3o bem-vindos aqui.","robots":{"index":"index","follow":"follow","max-snippet":"max-snippet:-1","max-image-preview":"max-image-preview:large","max-video-preview":"max-video-preview:-1"},"canonical":"https:\/\/beachhandballnews.com\/pt_br\/purpose\/","og_locale":"pt_BR","og_type":"article","og_title":"Uniting People","og_description":"Our mission is to unite global communities through sport, culture, and unique experiences. Everyone is welcome here.","og_url":"https:\/\/beachhandballnews.com\/pt_br\/purpose\/","og_site_name":"Beach Handball News","article_publisher":"https:\/\/www.facebook.com\/beachhandballnews","article_modified_time":"2022-09-12T18:28:49+00:00","og_image":[{"url":"https:\/\/beachhandballnews.com\/wp-content\/uploads\/2022\/09\/Eduardo-Villasana.png","type":"","width":"","height":""}],"twitter_card":"summary_large_image","twitter_site":"@beachandbalnews","twitter_misc":{"Est. tempo de leitura":"3 minutos"},"schema":{"@context":"https:\/\/schema.org","@graph":[{"@type":"WebPage","@id":"https:\/\/beachhandballnews.com\/purpose\/","url":"https:\/\/beachhandballnews.com\/purpose\/","name":"Objetivo - Beach Handball News","isPartOf":{"@id":"https:\/\/beachhandballnews.com\/#website"},"primaryImageOfPage":{"@id":"https:\/\/beachhandballnews.com\/purpose\/#primaryimage"},"image":{"@id":"https:\/\/beachhandballnews.com\/purpose\/#primaryimage"},"thumbnailUrl":"https:\/\/beachhandballnews.com\/wp-content\/uploads\/2022\/09\/Eduardo-Villasana.png","datePublished":"2021-09-19T18:06:59+00:00","dateModified":"2022-09-12T18:28:49+00:00","description":"Nossa miss\u00e3o \u00e9 unir comunidades globais atrav\u00e9s do esporte, da cultura e de experi\u00eancias \u00fanicas. Todos s\u00e3o bem-vindos aqui.","breadcrumb":{"@id":"https:\/\/beachhandballnews.com\/purpose\/#breadcrumb"},"inLanguage":"pt-BR","potentialAction":[{"@type":"ReadAction","target":["https:\/\/beachhandballnews.com\/purpose\/"]}]},{"@type":"ImageObject","inLanguage":"pt-BR","@id":"https:\/\/beachhandballnews.com\/purpose\/#primaryimage","url":"https:\/\/beachhandballnews.com\/wp-content\/uploads\/2022\/09\/Eduardo-Villasana.png","contentUrl":"https:\/\/beachhandballnews.com\/wp-content\/uploads\/2022\/09\/Eduardo-Villasana.png"},{"@type":"BreadcrumbList","@id":"https:\/\/beachhandballnews.com\/purpose\/#breadcrumb","itemListElement":[{"@type":"ListItem","position":1,"name":"Home","item":"https:\/\/beachhandballnews.com\/"},{"@type":"ListItem","position":2,"name":"Uniting People"}]},{"@type":"WebSite","@id":"https:\/\/beachhandballnews.com\/#website","url":"https:\/\/beachhandballnews.com\/","name":"Not\u00edcias de Handebol de Praia","description":"Em breve","publisher":{"@id":"https:\/\/beachhandballnews.com\/#organization"},"potentialAction":[{"@type":"SearchAction","target":{"@type":"EntryPoint","urlTemplate":"https:\/\/beachhandballnews.com\/?s={search_term_string}"},"query-input":{"@type":"PropertyValueSpecification","valueRequired":true,"valueName":"search_term_string"}}],"inLanguage":"pt-BR"},{"@type":"Organization","@id":"https:\/\/beachhandballnews.com\/#organization","name":"Not\u00edcias de Handebol de Praia","url":"https:\/\/beachhandballnews.com\/","logo":{"@type":"ImageObject","inLanguage":"pt-BR","@id":"https:\/\/beachhandballnews.com\/#\/schema\/logo\/image\/","url":"https:\/\/beachhandballnews.com\/wp-content\/uploads\/2022\/01\/wordpress-logo-bhn-footer.png","contentUrl":"https:\/\/beachhandballnews.com\/wp-content\/uploads\/2022\/01\/wordpress-logo-bhn-footer.png","width":152,"height":80,"caption":"Beach Handball News"},"image":{"@id":"https:\/\/beachhandballnews.com\/#\/schema\/logo\/image\/"},"sameAs":["https:\/\/www.facebook.com\/beachhandballnews","https:\/\/x.com\/beachandbalnews","https:\/\/www.instagram.com\/beachhandballnews\/","https:\/\/www.linkedin.com\/company\/beach-handball-news"]}]}},"_links":{"self":[{"href":"https:\/\/beachhandballnews.com\/pt_br\/wp-json\/wp\/v2\/pages\/269","targetHints":{"allow":["GET"]}}],"collection":[{"href":"https:\/\/beachhandballnews.com\/pt_br\/wp-json\/wp\/v2\/pages"}],"about":[{"href":"https:\/\/beachhandballnews.com\/pt_br\/wp-json\/wp\/v2\/types\/page"}],"author":[{"embeddable":true,"href":"https:\/\/beachhandballnews.com\/pt_br\/wp-json\/wp\/v2\/users\/1"}],"replies":[{"embeddable":true,"href":"https:\/\/beachhandballnews.com\/pt_br\/wp-json\/wp\/v2\/comments?post=269"}],"version-history":[{"count":0,"href":"https:\/\/beachhandballnews.com\/pt_br\/wp-json\/wp\/v2\/pages\/269\/revisions"}],"wp:attachment":[{"href":"https:\/\/beachhandballnews.com\/pt_br\/wp-json\/wp\/v2\/media?parent=269"}],"curies":[{"name":"wp","href":"https:\/\/api.w.org\/{rel}","templated":true}]}}