{"id":1306,"date":"2021-12-10T22:38:49","date_gmt":"2021-12-11T06:38:49","guid":{"rendered":"https:\/\/beachhandballnews.com\/?page_id=1306"},"modified":"2021-12-10T22:38:53","modified_gmt":"2021-12-11T06:38:53","slug":"bht-petra-plock-wins-pgnig-summer-superliga-2021-in-poland","status":"publish","type":"page","link":"https:\/\/beachhandballnews.com\/zh\/moments\/bht-petra-plock-wins-pgnig-summer-superliga-2021-in-poland\/","title":{"rendered":"BHT Petra P\u0142ock\u8d62\u5f972021\u5e74\u6ce2\u5170PGNiG\u590f\u5b63\u8d85\u7ea7\u8054\u8d5b\u51a0\u519b"},"content":{"rendered":"<figure class=\"wp-block-image size-large\"><img decoding=\"async\" data-src=\"https:\/\/beachhandballnews.com\/wp-content\/uploads\/2021\/10\/BHT_Petra_Plock_wins_PGNiG_Summer_Superliga_2021_in_Poland.jpg\" alt=\"\" src=\"data:image\/svg+xml;base64,PHN2ZyB3aWR0aD0iMSIgaGVpZ2h0PSIxIiB4bWxucz0iaHR0cDovL3d3dy53My5vcmcvMjAwMC9zdmciPjwvc3ZnPg==\" class=\"lazyload\" style=\"--smush-placeholder-width: 1080px; --smush-placeholder-aspect-ratio: 1080\/776;\" \/><figcaption>PGNiG\u590f\u5b63\u8d85\u7ea7\u8054\u8d5b\u8fbe\u6d1b\u79d12021\u5e74\u91d1\u5956\u5f97\u4e3b\u4e0e\u706b\u7130\u3002<\/figcaption><\/figure>\n\n\n\n<p>BHT Petra P\u0142ock\u8d62\u5f97\u4e86\u4ed6\u4eec\u7684\u7b2c\u4e94\u4e2a\u6ce2\u5170\u9526\u6807\u8d5b!<\/p>\n\n\n\n<figure class=\"wp-block-table\"><table><tbody><tr><td>\u56e2\u961f<\/td><td>BHT Petra P\u0142ock<\/td><\/tr><tr><td>\u8d5b\u4e8b\u540d\u79f0<\/td><td>PGNiG\u590f\u5b63\u8d85\u7ea7\u8054\u8d5b<\/td><\/tr><tr><td>\u9526\u6807\u8d5b\u65e5\u671f<\/td><td>2021\u5e748\u670813\u65e5-2021\u5e748\u670814\u65e5<\/td><\/tr><tr><td>\u6bd4\u8d5b\u5730\u70b9<\/td><td>Dar\u0142\u00f3wko Wschodnie, \u6ce2\u5170<\/td><\/tr><tr><td>\u6dd8\u5b9d\u7f51<\/td><td><a href=\"https:\/\/www.instagram.com\/pgnig_summer_superliga\/\">https:\/\/www.instagram.com\/pgnig_summer_superliga\/<\/a><\/td><\/tr><\/tbody><\/table><\/figure>","protected":false},"excerpt":{"rendered":"<p>BHT Petra P\u0142ock wins their 5th Polish Championship! Team BHT Petra P\u0142ock Tournament Name PGNiG Summer Superliga Tournament Dates August 13 2021 &#8211; August 14 2021 Tournament Location Dar\u0142\u00f3wko Wschodnie, [&hellip;]<\/p>\n","protected":false},"author":8,"featured_media":0,"parent":481,"menu_order":0,"comment_status":"closed","ping_status":"closed","template":"","meta":{"content-type":"","footnotes":""},"class_list":["post-1306","page","type-page","status-publish","hentry"],"yoast_head":"<!-- This site is optimized with the Yoast SEO Premium plugin v17.8 (Yoast SEO v27.5) - https:\/\/yoast.com\/product\/yoast-seo-premium-wordpress\/ -->\n<title>BHT Petra P\u0142ock wins PGNiG Summer Superliga 2021 in Poland - Beach Handball News<\/title>\n<meta name=\"robots\" content=\"index, follow, max-snippet:-1, max-image-preview:large, max-video-preview:-1\" \/>\n<link rel=\"canonical\" href=\"https:\/\/beachhandballnews.com\/zh\/moments\/bht-petra-plock-wins-pgnig-summer-superliga-2021-in-poland\/\" \/>\n<meta property=\"og:locale\" content=\"zh_CN\" \/>\n<meta property=\"og:type\" content=\"article\" \/>\n<meta property=\"og:title\" content=\"BHT Petra P\u0142ock wins PGNiG Summer Superliga 2021 in Poland\" \/>\n<meta property=\"og:description\" content=\"BHT Petra P\u0142ock wins their 5th Polish Championship! Team BHT Petra P\u0142ock Tournament Name PGNiG Summer Superliga Tournament Dates August 13 2021 &#8211; August 14 2021 Tournament Location Dar\u0142\u00f3wko Wschodnie, [&hellip;]\" \/>\n<meta property=\"og:url\" content=\"https:\/\/beachhandballnews.com\/zh\/moments\/bht-petra-plock-wins-pgnig-summer-superliga-2021-in-poland\/\" \/>\n<meta property=\"og:site_name\" content=\"Beach Handball News\" \/>\n<meta property=\"article:publisher\" content=\"https:\/\/www.facebook.com\/beachhandballnews\" \/>\n<meta property=\"article:modified_time\" content=\"2021-12-11T06:38:53+00:00\" \/>\n<meta property=\"og:image\" content=\"https:\/\/beachhandballnews.com\/wp-content\/uploads\/2021\/10\/BHT_Petra_Plock_wins_PGNiG_Summer_Superliga_2021_in_Poland.jpg\" \/>\n<meta name=\"twitter:card\" content=\"summary_large_image\" \/>\n<meta name=\"twitter:site\" content=\"@beachandbalnews\" \/>\n<meta name=\"twitter:label1\" content=\"\u9884\u8ba1\u9605\u8bfb\u65f6\u95f4\" \/>\n\t<meta name=\"twitter:data1\" content=\"1 \u5206\" \/>\n<script type=\"application\/ld+json\" class=\"yoast-schema-graph\">{\"@context\":\"https:\\\/\\\/schema.org\",\"@graph\":[{\"@type\":\"WebPage\",\"@id\":\"https:\\\/\\\/beachhandballnews.com\\\/moments\\\/bht-petra-plock-wins-pgnig-summer-superliga-2021-in-poland\\\/\",\"url\":\"https:\\\/\\\/beachhandballnews.com\\\/moments\\\/bht-petra-plock-wins-pgnig-summer-superliga-2021-in-poland\\\/\",\"name\":\"BHT Petra P\u0142ock wins PGNiG Summer Superliga 2021 in Poland - Beach Handball News\",\"isPartOf\":{\"@id\":\"https:\\\/\\\/beachhandballnews.com\\\/#website\"},\"primaryImageOfPage\":{\"@id\":\"https:\\\/\\\/beachhandballnews.com\\\/moments\\\/bht-petra-plock-wins-pgnig-summer-superliga-2021-in-poland\\\/#primaryimage\"},\"image\":{\"@id\":\"https:\\\/\\\/beachhandballnews.com\\\/moments\\\/bht-petra-plock-wins-pgnig-summer-superliga-2021-in-poland\\\/#primaryimage\"},\"thumbnailUrl\":\"https:\\\/\\\/beachhandballnews.com\\\/wp-content\\\/uploads\\\/2021\\\/10\\\/BHT_Petra_Plock_wins_PGNiG_Summer_Superliga_2021_in_Poland.jpg\",\"datePublished\":\"2021-12-11T06:38:49+00:00\",\"dateModified\":\"2021-12-11T06:38:53+00:00\",\"breadcrumb\":{\"@id\":\"https:\\\/\\\/beachhandballnews.com\\\/moments\\\/bht-petra-plock-wins-pgnig-summer-superliga-2021-in-poland\\\/#breadcrumb\"},\"inLanguage\":\"zh-Hans\",\"potentialAction\":[{\"@type\":\"ReadAction\",\"target\":[\"https:\\\/\\\/beachhandballnews.com\\\/moments\\\/bht-petra-plock-wins-pgnig-summer-superliga-2021-in-poland\\\/\"]}]},{\"@type\":\"ImageObject\",\"inLanguage\":\"zh-Hans\",\"@id\":\"https:\\\/\\\/beachhandballnews.com\\\/moments\\\/bht-petra-plock-wins-pgnig-summer-superliga-2021-in-poland\\\/#primaryimage\",\"url\":\"https:\\\/\\\/beachhandballnews.com\\\/wp-content\\\/uploads\\\/2021\\\/10\\\/BHT_Petra_Plock_wins_PGNiG_Summer_Superliga_2021_in_Poland.jpg\",\"contentUrl\":\"https:\\\/\\\/beachhandballnews.com\\\/wp-content\\\/uploads\\\/2021\\\/10\\\/BHT_Petra_Plock_wins_PGNiG_Summer_Superliga_2021_in_Poland.jpg\"},{\"@type\":\"BreadcrumbList\",\"@id\":\"https:\\\/\\\/beachhandballnews.com\\\/moments\\\/bht-petra-plock-wins-pgnig-summer-superliga-2021-in-poland\\\/#breadcrumb\",\"itemListElement\":[{\"@type\":\"ListItem\",\"position\":1,\"name\":\"Home\",\"item\":\"https:\\\/\\\/beachhandballnews.com\\\/\"},{\"@type\":\"ListItem\",\"position\":2,\"name\":\"Moments\",\"item\":\"https:\\\/\\\/beachhandballnews.com\\\/moments\\\/\"},{\"@type\":\"ListItem\",\"position\":3,\"name\":\"BHT Petra P\u0142ock wins PGNiG Summer Superliga 2021 in Poland\"}]},{\"@type\":\"WebSite\",\"@id\":\"https:\\\/\\\/beachhandballnews.com\\\/#website\",\"url\":\"https:\\\/\\\/beachhandballnews.com\\\/\",\"name\":\"Beach Handball News\",\"description\":\"Coming Soon\",\"publisher\":{\"@id\":\"https:\\\/\\\/beachhandballnews.com\\\/#organization\"},\"potentialAction\":[{\"@type\":\"SearchAction\",\"target\":{\"@type\":\"EntryPoint\",\"urlTemplate\":\"https:\\\/\\\/beachhandballnews.com\\\/?s={search_term_string}\"},\"query-input\":{\"@type\":\"PropertyValueSpecification\",\"valueRequired\":true,\"valueName\":\"search_term_string\"}}],\"inLanguage\":\"zh-Hans\"},{\"@type\":\"Organization\",\"@id\":\"https:\\\/\\\/beachhandballnews.com\\\/#organization\",\"name\":\"Beach Handball News\",\"url\":\"https:\\\/\\\/beachhandballnews.com\\\/\",\"logo\":{\"@type\":\"ImageObject\",\"inLanguage\":\"zh-Hans\",\"@id\":\"https:\\\/\\\/beachhandballnews.com\\\/#\\\/schema\\\/logo\\\/image\\\/\",\"url\":\"https:\\\/\\\/beachhandballnews.com\\\/wp-content\\\/uploads\\\/2022\\\/01\\\/wordpress-logo-bhn-footer.png\",\"contentUrl\":\"https:\\\/\\\/beachhandballnews.com\\\/wp-content\\\/uploads\\\/2022\\\/01\\\/wordpress-logo-bhn-footer.png\",\"width\":152,\"height\":80,\"caption\":\"Beach Handball News\"},\"image\":{\"@id\":\"https:\\\/\\\/beachhandballnews.com\\\/#\\\/schema\\\/logo\\\/image\\\/\"},\"sameAs\":[\"https:\\\/\\\/www.facebook.com\\\/beachhandballnews\",\"https:\\\/\\\/x.com\\\/beachandbalnews\",\"https:\\\/\\\/www.instagram.com\\\/beachhandballnews\\\/\",\"https:\\\/\\\/www.linkedin.com\\\/company\\\/beach-handball-news\"]}]}<\/script>\n<!-- \/ Yoast SEO Premium plugin. -->","yoast_head_json":{"title":"BHT Petra P\u0142ock\u8d62\u5f972021\u5e74\u6ce2\u5170PGNiG\u590f\u5b63\u8d85\u7ea7\u8054\u8d5b - \u6c99\u6ee9\u624b\u7403\u65b0\u95fb","robots":{"index":"index","follow":"follow","max-snippet":"max-snippet:-1","max-image-preview":"max-image-preview:large","max-video-preview":"max-video-preview:-1"},"canonical":"https:\/\/beachhandballnews.com\/zh\/moments\/bht-petra-plock-wins-pgnig-summer-superliga-2021-in-poland\/","og_locale":"zh_CN","og_type":"article","og_title":"BHT Petra P\u0142ock wins PGNiG Summer Superliga 2021 in Poland","og_description":"BHT Petra P\u0142ock wins their 5th Polish Championship! Team BHT Petra P\u0142ock Tournament Name PGNiG Summer Superliga Tournament Dates August 13 2021 &#8211; August 14 2021 Tournament Location Dar\u0142\u00f3wko Wschodnie, [&hellip;]","og_url":"https:\/\/beachhandballnews.com\/zh\/moments\/bht-petra-plock-wins-pgnig-summer-superliga-2021-in-poland\/","og_site_name":"Beach Handball News","article_publisher":"https:\/\/www.facebook.com\/beachhandballnews","article_modified_time":"2021-12-11T06:38:53+00:00","og_image":[{"url":"https:\/\/beachhandballnews.com\/wp-content\/uploads\/2021\/10\/BHT_Petra_Plock_wins_PGNiG_Summer_Superliga_2021_in_Poland.jpg","type":"","width":"","height":""}],"twitter_card":"summary_large_image","twitter_site":"@beachandbalnews","twitter_misc":{"\u9884\u8ba1\u9605\u8bfb\u65f6\u95f4":"1 \u5206"},"schema":{"@context":"https:\/\/schema.org","@graph":[{"@type":"WebPage","@id":"https:\/\/beachhandballnews.com\/moments\/bht-petra-plock-wins-pgnig-summer-superliga-2021-in-poland\/","url":"https:\/\/beachhandballnews.com\/moments\/bht-petra-plock-wins-pgnig-summer-superliga-2021-in-poland\/","name":"BHT Petra P\u0142ock\u8d62\u5f972021\u5e74\u6ce2\u5170PGNiG\u590f\u5b63\u8d85\u7ea7\u8054\u8d5b - \u6c99\u6ee9\u624b\u7403\u65b0\u95fb","isPartOf":{"@id":"https:\/\/beachhandballnews.com\/#website"},"primaryImageOfPage":{"@id":"https:\/\/beachhandballnews.com\/moments\/bht-petra-plock-wins-pgnig-summer-superliga-2021-in-poland\/#primaryimage"},"image":{"@id":"https:\/\/beachhandballnews.com\/moments\/bht-petra-plock-wins-pgnig-summer-superliga-2021-in-poland\/#primaryimage"},"thumbnailUrl":"https:\/\/beachhandballnews.com\/wp-content\/uploads\/2021\/10\/BHT_Petra_Plock_wins_PGNiG_Summer_Superliga_2021_in_Poland.jpg","datePublished":"2021-12-11T06:38:49+00:00","dateModified":"2021-12-11T06:38:53+00:00","breadcrumb":{"@id":"https:\/\/beachhandballnews.com\/moments\/bht-petra-plock-wins-pgnig-summer-superliga-2021-in-poland\/#breadcrumb"},"inLanguage":"zh-Hans","potentialAction":[{"@type":"ReadAction","target":["https:\/\/beachhandballnews.com\/moments\/bht-petra-plock-wins-pgnig-summer-superliga-2021-in-poland\/"]}]},{"@type":"ImageObject","inLanguage":"zh-Hans","@id":"https:\/\/beachhandballnews.com\/moments\/bht-petra-plock-wins-pgnig-summer-superliga-2021-in-poland\/#primaryimage","url":"https:\/\/beachhandballnews.com\/wp-content\/uploads\/2021\/10\/BHT_Petra_Plock_wins_PGNiG_Summer_Superliga_2021_in_Poland.jpg","contentUrl":"https:\/\/beachhandballnews.com\/wp-content\/uploads\/2021\/10\/BHT_Petra_Plock_wins_PGNiG_Summer_Superliga_2021_in_Poland.jpg"},{"@type":"BreadcrumbList","@id":"https:\/\/beachhandballnews.com\/moments\/bht-petra-plock-wins-pgnig-summer-superliga-2021-in-poland\/#breadcrumb","itemListElement":[{"@type":"ListItem","position":1,"name":"Home","item":"https:\/\/beachhandballnews.com\/"},{"@type":"ListItem","position":2,"name":"Moments","item":"https:\/\/beachhandballnews.com\/moments\/"},{"@type":"ListItem","position":3,"name":"BHT Petra P\u0142ock wins PGNiG Summer Superliga 2021 in Poland"}]},{"@type":"WebSite","@id":"https:\/\/beachhandballnews.com\/#website","url":"https:\/\/beachhandballnews.com\/","name":"\u6c99\u6ee9\u624b\u7403\u65b0\u95fb","description":"\u5373\u5c06\u63a8\u51fa","publisher":{"@id":"https:\/\/beachhandballnews.com\/#organization"},"potentialAction":[{"@type":"SearchAction","target":{"@type":"EntryPoint","urlTemplate":"https:\/\/beachhandballnews.com\/?s={search_term_string}"},"query-input":{"@type":"PropertyValueSpecification","valueRequired":true,"valueName":"search_term_string"}}],"inLanguage":"zh-Hans"},{"@type":"Organization","@id":"https:\/\/beachhandballnews.com\/#organization","name":"\u6c99\u6ee9\u624b\u7403\u65b0\u95fb","url":"https:\/\/beachhandballnews.com\/","logo":{"@type":"ImageObject","inLanguage":"zh-Hans","@id":"https:\/\/beachhandballnews.com\/#\/schema\/logo\/image\/","url":"https:\/\/beachhandballnews.com\/wp-content\/uploads\/2022\/01\/wordpress-logo-bhn-footer.png","contentUrl":"https:\/\/beachhandballnews.com\/wp-content\/uploads\/2022\/01\/wordpress-logo-bhn-footer.png","width":152,"height":80,"caption":"Beach Handball News"},"image":{"@id":"https:\/\/beachhandballnews.com\/#\/schema\/logo\/image\/"},"sameAs":["https:\/\/www.facebook.com\/beachhandballnews","https:\/\/x.com\/beachandbalnews","https:\/\/www.instagram.com\/beachhandballnews\/","https:\/\/www.linkedin.com\/company\/beach-handball-news"]}]}},"_links":{"self":[{"href":"https:\/\/beachhandballnews.com\/zh\/wp-json\/wp\/v2\/pages\/1306","targetHints":{"allow":["GET"]}}],"collection":[{"href":"https:\/\/beachhandballnews.com\/zh\/wp-json\/wp\/v2\/pages"}],"about":[{"href":"https:\/\/beachhandballnews.com\/zh\/wp-json\/wp\/v2\/types\/page"}],"author":[{"embeddable":true,"href":"https:\/\/beachhandballnews.com\/zh\/wp-json\/wp\/v2\/users\/8"}],"replies":[{"embeddable":true,"href":"https:\/\/beachhandballnews.com\/zh\/wp-json\/wp\/v2\/comments?post=1306"}],"version-history":[{"count":0,"href":"https:\/\/beachhandballnews.com\/zh\/wp-json\/wp\/v2\/pages\/1306\/revisions"}],"up":[{"embeddable":true,"href":"https:\/\/beachhandballnews.com\/zh\/wp-json\/wp\/v2\/pages\/481"}],"wp:attachment":[{"href":"https:\/\/beachhandballnews.com\/zh\/wp-json\/wp\/v2\/media?parent=1306"}],"curies":[{"name":"wp","href":"https:\/\/api.w.org\/{rel}","templated":true}]}}